{"id":6712,"date":"2020-10-26T10:48:51","date_gmt":"2020-10-26T09:48:51","guid":{"rendered":"https:\/\/parafiadebewielkie.pl\/?page_id=6712"},"modified":"2025-11-08T11:42:32","modified_gmt":"2025-11-08T10:42:32","slug":"wspolnota-mlodziezowa-debskie-orly","status":"publish","type":"page","link":"https:\/\/parafiadebewielkie.pl\/?page_id=6712","title":{"rendered":"Wsp\u00f3lnota M\u0142odzie\u017cowa D\u0119bskie Or\u0142y"},"content":{"rendered":"<style type=\"text\/css\"><\/style>\n<figure class=\"wp-block-image size-large is-resized\"><img loading=\"lazy\" decoding=\"async\" width=\"1024\" height=\"1024\" src=\"https:\/\/parafiadebewielkie.pl\/wp-content\/uploads\/2025\/11\/Zrzut-ekranu-2025-11-08-111621-1024x1024.png\" alt=\"\" class=\"wp-image-6707\" style=\"width:356px;height:auto\" srcset=\"https:\/\/parafiadebewielkie.pl\/wp-content\/uploads\/2025\/11\/Zrzut-ekranu-2025-11-08-111621-1024x1024.png 1024w, https:\/\/parafiadebewielkie.pl\/wp-content\/uploads\/2025\/11\/Zrzut-ekranu-2025-11-08-111621-300x300.png 300w, https:\/\/parafiadebewielkie.pl\/wp-content\/uploads\/2025\/11\/Zrzut-ekranu-2025-11-08-111621-150x150.png 150w, https:\/\/parafiadebewielkie.pl\/wp-content\/uploads\/2025\/11\/Zrzut-ekranu-2025-11-08-111621-768x768.png 768w, https:\/\/parafiadebewielkie.pl\/wp-content\/uploads\/2025\/11\/Zrzut-ekranu-2025-11-08-111621-1536x1536.png 1536w, https:\/\/parafiadebewielkie.pl\/wp-content\/uploads\/2025\/11\/Zrzut-ekranu-2025-11-08-111621-70x70.png 70w, https:\/\/parafiadebewielkie.pl\/wp-content\/uploads\/2025\/11\/Zrzut-ekranu-2025-11-08-111621-360x360.png 360w, https:\/\/parafiadebewielkie.pl\/wp-content\/uploads\/2025\/11\/Zrzut-ekranu-2025-11-08-111621-580x580.png 580w, https:\/\/parafiadebewielkie.pl\/wp-content\/uploads\/2025\/11\/Zrzut-ekranu-2025-11-08-111621-860x860.png 860w, https:\/\/parafiadebewielkie.pl\/wp-content\/uploads\/2025\/11\/Zrzut-ekranu-2025-11-08-111621-1160x1160.png 1160w, https:\/\/parafiadebewielkie.pl\/wp-content\/uploads\/2025\/11\/Zrzut-ekranu-2025-11-08-111621-320x320.png 320w, https:\/\/parafiadebewielkie.pl\/wp-content\/uploads\/2025\/11\/Zrzut-ekranu-2025-11-08-111621-480x480.png 480w, https:\/\/parafiadebewielkie.pl\/wp-content\/uploads\/2025\/11\/Zrzut-ekranu-2025-11-08-111621-800x800.png 800w, https:\/\/parafiadebewielkie.pl\/wp-content\/uploads\/2025\/11\/Zrzut-ekranu-2025-11-08-111621-1320x1320.png 1320w, https:\/\/parafiadebewielkie.pl\/wp-content\/uploads\/2025\/11\/Zrzut-ekranu-2025-11-08-111621.png 1611w\" sizes=\"auto, (max-width: 1024px) 100vw, 1024px\" \/><\/figure>\n\n\n\n<p>Nasza wsp\u00f3lnota powsta\u0142a w styczniu 2025 roku, by razem odkrywa\u0107 Boga obecnego w S\u0142owie, w drugim cz\u0142owieku i w codzienno\u015bci.<\/p>\n\n\n\n<p>Pod skrzyd\u0142ami ksi\u0119dza Rogera tworzymy przestrze\u0144, w kt\u00f3rej ka\u017cdy mo\u017ce by\u0107 sob\u0105. Wsp\u00f3lnie poznajemy Boga, rozmawiamy o \u017cyciu, gramy w plansz\u00f3wki, ogl\u0105damy filmy i po prostu sp\u0119dzamy ze sob\u0105 czas. Anga\u017cujemy si\u0119 r\u00f3wnie\u017c w \u017cycie parafii \u2014 za nami ju\u017c m.in. adoracja Krzy\u017ca oraz stworzenie O\u0142tarza na Bo\u017ce Cia\u0142o, a to dopiero pocz\u0105tek!<\/p>\n\n\n\n<p>Spotykamy si\u0119 w ka\u017cd\u0105 niedziel\u0119 o 19:00, a wcze\u015bniej czynnie uczestniczymy we Mszy \u015awi\u0119tej o 18:00, \u015bpiewaj\u0105c i w\u0142\u0105czaj\u0105c si\u0119 w liturgi\u0119.<\/p>\n\n\n\n<p>Dzi\u0119ki \u017cyczliwo\u015bci Parafian mieli\u015bmy okazj\u0119 sp\u0119dzi\u0107 wsp\u00f3lnie weekend formacyjny w Sanktuarium Matki Bo\u017cej Loreta\u0144skiej w Loretto. By\u0142 to czas modlitwy, rozm\u00f3w i budowania wsp\u00f3lnoty.<\/p>\n\n\n\n<figure class=\"wp-block-gallery has-nested-images columns-default is-cropped wp-block-gallery-1 is-layout-flex wp-block-gallery-is-layout-flex\">\n<figure class=\"wp-block-image size-large\"><img loading=\"lazy\" decoding=\"async\" width=\"768\" height=\"1024\" data-id=\"6705\" src=\"https:\/\/parafiadebewielkie.pl\/wp-content\/uploads\/2025\/11\/IMG_7304-768x1024.jpeg\" alt=\"\" class=\"wp-image-6705\" srcset=\"https:\/\/parafiadebewielkie.pl\/wp-content\/uploads\/2025\/11\/IMG_7304-768x1024.jpeg 768w, https:\/\/parafiadebewielkie.pl\/wp-content\/uploads\/2025\/11\/IMG_7304-225x300.jpeg 225w, https:\/\/parafiadebewielkie.pl\/wp-content\/uploads\/2025\/11\/IMG_7304-1152x1536.jpeg 1152w, https:\/\/parafiadebewielkie.pl\/wp-content\/uploads\/2025\/11\/IMG_7304-1536x2048.jpeg 1536w, https:\/\/parafiadebewielkie.pl\/wp-content\/uploads\/2025\/11\/IMG_7304-580x773.jpeg 580w, https:\/\/parafiadebewielkie.pl\/wp-content\/uploads\/2025\/11\/IMG_7304-860x1147.jpeg 860w, https:\/\/parafiadebewielkie.pl\/wp-content\/uploads\/2025\/11\/IMG_7304-1160x1547.jpeg 1160w, https:\/\/parafiadebewielkie.pl\/wp-content\/uploads\/2025\/11\/IMG_7304-320x427.jpeg 320w, https:\/\/parafiadebewielkie.pl\/wp-content\/uploads\/2025\/11\/IMG_7304-480x640.jpeg 480w, https:\/\/parafiadebewielkie.pl\/wp-content\/uploads\/2025\/11\/IMG_7304-800x1067.jpeg 800w, https:\/\/parafiadebewielkie.pl\/wp-content\/uploads\/2025\/11\/IMG_7304-1320x1760.jpeg 1320w, https:\/\/parafiadebewielkie.pl\/wp-content\/uploads\/2025\/11\/IMG_7304-scaled.jpeg 1920w\" sizes=\"auto, (max-width: 768px) 100vw, 768px\" \/><\/figure>\n\n\n\n<figure class=\"wp-block-image size-large\"><img loading=\"lazy\" decoding=\"async\" width=\"768\" height=\"1024\" data-id=\"6704\" src=\"https:\/\/parafiadebewielkie.pl\/wp-content\/uploads\/2025\/11\/IMG_2881-768x1024.jpeg\" alt=\"\" class=\"wp-image-6704\" srcset=\"https:\/\/parafiadebewielkie.pl\/wp-content\/uploads\/2025\/11\/IMG_2881-768x1024.jpeg 768w, https:\/\/parafiadebewielkie.pl\/wp-content\/uploads\/2025\/11\/IMG_2881-225x300.jpeg 225w, https:\/\/parafiadebewielkie.pl\/wp-content\/uploads\/2025\/11\/IMG_2881-1152x1536.jpeg 1152w, https:\/\/parafiadebewielkie.pl\/wp-content\/uploads\/2025\/11\/IMG_2881-1536x2048.jpeg 1536w, https:\/\/parafiadebewielkie.pl\/wp-content\/uploads\/2025\/11\/IMG_2881-580x773.jpeg 580w, https:\/\/parafiadebewielkie.pl\/wp-content\/uploads\/2025\/11\/IMG_2881-860x1147.jpeg 860w, https:\/\/parafiadebewielkie.pl\/wp-content\/uploads\/2025\/11\/IMG_2881-1160x1547.jpeg 1160w, https:\/\/parafiadebewielkie.pl\/wp-content\/uploads\/2025\/11\/IMG_2881-320x427.jpeg 320w, https:\/\/parafiadebewielkie.pl\/wp-content\/uploads\/2025\/11\/IMG_2881-480x640.jpeg 480w, https:\/\/parafiadebewielkie.pl\/wp-content\/uploads\/2025\/11\/IMG_2881-800x1067.jpeg 800w, https:\/\/parafiadebewielkie.pl\/wp-content\/uploads\/2025\/11\/IMG_2881-1320x1760.jpeg 1320w, https:\/\/parafiadebewielkie.pl\/wp-content\/uploads\/2025\/11\/IMG_2881-scaled.jpeg 1920w\" sizes=\"auto, (max-width: 768px) 100vw, 768px\" \/><\/figure>\n\n\n\n<figure class=\"wp-block-image size-large\"><img loading=\"lazy\" decoding=\"async\" width=\"768\" height=\"1024\" data-id=\"6701\" src=\"https:\/\/parafiadebewielkie.pl\/wp-content\/uploads\/2025\/11\/IMG_3450-768x1024.jpeg\" alt=\"\" class=\"wp-image-6701\" srcset=\"https:\/\/parafiadebewielkie.pl\/wp-content\/uploads\/2025\/11\/IMG_3450-768x1024.jpeg 768w, https:\/\/parafiadebewielkie.pl\/wp-content\/uploads\/2025\/11\/IMG_3450-225x300.jpeg 225w, https:\/\/parafiadebewielkie.pl\/wp-content\/uploads\/2025\/11\/IMG_3450-1152x1536.jpeg 1152w, https:\/\/parafiadebewielkie.pl\/wp-content\/uploads\/2025\/11\/IMG_3450-1536x2048.jpeg 1536w, https:\/\/parafiadebewielkie.pl\/wp-content\/uploads\/2025\/11\/IMG_3450-580x773.jpeg 580w, https:\/\/parafiadebewielkie.pl\/wp-content\/uploads\/2025\/11\/IMG_3450-860x1147.jpeg 860w, https:\/\/parafiadebewielkie.pl\/wp-content\/uploads\/2025\/11\/IMG_3450-1160x1547.jpeg 1160w, https:\/\/parafiadebewielkie.pl\/wp-content\/uploads\/2025\/11\/IMG_3450-320x427.jpeg 320w, https:\/\/parafiadebewielkie.pl\/wp-content\/uploads\/2025\/11\/IMG_3450-480x640.jpeg 480w, https:\/\/parafiadebewielkie.pl\/wp-content\/uploads\/2025\/11\/IMG_3450-800x1067.jpeg 800w, https:\/\/parafiadebewielkie.pl\/wp-content\/uploads\/2025\/11\/IMG_3450-1320x1760.jpeg 1320w, https:\/\/parafiadebewielkie.pl\/wp-content\/uploads\/2025\/11\/IMG_3450-scaled.jpeg 1920w\" sizes=\"auto, (max-width: 768px) 100vw, 768px\" \/><\/figure>\n<\/figure>\n\n\n\n<figure class=\"wp-block-gallery has-nested-images columns-default is-cropped wp-block-gallery-2 is-layout-flex wp-block-gallery-is-layout-flex\">\n<figure class=\"wp-block-image size-large\"><img loading=\"lazy\" decoding=\"async\" width=\"1024\" height=\"768\" data-id=\"6702\" src=\"https:\/\/parafiadebewielkie.pl\/wp-content\/uploads\/2025\/11\/IMG_4064-1024x768.jpeg\" alt=\"\" class=\"wp-image-6702\" srcset=\"https:\/\/parafiadebewielkie.pl\/wp-content\/uploads\/2025\/11\/IMG_4064-1024x768.jpeg 1024w, https:\/\/parafiadebewielkie.pl\/wp-content\/uploads\/2025\/11\/IMG_4064-300x225.jpeg 300w, https:\/\/parafiadebewielkie.pl\/wp-content\/uploads\/2025\/11\/IMG_4064-768x576.jpeg 768w, https:\/\/parafiadebewielkie.pl\/wp-content\/uploads\/2025\/11\/IMG_4064-1536x1152.jpeg 1536w, https:\/\/parafiadebewielkie.pl\/wp-content\/uploads\/2025\/11\/IMG_4064-2048x1536.jpeg 2048w, https:\/\/parafiadebewielkie.pl\/wp-content\/uploads\/2025\/11\/IMG_4064-580x435.jpeg 580w, https:\/\/parafiadebewielkie.pl\/wp-content\/uploads\/2025\/11\/IMG_4064-860x645.jpeg 860w, https:\/\/parafiadebewielkie.pl\/wp-content\/uploads\/2025\/11\/IMG_4064-1160x870.jpeg 1160w, https:\/\/parafiadebewielkie.pl\/wp-content\/uploads\/2025\/11\/IMG_4064-320x240.jpeg 320w, https:\/\/parafiadebewielkie.pl\/wp-content\/uploads\/2025\/11\/IMG_4064-480x360.jpeg 480w, https:\/\/parafiadebewielkie.pl\/wp-content\/uploads\/2025\/11\/IMG_4064-800x600.jpeg 800w, https:\/\/parafiadebewielkie.pl\/wp-content\/uploads\/2025\/11\/IMG_4064-1320x990.jpeg 1320w\" sizes=\"auto, (max-width: 1024px) 100vw, 1024px\" \/><\/figure>\n<\/figure>\n","protected":false},"excerpt":{"rendered":"<p>Nasza wsp\u00f3lnota powsta\u0142a w styczniu 2025 roku, by razem odkrywa\u0107 Boga obecnego w S\u0142owie, w drugim cz\u0142owieku i w codzienno\u015bci. Pod skrzyd\u0142ami ksi\u0119dza Rogera tworzymy przestrze\u0144, w kt\u00f3rej ka\u017cdy mo\u017ce by\u0107 sob\u0105. Wsp\u00f3lnie poznajemy Boga, rozmawiamy o \u017cyciu, gramy w plansz\u00f3wki, ogl\u0105damy filmy i po prostu sp\u0119dzamy ze sob\u0105 czas. Anga\u017cujemy si\u0119 r\u00f3wnie\u017c w \u017cycie&#8230;<\/p>\n","protected":false},"author":1,"featured_media":0,"parent":4945,"menu_order":0,"comment_status":"closed","ping_status":"closed","template":"","meta":{"_price":"","_stock":"","_tribe_ticket_header":"","_tribe_default_ticket_provider":"","_tribe_ticket_capacity":"0","_ticket_start_date":"","_ticket_end_date":"","_tribe_ticket_show_description":"","_tribe_ticket_show_not_going":false,"_tribe_ticket_use_global_stock":"","_tribe_ticket_global_stock_level":"","_global_stock_mode":"","_global_stock_cap":"","_tribe_rsvp_for_event":"","_tribe_ticket_going_count":"","_tribe_ticket_not_going_count":"","_tribe_tickets_list":"[]","_tribe_ticket_has_attendee_info_fields":false,"footnotes":""},"class_list":["post-6712","page","type-page","status-publish","hentry"],"yoast_head":"<!-- This site is optimized with the Yoast SEO plugin v27.4 - https:\/\/yoast.com\/product\/yoast-seo-wordpress\/ -->\n<title>Wsp\u00f3lnota M\u0142odzie\u017cowa D\u0119bskie Or\u0142y - Parafia \u015awi\u0119tych Aposto\u0142\u00f3w Piotra i Paw\u0142a w D\u0119bem Wielkim<\/title>\n<meta name=\"robots\" content=\"index, follow, max-snippet:-1, max-image-preview:large, max-video-preview:-1\" \/>\n<link rel=\"canonical\" href=\"https:\/\/parafiadebewielkie.pl\/?page_id=6712\" \/>\n<meta property=\"og:locale\" content=\"pl_PL\" \/>\n<meta property=\"og:type\" content=\"article\" \/>\n<meta property=\"og:title\" content=\"Wsp\u00f3lnota M\u0142odzie\u017cowa D\u0119bskie Or\u0142y - Parafia \u015awi\u0119tych Aposto\u0142\u00f3w Piotra i Paw\u0142a w D\u0119bem Wielkim\" \/>\n<meta property=\"og:description\" content=\"Nasza wsp\u00f3lnota powsta\u0142a w styczniu 2025 roku, by razem odkrywa\u0107 Boga obecnego w S\u0142owie, w drugim cz\u0142owieku i w codzienno\u015bci. Pod skrzyd\u0142ami ksi\u0119dza Rogera tworzymy przestrze\u0144, w kt\u00f3rej ka\u017cdy mo\u017ce by\u0107 sob\u0105. Wsp\u00f3lnie poznajemy Boga, rozmawiamy o \u017cyciu, gramy w plansz\u00f3wki, ogl\u0105damy filmy i po prostu sp\u0119dzamy ze sob\u0105 czas. Anga\u017cujemy si\u0119 r\u00f3wnie\u017c w \u017cycie...\" \/>\n<meta property=\"og:url\" content=\"https:\/\/parafiadebewielkie.pl\/?page_id=6712\" \/>\n<meta property=\"og:site_name\" content=\"Parafia \u015awi\u0119tych Aposto\u0142\u00f3w Piotra i Paw\u0142a w D\u0119bem Wielkim\" \/>\n<meta property=\"article:modified_time\" content=\"2025-11-08T10:42:32+00:00\" \/>\n<meta property=\"og:image\" content=\"https:\/\/parafiadebewielkie.pl\/wp-content\/uploads\/2025\/11\/Zrzut-ekranu-2025-11-08-111621-1024x1024.png\" \/>\n<meta name=\"twitter:card\" content=\"summary_large_image\" \/>\n<meta name=\"twitter:label1\" content=\"Szacowany czas czytania\" \/>\n\t<meta name=\"twitter:data1\" content=\"2 minuty\" \/>\n<script type=\"application\/ld+json\" class=\"yoast-schema-graph\">{\"@context\":\"https:\\\/\\\/schema.org\",\"@graph\":[{\"@type\":\"WebPage\",\"@id\":\"https:\\\/\\\/parafiadebewielkie.pl\\\/?page_id=6712\",\"url\":\"https:\\\/\\\/parafiadebewielkie.pl\\\/?page_id=6712\",\"name\":\"Wsp\u00f3lnota M\u0142odzie\u017cowa D\u0119bskie Or\u0142y - Parafia \u015awi\u0119tych Aposto\u0142\u00f3w Piotra i Paw\u0142a w D\u0119bem Wielkim\",\"isPartOf\":{\"@id\":\"https:\\\/\\\/parafiadebewielkie.pl\\\/#website\"},\"primaryImageOfPage\":{\"@id\":\"https:\\\/\\\/parafiadebewielkie.pl\\\/?page_id=6712#primaryimage\"},\"image\":{\"@id\":\"https:\\\/\\\/parafiadebewielkie.pl\\\/?page_id=6712#primaryimage\"},\"thumbnailUrl\":\"https:\\\/\\\/parafiadebewielkie.pl\\\/wp-content\\\/uploads\\\/2025\\\/11\\\/Zrzut-ekranu-2025-11-08-111621-1024x1024.png\",\"datePublished\":\"2020-10-26T09:48:51+00:00\",\"dateModified\":\"2025-11-08T10:42:32+00:00\",\"breadcrumb\":{\"@id\":\"https:\\\/\\\/parafiadebewielkie.pl\\\/?page_id=6712#breadcrumb\"},\"inLanguage\":\"pl-PL\",\"potentialAction\":[{\"@type\":\"ReadAction\",\"target\":[\"https:\\\/\\\/parafiadebewielkie.pl\\\/?page_id=6712\"]}]},{\"@type\":\"ImageObject\",\"inLanguage\":\"pl-PL\",\"@id\":\"https:\\\/\\\/parafiadebewielkie.pl\\\/?page_id=6712#primaryimage\",\"url\":\"https:\\\/\\\/parafiadebewielkie.pl\\\/wp-content\\\/uploads\\\/2025\\\/11\\\/Zrzut-ekranu-2025-11-08-111621.png\",\"contentUrl\":\"https:\\\/\\\/parafiadebewielkie.pl\\\/wp-content\\\/uploads\\\/2025\\\/11\\\/Zrzut-ekranu-2025-11-08-111621.png\",\"width\":1611,\"height\":1611,\"caption\":\"test\"},{\"@type\":\"BreadcrumbList\",\"@id\":\"https:\\\/\\\/parafiadebewielkie.pl\\\/?page_id=6712#breadcrumb\",\"itemListElement\":[{\"@type\":\"ListItem\",\"position\":1,\"name\":\"Home\",\"item\":\"https:\\\/\\\/parafiadebewielkie.pl\\\/\"},{\"@type\":\"ListItem\",\"position\":2,\"name\":\"Wsp\u00f3lnoty\",\"item\":\"https:\\\/\\\/parafiadebewielkie.pl\\\/?page_id=4945\"},{\"@type\":\"ListItem\",\"position\":3,\"name\":\"Wsp\u00f3lnota M\u0142odzie\u017cowa D\u0119bskie Or\u0142y\"}]},{\"@type\":\"WebSite\",\"@id\":\"https:\\\/\\\/parafiadebewielkie.pl\\\/#website\",\"url\":\"https:\\\/\\\/parafiadebewielkie.pl\\\/\",\"name\":\"Parafia \u015awi\u0119tych Aposto\u0142\u00f3w Piotra i Paw\u0142a w D\u0119bem Wielkim\",\"description\":\"\",\"potentialAction\":[{\"@type\":\"SearchAction\",\"target\":{\"@type\":\"EntryPoint\",\"urlTemplate\":\"https:\\\/\\\/parafiadebewielkie.pl\\\/?s={search_term_string}\"},\"query-input\":{\"@type\":\"PropertyValueSpecification\",\"valueRequired\":true,\"valueName\":\"search_term_string\"}}],\"inLanguage\":\"pl-PL\"}]}<\/script>\n<!-- \/ Yoast SEO plugin. -->","yoast_head_json":{"title":"Wsp\u00f3lnota M\u0142odzie\u017cowa D\u0119bskie Or\u0142y - Parafia \u015awi\u0119tych Aposto\u0142\u00f3w Piotra i Paw\u0142a w D\u0119bem Wielkim","robots":{"index":"index","follow":"follow","max-snippet":"max-snippet:-1","max-image-preview":"max-image-preview:large","max-video-preview":"max-video-preview:-1"},"canonical":"https:\/\/parafiadebewielkie.pl\/?page_id=6712","og_locale":"pl_PL","og_type":"article","og_title":"Wsp\u00f3lnota M\u0142odzie\u017cowa D\u0119bskie Or\u0142y - Parafia \u015awi\u0119tych Aposto\u0142\u00f3w Piotra i Paw\u0142a w D\u0119bem Wielkim","og_description":"Nasza wsp\u00f3lnota powsta\u0142a w styczniu 2025 roku, by razem odkrywa\u0107 Boga obecnego w S\u0142owie, w drugim cz\u0142owieku i w codzienno\u015bci. Pod skrzyd\u0142ami ksi\u0119dza Rogera tworzymy przestrze\u0144, w kt\u00f3rej ka\u017cdy mo\u017ce by\u0107 sob\u0105. Wsp\u00f3lnie poznajemy Boga, rozmawiamy o \u017cyciu, gramy w plansz\u00f3wki, ogl\u0105damy filmy i po prostu sp\u0119dzamy ze sob\u0105 czas. Anga\u017cujemy si\u0119 r\u00f3wnie\u017c w \u017cycie...","og_url":"https:\/\/parafiadebewielkie.pl\/?page_id=6712","og_site_name":"Parafia \u015awi\u0119tych Aposto\u0142\u00f3w Piotra i Paw\u0142a w D\u0119bem Wielkim","article_modified_time":"2025-11-08T10:42:32+00:00","og_image":[{"url":"https:\/\/parafiadebewielkie.pl\/wp-content\/uploads\/2025\/11\/Zrzut-ekranu-2025-11-08-111621-1024x1024.png","type":"","width":"","height":""}],"twitter_card":"summary_large_image","twitter_misc":{"Szacowany czas czytania":"2 minuty"},"schema":{"@context":"https:\/\/schema.org","@graph":[{"@type":"WebPage","@id":"https:\/\/parafiadebewielkie.pl\/?page_id=6712","url":"https:\/\/parafiadebewielkie.pl\/?page_id=6712","name":"Wsp\u00f3lnota M\u0142odzie\u017cowa D\u0119bskie Or\u0142y - Parafia \u015awi\u0119tych Aposto\u0142\u00f3w Piotra i Paw\u0142a w D\u0119bem Wielkim","isPartOf":{"@id":"https:\/\/parafiadebewielkie.pl\/#website"},"primaryImageOfPage":{"@id":"https:\/\/parafiadebewielkie.pl\/?page_id=6712#primaryimage"},"image":{"@id":"https:\/\/parafiadebewielkie.pl\/?page_id=6712#primaryimage"},"thumbnailUrl":"https:\/\/parafiadebewielkie.pl\/wp-content\/uploads\/2025\/11\/Zrzut-ekranu-2025-11-08-111621-1024x1024.png","datePublished":"2020-10-26T09:48:51+00:00","dateModified":"2025-11-08T10:42:32+00:00","breadcrumb":{"@id":"https:\/\/parafiadebewielkie.pl\/?page_id=6712#breadcrumb"},"inLanguage":"pl-PL","potentialAction":[{"@type":"ReadAction","target":["https:\/\/parafiadebewielkie.pl\/?page_id=6712"]}]},{"@type":"ImageObject","inLanguage":"pl-PL","@id":"https:\/\/parafiadebewielkie.pl\/?page_id=6712#primaryimage","url":"https:\/\/parafiadebewielkie.pl\/wp-content\/uploads\/2025\/11\/Zrzut-ekranu-2025-11-08-111621.png","contentUrl":"https:\/\/parafiadebewielkie.pl\/wp-content\/uploads\/2025\/11\/Zrzut-ekranu-2025-11-08-111621.png","width":1611,"height":1611,"caption":"test"},{"@type":"BreadcrumbList","@id":"https:\/\/parafiadebewielkie.pl\/?page_id=6712#breadcrumb","itemListElement":[{"@type":"ListItem","position":1,"name":"Home","item":"https:\/\/parafiadebewielkie.pl\/"},{"@type":"ListItem","position":2,"name":"Wsp\u00f3lnoty","item":"https:\/\/parafiadebewielkie.pl\/?page_id=4945"},{"@type":"ListItem","position":3,"name":"Wsp\u00f3lnota M\u0142odzie\u017cowa D\u0119bskie Or\u0142y"}]},{"@type":"WebSite","@id":"https:\/\/parafiadebewielkie.pl\/#website","url":"https:\/\/parafiadebewielkie.pl\/","name":"Parafia \u015awi\u0119tych Aposto\u0142\u00f3w Piotra i Paw\u0142a w D\u0119bem Wielkim","description":"","potentialAction":[{"@type":"SearchAction","target":{"@type":"EntryPoint","urlTemplate":"https:\/\/parafiadebewielkie.pl\/?s={search_term_string}"},"query-input":{"@type":"PropertyValueSpecification","valueRequired":true,"valueName":"search_term_string"}}],"inLanguage":"pl-PL"}]}},"ticketed":false,"_links":{"self":[{"href":"https:\/\/parafiadebewielkie.pl\/index.php?rest_route=\/wp\/v2\/pages\/6712","targetHints":{"allow":["GET"]}}],"collection":[{"href":"https:\/\/parafiadebewielkie.pl\/index.php?rest_route=\/wp\/v2\/pages"}],"about":[{"href":"https:\/\/parafiadebewielkie.pl\/index.php?rest_route=\/wp\/v2\/types\/page"}],"author":[{"embeddable":true,"href":"https:\/\/parafiadebewielkie.pl\/index.php?rest_route=\/wp\/v2\/users\/1"}],"replies":[{"embeddable":true,"href":"https:\/\/parafiadebewielkie.pl\/index.php?rest_route=%2Fwp%2Fv2%2Fcomments&post=6712"}],"version-history":[{"count":2,"href":"https:\/\/parafiadebewielkie.pl\/index.php?rest_route=\/wp\/v2\/pages\/6712\/revisions"}],"predecessor-version":[{"id":6716,"href":"https:\/\/parafiadebewielkie.pl\/index.php?rest_route=\/wp\/v2\/pages\/6712\/revisions\/6716"}],"up":[{"embeddable":true,"href":"https:\/\/parafiadebewielkie.pl\/index.php?rest_route=\/wp\/v2\/pages\/4945"}],"wp:attachment":[{"href":"https:\/\/parafiadebewielkie.pl\/index.php?rest_route=%2Fwp%2Fv2%2Fmedia&parent=6712"}],"curies":[{"name":"wp","href":"https:\/\/api.w.org\/{rel}","templated":true}]}}