{"id":6472,"date":"2024-12-23T10:22:20","date_gmt":"2024-12-23T09:22:20","guid":{"rendered":"https:\/\/parafiadebewielkie.pl\/?page_id=6472"},"modified":"2024-12-23T10:32:04","modified_gmt":"2024-12-23T09:32:04","slug":"film","status":"publish","type":"page","link":"https:\/\/parafiadebewielkie.pl\/?page_id=6472","title":{"rendered":"Film o parafii"},"content":{"rendered":"<style type=\"text\/css\"><\/style><p><iframe loading=\"lazy\" width=\"1250\" height=\"703\" src=\"https:\/\/www.youtube.com\/embed\/mBq3-yNoqJY\" title=\"Parafia D\u0119be Wielkie\" frameborder=\"0\" allow=\"accelerometer; autoplay; clipboard-write; encrypted-media; gyroscope; picture-in-picture; web-share\" referrerpolicy=\"strict-origin-when-cross-origin\" allowfullscreen><\/iframe><\/p>\n","protected":false},"excerpt":{"rendered":"","protected":false},"author":1,"featured_media":0,"parent":4812,"menu_order":0,"comment_status":"closed","ping_status":"closed","template":"","meta":{"_price":"","_stock":"","_tribe_ticket_header":"","_tribe_default_ticket_provider":"","_tribe_ticket_capacity":"0","_ticket_start_date":"","_ticket_end_date":"","_tribe_ticket_show_description":"","_tribe_ticket_show_not_going":false,"_tribe_ticket_use_global_stock":"","_tribe_ticket_global_stock_level":"","_global_stock_mode":"","_global_stock_cap":"","_tribe_rsvp_for_event":"","_tribe_ticket_going_count":"","_tribe_ticket_not_going_count":"","_tribe_tickets_list":"[]","_tribe_ticket_has_attendee_info_fields":false,"footnotes":""},"class_list":["post-6472","page","type-page","status-publish","hentry"],"yoast_head":"<!-- This site is optimized with the Yoast SEO plugin v27.4 - https:\/\/yoast.com\/product\/yoast-seo-wordpress\/ -->\n<title>Film o parafii - Parafia \u015awi\u0119tych Aposto\u0142\u00f3w Piotra i Paw\u0142a w D\u0119bem Wielkim<\/title>\n<meta name=\"robots\" content=\"index, follow, max-snippet:-1, max-image-preview:large, max-video-preview:-1\" \/>\n<link rel=\"canonical\" href=\"https:\/\/parafiadebewielkie.pl\/?page_id=6472\" \/>\n<meta property=\"og:locale\" content=\"pl_PL\" \/>\n<meta property=\"og:type\" content=\"article\" \/>\n<meta property=\"og:title\" content=\"Film o parafii - Parafia \u015awi\u0119tych Aposto\u0142\u00f3w Piotra i Paw\u0142a w D\u0119bem Wielkim\" \/>\n<meta property=\"og:url\" content=\"https:\/\/parafiadebewielkie.pl\/?page_id=6472\" \/>\n<meta property=\"og:site_name\" content=\"Parafia \u015awi\u0119tych Aposto\u0142\u00f3w Piotra i Paw\u0142a w D\u0119bem Wielkim\" \/>\n<meta property=\"article:modified_time\" content=\"2024-12-23T09:32:04+00:00\" \/>\n<meta name=\"twitter:card\" content=\"summary_large_image\" \/>\n<script type=\"application\/ld+json\" class=\"yoast-schema-graph\">{\"@context\":\"https:\\\/\\\/schema.org\",\"@graph\":[{\"@type\":\"WebPage\",\"@id\":\"https:\\\/\\\/parafiadebewielkie.pl\\\/?page_id=6472\",\"url\":\"https:\\\/\\\/parafiadebewielkie.pl\\\/?page_id=6472\",\"name\":\"Film o parafii - Parafia \u015awi\u0119tych Aposto\u0142\u00f3w Piotra i Paw\u0142a w D\u0119bem Wielkim\",\"isPartOf\":{\"@id\":\"https:\\\/\\\/parafiadebewielkie.pl\\\/#website\"},\"datePublished\":\"2024-12-23T09:22:20+00:00\",\"dateModified\":\"2024-12-23T09:32:04+00:00\",\"breadcrumb\":{\"@id\":\"https:\\\/\\\/parafiadebewielkie.pl\\\/?page_id=6472#breadcrumb\"},\"inLanguage\":\"pl-PL\",\"potentialAction\":[{\"@type\":\"ReadAction\",\"target\":[\"https:\\\/\\\/parafiadebewielkie.pl\\\/?page_id=6472\"]}]},{\"@type\":\"BreadcrumbList\",\"@id\":\"https:\\\/\\\/parafiadebewielkie.pl\\\/?page_id=6472#breadcrumb\",\"itemListElement\":[{\"@type\":\"ListItem\",\"position\":1,\"name\":\"Home\",\"item\":\"https:\\\/\\\/parafiadebewielkie.pl\\\/\"},{\"@type\":\"ListItem\",\"position\":2,\"name\":\"Parafia\",\"item\":\"https:\\\/\\\/parafiadebewielkie.pl\\\/?page_id=4812\"},{\"@type\":\"ListItem\",\"position\":3,\"name\":\"Film o parafii\"}]},{\"@type\":\"WebSite\",\"@id\":\"https:\\\/\\\/parafiadebewielkie.pl\\\/#website\",\"url\":\"https:\\\/\\\/parafiadebewielkie.pl\\\/\",\"name\":\"Parafia \u015awi\u0119tych Aposto\u0142\u00f3w Piotra i Paw\u0142a w D\u0119bem Wielkim\",\"description\":\"\",\"potentialAction\":[{\"@type\":\"SearchAction\",\"target\":{\"@type\":\"EntryPoint\",\"urlTemplate\":\"https:\\\/\\\/parafiadebewielkie.pl\\\/?s={search_term_string}\"},\"query-input\":{\"@type\":\"PropertyValueSpecification\",\"valueRequired\":true,\"valueName\":\"search_term_string\"}}],\"inLanguage\":\"pl-PL\"}]}<\/script>\n<!-- \/ Yoast SEO plugin. -->","yoast_head_json":{"title":"Film o parafii - Parafia \u015awi\u0119tych Aposto\u0142\u00f3w Piotra i Paw\u0142a w D\u0119bem Wielkim","robots":{"index":"index","follow":"follow","max-snippet":"max-snippet:-1","max-image-preview":"max-image-preview:large","max-video-preview":"max-video-preview:-1"},"canonical":"https:\/\/parafiadebewielkie.pl\/?page_id=6472","og_locale":"pl_PL","og_type":"article","og_title":"Film o parafii - Parafia \u015awi\u0119tych Aposto\u0142\u00f3w Piotra i Paw\u0142a w D\u0119bem Wielkim","og_url":"https:\/\/parafiadebewielkie.pl\/?page_id=6472","og_site_name":"Parafia \u015awi\u0119tych Aposto\u0142\u00f3w Piotra i Paw\u0142a w D\u0119bem Wielkim","article_modified_time":"2024-12-23T09:32:04+00:00","twitter_card":"summary_large_image","schema":{"@context":"https:\/\/schema.org","@graph":[{"@type":"WebPage","@id":"https:\/\/parafiadebewielkie.pl\/?page_id=6472","url":"https:\/\/parafiadebewielkie.pl\/?page_id=6472","name":"Film o parafii - Parafia \u015awi\u0119tych Aposto\u0142\u00f3w Piotra i Paw\u0142a w D\u0119bem Wielkim","isPartOf":{"@id":"https:\/\/parafiadebewielkie.pl\/#website"},"datePublished":"2024-12-23T09:22:20+00:00","dateModified":"2024-12-23T09:32:04+00:00","breadcrumb":{"@id":"https:\/\/parafiadebewielkie.pl\/?page_id=6472#breadcrumb"},"inLanguage":"pl-PL","potentialAction":[{"@type":"ReadAction","target":["https:\/\/parafiadebewielkie.pl\/?page_id=6472"]}]},{"@type":"BreadcrumbList","@id":"https:\/\/parafiadebewielkie.pl\/?page_id=6472#breadcrumb","itemListElement":[{"@type":"ListItem","position":1,"name":"Home","item":"https:\/\/parafiadebewielkie.pl\/"},{"@type":"ListItem","position":2,"name":"Parafia","item":"https:\/\/parafiadebewielkie.pl\/?page_id=4812"},{"@type":"ListItem","position":3,"name":"Film o parafii"}]},{"@type":"WebSite","@id":"https:\/\/parafiadebewielkie.pl\/#website","url":"https:\/\/parafiadebewielkie.pl\/","name":"Parafia \u015awi\u0119tych Aposto\u0142\u00f3w Piotra i Paw\u0142a w D\u0119bem Wielkim","description":"","potentialAction":[{"@type":"SearchAction","target":{"@type":"EntryPoint","urlTemplate":"https:\/\/parafiadebewielkie.pl\/?s={search_term_string}"},"query-input":{"@type":"PropertyValueSpecification","valueRequired":true,"valueName":"search_term_string"}}],"inLanguage":"pl-PL"}]}},"ticketed":false,"_links":{"self":[{"href":"https:\/\/parafiadebewielkie.pl\/index.php?rest_route=\/wp\/v2\/pages\/6472","targetHints":{"allow":["GET"]}}],"collection":[{"href":"https:\/\/parafiadebewielkie.pl\/index.php?rest_route=\/wp\/v2\/pages"}],"about":[{"href":"https:\/\/parafiadebewielkie.pl\/index.php?rest_route=\/wp\/v2\/types\/page"}],"author":[{"embeddable":true,"href":"https:\/\/parafiadebewielkie.pl\/index.php?rest_route=\/wp\/v2\/users\/1"}],"replies":[{"embeddable":true,"href":"https:\/\/parafiadebewielkie.pl\/index.php?rest_route=%2Fwp%2Fv2%2Fcomments&post=6472"}],"version-history":[{"count":4,"href":"https:\/\/parafiadebewielkie.pl\/index.php?rest_route=\/wp\/v2\/pages\/6472\/revisions"}],"predecessor-version":[{"id":6476,"href":"https:\/\/parafiadebewielkie.pl\/index.php?rest_route=\/wp\/v2\/pages\/6472\/revisions\/6476"}],"up":[{"embeddable":true,"href":"https:\/\/parafiadebewielkie.pl\/index.php?rest_route=\/wp\/v2\/pages\/4812"}],"wp:attachment":[{"href":"https:\/\/parafiadebewielkie.pl\/index.php?rest_route=%2Fwp%2Fv2%2Fmedia&parent=6472"}],"curies":[{"name":"wp","href":"https:\/\/api.w.org\/{rel}","templated":true}]}}