{"id":6408,"date":"2006-06-09T11:41:20","date_gmt":"2006-06-09T09:41:20","guid":{"rendered":"https:\/\/parafiadebewielkie.pl\/?page_id=6408"},"modified":"2025-08-17T21:36:17","modified_gmt":"2025-08-17T19:36:17","slug":"ochrona-maloletnich","status":"publish","type":"page","link":"https:\/\/parafiadebewielkie.pl\/?page_id=6408","title":{"rendered":"Ochrona ma\u0142oletnich"},"content":{"rendered":"<style type=\"text\/css\"><\/style><p style=\"text-align: center;\"><strong>Ochrona ma\u0142oletnich<\/strong><\/p>\n<p><span style=\"font-weight: 400;\">\u017beby chroni\u0107 dzieci w naszej parafialnej spo\u0142eczno\u015bci przyj\u0119li\u015bmy standardy, czyli wa\u017cne zasady.\u00a0<\/span><\/p>\n<p><span style=\"font-weight: 400;\">Mo\u017cna przeczyta\u0107 je tu: <a href=\"https:\/\/parafiadebewielkie.pl\/wp-content\/uploads\/2025\/06\/standardy_ochrony_maloletnich.pdf\">\u00a0Standardy ochrony ma\u0142oletnich<\/a>\u00a0<\/span><\/p>\n<p><span style=\"font-weight: 400;\">Stworzyli\u015bmy je, poniewa\u017c chcemy, \u017ceby ka\u017cdy w naszej Parafii m\u00f3g\u0142 si\u0119 czu\u0107 dobrze, by\u0142 akceptowany i szanowany. Standardy okre\u015blaj\u0105 r\u00f3wnie\u017c spos\u00f3b reagowania na krzywd\u0119 lub niestosowne zachowanie, a tak\u017ce wyznaczaj\u0105 spos\u00f3b post\u0119powania z osob\u0105 krzywdzon\u0105 i sprawc\u0105.<\/span><\/p>\n<p><span style=\"font-weight: 400;\">W parafii wyznaczone s\u0105 osoby, kt\u00f3re maj\u0105 szczeg\u00f3ln\u0105 odpowiedzialno\u015b\u0107 w zakresie ochrony dzieci przed krzywdzeniem: ksi\u0105dz Proboszcz i ksi\u0105dz Wikariusz, ale jest te\u017c specjalna osoba zaufania publicznego, do kt\u00f3rej mo\u017cna zwr\u00f3ci\u0107 si\u0119 i telefonicznie.<\/span><\/p>\n<p><strong>Adres mailowy do osoby zaufania: .<\/strong><\/p>\n<p><span style=\"font-weight: 400;\">Chcemy powa\u017cnie traktowa\u0107 ka\u017cdy sygna\u0142 \u015bwiadcz\u0105cy o tym, \u017ce dziecko mo\u017ce do\u015bwiadcza\u0107 przemocy ze strony osoby doros\u0142ej lub innego dziecka w parafii i podejmowa\u0107 dzia\u0142ania, kt\u00f3re maj\u0105 na celu jak najszybsze przerwanie krzywdzenia i udzielenie wsparcia osobie, kt\u00f3ra go do\u015bwiadcza.\u00a0<\/span><\/p>\n<p><strong>Szczeg\u00f3lnie wa\u017cn\u0105 cz\u0119\u015bci\u0105 standard\u00f3w s\u0105 zasady bezpiecznych relacji mi\u0119dzy doros\u0142ymi a dzie\u0107mi oraz mi\u0119dzy dzie\u0107mi a dzie\u0107mi. Maj\u0105 one s\u0142u\u017cy\u0107 tworzeniu bezpiecznego i przyjaznego \u015brodowiska. B\u0119dziemy zawsze reagowa\u0107 na przekraczanie i nierespektowanie przyj\u0119tych zasad. Nie chcemy dopuszcza\u0107 stosowania jakiejkolwiek formy przemocy (fizycznej, psychicznej czy seksualnej) przez pracownik\u00f3w, wychowawc\u00f3w, dzieci czy innych cz\u0142onk\u00f3w spo\u0142eczno\u015bci parafialnej.<\/strong><\/p>\n<p><span style=\"font-weight: 400;\">Oto najwa\u017cniejsze zasady obowi\u0105zuj\u0105ce osoby doros\u0142e pracuj\u0105ce w parafii:<\/span><\/p>\n<ul>\n<li style=\"font-weight: 400;\" aria-level=\"1\"><span style=\"font-weight: 400;\">Podejmujemy dzia\u0142ania dla dobra dzieci i w ich najlepszym interesie.<\/span><\/li>\n<\/ul>\n<ul>\n<li style=\"font-weight: 400;\" aria-level=\"1\"><span style=\"font-weight: 400;\">Ka\u017cde dziecko traktujemy z szacunkiem, uwzgl\u0119dniamy jego godno\u015b\u0107, prawo do prywatno\u015bci, a tak\u017ce indywidualne potrzeby, zdolno\u015bci i sytuacj\u0119 \u017cyciow\u0105.<\/span><\/li>\n<\/ul>\n<ul>\n<li style=\"font-weight: 400;\" aria-level=\"1\"><span style=\"font-weight: 400;\">Traktujemy dzieci indywidualnie, ale unikamy niesprawiedliwego faworyzowania wybranego dziecka.<\/span><\/li>\n<\/ul>\n<ul>\n<li style=\"font-weight: 400;\" aria-level=\"1\"><span style=\"font-weight: 400;\">Dbamy o tworzenie odpowiednich relacji z dzie\u0107mi, w\u0142a\u015bciwych dla os\u00f3b doros\u0142ych, opartych na szacunku, zaufaniu i respektowaniu odpowiednich granic w komunikacji i\u00a0kontakcie fizycznym.<\/span><\/li>\n<\/ul>\n<ul>\n<li style=\"font-weight: 400;\" aria-level=\"1\"><span style=\"font-weight: 400;\">Niedopuszczalne jest stosowanie przemocy w jakiejkolwiek formie.<\/span><\/li>\n<\/ul>\n<ul>\n<li style=\"font-weight: 400;\" aria-level=\"1\"><span style=\"font-weight: 400;\">Niedopuszczalne jest nawi\u0105zywanie z dzie\u0107mi jakichkolwiek relacji o charakterze seksualnym czy romantycznym.<\/span><\/li>\n<\/ul>\n<ul>\n<li style=\"font-weight: 400;\" aria-level=\"1\"><span style=\"font-weight: 400;\">Niedopuszczalne jest utrwalanie wizerunku dziecka dla cel\u00f3w prywatnych.<\/span><\/li>\n<\/ul>\n<ul>\n<li style=\"font-weight: 400;\" aria-level=\"1\"><span style=\"font-weight: 400;\">Ka\u017cdy kontakt z dzieckiem jest jawny i wynika z realizacji zada\u0144 i dzia\u0142a\u0144 prowadzonych na rzecz parafii.<\/span><\/li>\n<\/ul>\n<p><span style=\"font-weight: 400;\">W sytuacji, gdy doro\u015bli nie stosuj\u0105 si\u0119 do przyj\u0119tych zasad, \u015bwiadek takiego zachowania mo\u017ce zg\u0142osi\u0107 spraw\u0119 do osoby zaufania, innego pracownika, kt\u00f3rego darzy zaufaniem lub do Proboszcza Parafii.<\/span><\/p>\n<p><b>WA\u017bNE!<\/b><\/p>\n<p><span style=\"font-weight: 400;\">W sytuacji, gdy:<\/span><\/p>\n<ul>\n<li style=\"font-weight: 400;\" aria-level=\"1\"><span style=\"font-weight: 400;\">do\u015bwiadczasz przemocy ze strony osoby doros\u0142ej lub innego dziecka w parafii lub poza ni\u0105,<\/span><\/li>\n<li style=\"font-weight: 400;\" aria-level=\"1\"><span style=\"font-weight: 400;\">jeste\u015b \u015bwiadkiem krzywdzenia innej osoby,<\/span><\/li>\n<li style=\"font-weight: 400;\" aria-level=\"1\"><span style=\"font-weight: 400;\">dzieje si\u0119 co\u015b niepokoj\u0105cego,<\/span><\/li>\n<li style=\"font-weight: 400;\" aria-level=\"1\"><span style=\"font-weight: 400;\">prze\u017cywasz trudne chwile,<\/span><\/li>\n<\/ul>\n<p><span style=\"font-weight: 400;\">mo\u017cesz znale\u017a\u0107 wsparcie. Blisko Ciebie s\u0105 osoby, kt\u00f3re b\u0119d\u0105 umia\u0142y Ci pom\u00f3c.<\/span><\/p>\n<p><span style=\"font-weight: 400;\">Zawsze mo\u017cesz si\u0119 zwr\u00f3ci\u0107 w parafii o pomoc do osoby zaufania; ksi\u0119dza Proboszcza, ksi\u0119dza Wikariusza, innego pracownika Parafii albo innego doros\u0142ego, kt\u00f3remu ufasz.<\/span><\/p>\n<p><span style=\"font-weight: 400;\">Mo\u017cesz te\u017c szuka\u0107 wsparcia poza Parafi\u0105. Warto zna\u0107 telefony zaufania i miejsca, w kt\u00f3rych mo\u017cesz uzyska\u0107 fachow\u0105 pomoc:<\/span><\/p>\n<ul>\n<li style=\"font-weight: 400;\" aria-level=\"1\"><span style=\"font-weight: 400;\">\u00a0<\/span><b>800-12-12-12\u00a0<\/b><span style=\"font-weight: 400;\">\u2013 ca\u0142odobowy Dzieci\u0119cy Telefon Zaufania Rzecznika Praw Dziecka;<\/span><\/li>\n<li style=\"font-weight: 400;\" aria-level=\"1\"><b>116-111\u00a0<\/b><span style=\"font-weight: 400;\">\u2013 ca\u0142odobowy telefon zaufania dla dzieci i m\u0142odzie\u017cy prowadzony przez Fundacj\u0119 Dajemy Dzieciom Si\u0142\u0119;<\/span><\/li>\n<li style=\"font-weight: 400;\" aria-level=\"1\"><span style=\"font-weight: 400;\">\u00a0<\/span><b>112\u00a0<\/b><span style=\"font-weight: 400;\">\u2013 numer alarmowy w sytuacji zagro\u017cenia \u017cycia lub zdrowia.<\/span><\/li>\n<\/ul>\n","protected":false},"excerpt":{"rendered":"<p>Ochrona ma\u0142oletnich \u017beby chroni\u0107 dzieci w naszej parafialnej spo\u0142eczno\u015bci przyj\u0119li\u015bmy standardy, czyli wa\u017cne zasady.\u00a0 Mo\u017cna przeczyta\u0107 je tu: \u00a0Standardy ochrony ma\u0142oletnich\u00a0 Stworzyli\u015bmy je, poniewa\u017c chcemy, \u017ceby ka\u017cdy w naszej Parafii m\u00f3g\u0142 si\u0119 czu\u0107 dobrze, by\u0142 akceptowany i szanowany. Standardy okre\u015blaj\u0105 r\u00f3wnie\u017c spos\u00f3b reagowania na krzywd\u0119 lub niestosowne zachowanie, a tak\u017ce wyznaczaj\u0105 spos\u00f3b post\u0119powania z osob\u0105&#8230;<\/p>\n","protected":false},"author":1,"featured_media":0,"parent":0,"menu_order":0,"comment_status":"closed","ping_status":"closed","template":"","meta":{"_price":"","_stock":"","_tribe_ticket_header":"","_tribe_default_ticket_provider":"","_tribe_ticket_capacity":"0","_ticket_start_date":"","_ticket_end_date":"","_tribe_ticket_show_description":"","_tribe_ticket_show_not_going":false,"_tribe_ticket_use_global_stock":"","_tribe_ticket_global_stock_level":"","_global_stock_mode":"","_global_stock_cap":"","_tribe_rsvp_for_event":"","_tribe_ticket_going_count":"","_tribe_ticket_not_going_count":"","_tribe_tickets_list":"[]","_tribe_ticket_has_attendee_info_fields":false,"footnotes":""},"class_list":["post-6408","page","type-page","status-publish","hentry"],"yoast_head":"<!-- This site is optimized with the Yoast SEO plugin v27.4 - https:\/\/yoast.com\/product\/yoast-seo-wordpress\/ -->\n<title>Ochrona ma\u0142oletnich - Parafia \u015awi\u0119tych Aposto\u0142\u00f3w Piotra i Paw\u0142a w D\u0119bem Wielkim<\/title>\n<meta name=\"robots\" content=\"index, follow, max-snippet:-1, max-image-preview:large, max-video-preview:-1\" \/>\n<link rel=\"canonical\" href=\"https:\/\/parafiadebewielkie.pl\/?page_id=6408\" \/>\n<meta property=\"og:locale\" content=\"pl_PL\" \/>\n<meta property=\"og:type\" content=\"article\" \/>\n<meta property=\"og:title\" content=\"Ochrona ma\u0142oletnich - Parafia \u015awi\u0119tych Aposto\u0142\u00f3w Piotra i Paw\u0142a w D\u0119bem Wielkim\" \/>\n<meta property=\"og:description\" content=\"Ochrona ma\u0142oletnich \u017beby chroni\u0107 dzieci w naszej parafialnej spo\u0142eczno\u015bci przyj\u0119li\u015bmy standardy, czyli wa\u017cne zasady.\u00a0 Mo\u017cna przeczyta\u0107 je tu: \u00a0Standardy ochrony ma\u0142oletnich\u00a0 Stworzyli\u015bmy je, poniewa\u017c chcemy, \u017ceby ka\u017cdy w naszej Parafii m\u00f3g\u0142 si\u0119 czu\u0107 dobrze, by\u0142 akceptowany i szanowany. Standardy okre\u015blaj\u0105 r\u00f3wnie\u017c spos\u00f3b reagowania na krzywd\u0119 lub niestosowne zachowanie, a tak\u017ce wyznaczaj\u0105 spos\u00f3b post\u0119powania z osob\u0105...\" \/>\n<meta property=\"og:url\" content=\"https:\/\/parafiadebewielkie.pl\/?page_id=6408\" \/>\n<meta property=\"og:site_name\" content=\"Parafia \u015awi\u0119tych Aposto\u0142\u00f3w Piotra i Paw\u0142a w D\u0119bem Wielkim\" \/>\n<meta property=\"article:modified_time\" content=\"2025-08-17T19:36:17+00:00\" \/>\n<meta name=\"twitter:card\" content=\"summary_large_image\" \/>\n<meta name=\"twitter:label1\" content=\"Szacowany czas czytania\" \/>\n\t<meta name=\"twitter:data1\" content=\"3 minuty\" \/>\n<script type=\"application\/ld+json\" class=\"yoast-schema-graph\">{\"@context\":\"https:\\\/\\\/schema.org\",\"@graph\":[{\"@type\":\"WebPage\",\"@id\":\"https:\\\/\\\/parafiadebewielkie.pl\\\/?page_id=6408\",\"url\":\"https:\\\/\\\/parafiadebewielkie.pl\\\/?page_id=6408\",\"name\":\"Ochrona ma\u0142oletnich - Parafia \u015awi\u0119tych Aposto\u0142\u00f3w Piotra i Paw\u0142a w D\u0119bem Wielkim\",\"isPartOf\":{\"@id\":\"https:\\\/\\\/parafiadebewielkie.pl\\\/#website\"},\"datePublished\":\"2006-06-09T09:41:20+00:00\",\"dateModified\":\"2025-08-17T19:36:17+00:00\",\"breadcrumb\":{\"@id\":\"https:\\\/\\\/parafiadebewielkie.pl\\\/?page_id=6408#breadcrumb\"},\"inLanguage\":\"pl-PL\",\"potentialAction\":[{\"@type\":\"ReadAction\",\"target\":[\"https:\\\/\\\/parafiadebewielkie.pl\\\/?page_id=6408\"]}]},{\"@type\":\"BreadcrumbList\",\"@id\":\"https:\\\/\\\/parafiadebewielkie.pl\\\/?page_id=6408#breadcrumb\",\"itemListElement\":[{\"@type\":\"ListItem\",\"position\":1,\"name\":\"Home\",\"item\":\"https:\\\/\\\/parafiadebewielkie.pl\\\/\"},{\"@type\":\"ListItem\",\"position\":2,\"name\":\"Ochrona ma\u0142oletnich\"}]},{\"@type\":\"WebSite\",\"@id\":\"https:\\\/\\\/parafiadebewielkie.pl\\\/#website\",\"url\":\"https:\\\/\\\/parafiadebewielkie.pl\\\/\",\"name\":\"Parafia \u015awi\u0119tych Aposto\u0142\u00f3w Piotra i Paw\u0142a w D\u0119bem Wielkim\",\"description\":\"\",\"potentialAction\":[{\"@type\":\"SearchAction\",\"target\":{\"@type\":\"EntryPoint\",\"urlTemplate\":\"https:\\\/\\\/parafiadebewielkie.pl\\\/?s={search_term_string}\"},\"query-input\":{\"@type\":\"PropertyValueSpecification\",\"valueRequired\":true,\"valueName\":\"search_term_string\"}}],\"inLanguage\":\"pl-PL\"}]}<\/script>\n<!-- \/ Yoast SEO plugin. -->","yoast_head_json":{"title":"Ochrona ma\u0142oletnich - Parafia \u015awi\u0119tych Aposto\u0142\u00f3w Piotra i Paw\u0142a w D\u0119bem Wielkim","robots":{"index":"index","follow":"follow","max-snippet":"max-snippet:-1","max-image-preview":"max-image-preview:large","max-video-preview":"max-video-preview:-1"},"canonical":"https:\/\/parafiadebewielkie.pl\/?page_id=6408","og_locale":"pl_PL","og_type":"article","og_title":"Ochrona ma\u0142oletnich - Parafia \u015awi\u0119tych Aposto\u0142\u00f3w Piotra i Paw\u0142a w D\u0119bem Wielkim","og_description":"Ochrona ma\u0142oletnich \u017beby chroni\u0107 dzieci w naszej parafialnej spo\u0142eczno\u015bci przyj\u0119li\u015bmy standardy, czyli wa\u017cne zasady.\u00a0 Mo\u017cna przeczyta\u0107 je tu: \u00a0Standardy ochrony ma\u0142oletnich\u00a0 Stworzyli\u015bmy je, poniewa\u017c chcemy, \u017ceby ka\u017cdy w naszej Parafii m\u00f3g\u0142 si\u0119 czu\u0107 dobrze, by\u0142 akceptowany i szanowany. Standardy okre\u015blaj\u0105 r\u00f3wnie\u017c spos\u00f3b reagowania na krzywd\u0119 lub niestosowne zachowanie, a tak\u017ce wyznaczaj\u0105 spos\u00f3b post\u0119powania z osob\u0105...","og_url":"https:\/\/parafiadebewielkie.pl\/?page_id=6408","og_site_name":"Parafia \u015awi\u0119tych Aposto\u0142\u00f3w Piotra i Paw\u0142a w D\u0119bem Wielkim","article_modified_time":"2025-08-17T19:36:17+00:00","twitter_card":"summary_large_image","twitter_misc":{"Szacowany czas czytania":"3 minuty"},"schema":{"@context":"https:\/\/schema.org","@graph":[{"@type":"WebPage","@id":"https:\/\/parafiadebewielkie.pl\/?page_id=6408","url":"https:\/\/parafiadebewielkie.pl\/?page_id=6408","name":"Ochrona ma\u0142oletnich - Parafia \u015awi\u0119tych Aposto\u0142\u00f3w Piotra i Paw\u0142a w D\u0119bem Wielkim","isPartOf":{"@id":"https:\/\/parafiadebewielkie.pl\/#website"},"datePublished":"2006-06-09T09:41:20+00:00","dateModified":"2025-08-17T19:36:17+00:00","breadcrumb":{"@id":"https:\/\/parafiadebewielkie.pl\/?page_id=6408#breadcrumb"},"inLanguage":"pl-PL","potentialAction":[{"@type":"ReadAction","target":["https:\/\/parafiadebewielkie.pl\/?page_id=6408"]}]},{"@type":"BreadcrumbList","@id":"https:\/\/parafiadebewielkie.pl\/?page_id=6408#breadcrumb","itemListElement":[{"@type":"ListItem","position":1,"name":"Home","item":"https:\/\/parafiadebewielkie.pl\/"},{"@type":"ListItem","position":2,"name":"Ochrona ma\u0142oletnich"}]},{"@type":"WebSite","@id":"https:\/\/parafiadebewielkie.pl\/#website","url":"https:\/\/parafiadebewielkie.pl\/","name":"Parafia \u015awi\u0119tych Aposto\u0142\u00f3w Piotra i Paw\u0142a w D\u0119bem Wielkim","description":"","potentialAction":[{"@type":"SearchAction","target":{"@type":"EntryPoint","urlTemplate":"https:\/\/parafiadebewielkie.pl\/?s={search_term_string}"},"query-input":{"@type":"PropertyValueSpecification","valueRequired":true,"valueName":"search_term_string"}}],"inLanguage":"pl-PL"}]}},"ticketed":false,"_links":{"self":[{"href":"https:\/\/parafiadebewielkie.pl\/index.php?rest_route=\/wp\/v2\/pages\/6408","targetHints":{"allow":["GET"]}}],"collection":[{"href":"https:\/\/parafiadebewielkie.pl\/index.php?rest_route=\/wp\/v2\/pages"}],"about":[{"href":"https:\/\/parafiadebewielkie.pl\/index.php?rest_route=\/wp\/v2\/types\/page"}],"author":[{"embeddable":true,"href":"https:\/\/parafiadebewielkie.pl\/index.php?rest_route=\/wp\/v2\/users\/1"}],"replies":[{"embeddable":true,"href":"https:\/\/parafiadebewielkie.pl\/index.php?rest_route=%2Fwp%2Fv2%2Fcomments&post=6408"}],"version-history":[{"count":11,"href":"https:\/\/parafiadebewielkie.pl\/index.php?rest_route=\/wp\/v2\/pages\/6408\/revisions"}],"predecessor-version":[{"id":6650,"href":"https:\/\/parafiadebewielkie.pl\/index.php?rest_route=\/wp\/v2\/pages\/6408\/revisions\/6650"}],"wp:attachment":[{"href":"https:\/\/parafiadebewielkie.pl\/index.php?rest_route=%2Fwp%2Fv2%2Fmedia&parent=6408"}],"curies":[{"name":"wp","href":"https:\/\/api.w.org\/{rel}","templated":true}]}}