{"id":5911,"date":"2022-05-23T15:09:00","date_gmt":"2022-05-23T13:09:00","guid":{"rendered":"https:\/\/parafiadebewielkie.pl\/?page_id=5911"},"modified":"2024-11-04T14:43:40","modified_gmt":"2024-11-04T13:43:40","slug":"zapytania-ofertowe","status":"publish","type":"page","link":"https:\/\/parafiadebewielkie.pl\/?page_id=5911","title":{"rendered":"Zapytania ofertowe"},"content":{"rendered":"<style type=\"text\/css\"><\/style>\n<p>AKTUALNE:<\/p>\n\n\n\n<figure class=\"wp-block-image size-full\"><img loading=\"lazy\" decoding=\"async\" width=\"786\" height=\"146\" src=\"https:\/\/parafiadebewielkie.pl\/wp-content\/uploads\/2024\/07\/image.png\" alt=\"\" class=\"wp-image-6277\" srcset=\"https:\/\/parafiadebewielkie.pl\/wp-content\/uploads\/2024\/07\/image.png 786w, https:\/\/parafiadebewielkie.pl\/wp-content\/uploads\/2024\/07\/image-300x56.png 300w, https:\/\/parafiadebewielkie.pl\/wp-content\/uploads\/2024\/07\/image-768x143.png 768w, https:\/\/parafiadebewielkie.pl\/wp-content\/uploads\/2024\/07\/image-580x108.png 580w, https:\/\/parafiadebewielkie.pl\/wp-content\/uploads\/2024\/07\/image-320x59.png 320w, https:\/\/parafiadebewielkie.pl\/wp-content\/uploads\/2024\/07\/image-480x89.png 480w\" sizes=\"auto, (max-width: 786px) 100vw, 786px\" \/><\/figure>\n\n\n\n<p class=\"has-text-align-center\">Post\u0119powanie wsp\u00f3\u0142finansowane jest ze \u015brodk\u00f3w:<\/p>\n\n\n\n<p class=\"has-text-align-center\"><strong>RZ\u0104DOWEGO PROGRAMU ODBUDOWY ZABYTK\u00d3W<\/strong><\/p>\n\n\n\n<p><strong>Post\u0119powanie zakupowe pt. \u201ePrace konserwatorskie i zabezpieczaj\u0105ce plebanii Parafii \u015aw. Ap. Piotra i Paw\u0142a w D\u0119bem Wielkim\u201d<\/strong><\/p>\n\n\n\n<p>Parafia \u015aw. Ap. Piotra i Paw\u0142a w D\u0119bem Wielkim informuje o post\u0119powaniu zakupowym na prace konserwatorskie i zabezpieczaj\u0105ce plebanii.<\/p>\n\n\n\n<figure class=\"wp-block-image size-full\"><img loading=\"lazy\" decoding=\"async\" width=\"615\" height=\"259\" src=\"https:\/\/parafiadebewielkie.pl\/wp-content\/uploads\/2024\/07\/image-1.png\" alt=\"\" class=\"wp-image-6279\" srcset=\"https:\/\/parafiadebewielkie.pl\/wp-content\/uploads\/2024\/07\/image-1.png 615w, https:\/\/parafiadebewielkie.pl\/wp-content\/uploads\/2024\/07\/image-1-300x126.png 300w, https:\/\/parafiadebewielkie.pl\/wp-content\/uploads\/2024\/07\/image-1-580x244.png 580w, https:\/\/parafiadebewielkie.pl\/wp-content\/uploads\/2024\/07\/image-1-320x135.png 320w, https:\/\/parafiadebewielkie.pl\/wp-content\/uploads\/2024\/07\/image-1-480x202.png 480w\" sizes=\"auto, (max-width: 615px) 100vw, 615px\" \/><\/figure>\n\n\n\n<p>UWAGA:<\/p>\n\n\n\n<p>Ofert\u0119 wraz z o\u015bwiadczeniami i dokumentami, o kt\u00f3rych mowa w pkt. 9.11 Zapytania Ofertowego z dnia 5 lipca 2024 r. mo\u017cna z\u0142o\u017cy\u0107:<\/p>\n\n\n\n<p>a)&nbsp;&nbsp;&nbsp;za po\u015brednictwem poczty elektronicznej na adres e-mail Zamawiaj\u0105cego:&nbsp;<strong><a href=\"mailto:parafia@debewielkie.pl\" target=\"_blank\" rel=\"noreferrer noopener\">parafia@debewielkie.pl<\/a><\/strong>&nbsp;Ofert\u0119 i inne dokumenty za po\u015brednictwem adresu email Zamawiaj\u0105cego nale\u017cy z\u0142o\u017cy\u0107 w postaci skanu dokumentu zawieraj\u0105cego w\u0142asnor\u0119czny podpis lub w postaci elektronicznej opatrzonej kwalifikowanym podpisem elektronicznym, podpisem zaufanym lub podpisem osobistym.<\/p>\n\n\n\n<p><strong><em>lub<\/em><\/strong><\/p>\n\n\n\n<p>b)&nbsp;&nbsp;<strong>umie\u015bci\u0107 w kopercie\/opakowaniu<\/strong>&nbsp;i zabezpieczy\u0107 w spos\u00f3b uniemo\u017cliwiaj\u0105cy zapoznanie si\u0119 z jej zawarto\u015bci\u0105 bez naruszenia zabezpiecze\u0144 przed up\u0142ywem terminu otwarcia ofert, przy czym oferta winna wp\u0142yn\u0105\u0107 do Zamawiaj\u0105cego na adres: Parafia Rzymskokatolicka pod wezwaniem \u015awi\u0119tych Aposto\u0142\u00f3w Piotra i Paw\u0142a w D\u0119bem Wielkim, ul.&nbsp;Ko\u015bcielna 2, 05-311 D\u0119be Wielkie najp\u00f3\u017aniej&nbsp;<strong>w dniu 5 sierpnia 2024 roku do godz. 11.00.<\/strong>&nbsp;Oferty po tym terminie nie b\u0119d\u0105 rozpatrywane \u2013 uznaje si\u0119 je za z\u0142o\u017cone po wyznaczonym terminie. Na&nbsp;kopercie\/opakowaniu (w tym opakowaniu poczty kurierskiej) nale\u017cy umie\u015bci\u0107 nast\u0119puj\u0105ce oznaczenia:<\/p>\n\n\n\n<figure class=\"wp-block-table\"><table class=\"has-fixed-layout\"><tbody><tr><td><strong>Oferta w post\u0119powaniu prowadzonym w trybie zapytania ofertowego pn.&nbsp;<a><em>\u201ePrace konserwatorskie i zabezpieczaj\u0105ce plebanii Parafii \u015aw. Ap. Piotra i Paw\u0142a w D\u0119bem Wielkim\u201d<\/em><\/a>[1\/2024]<\/strong><strong>\u2013 nie otwiera\u0107 przed dniem 5 sierpnia 2024 r. przed godz. 11.00<\/strong><\/td><\/tr><\/tbody><\/table><\/figure>\n\n\n\n<p>Jednocze\u015bnie Zamawiaj\u0105cy informuje, \u017ce zgodnie z pkt. 10.2 Zapytania Ofertowego z dnia 5 lipca 2024 r. w post\u0119powaniu wezm\u0105 udzia\u0142 tylko te oferty, kt\u00f3re wp\u0142yn\u0105 do Zamawiaj\u0105cego&nbsp;<strong>do dnia 5 sierpnia 2024 r. do godz. 11:00<\/strong>.<\/p>\n\n\n\n<p>Jednocze\u015bnie Zamawiaj\u0105cy informuje o omy\u0142ce pisarskiej w pkt. 9.12 Zapytania Ofertowego z dnia 5 lipca 2024 r., w kt\u00f3rym omy\u0142kowo zosta\u0142a podana data 14 sierpnia 2024 r. przed godz. 11.00 w kwestii dotycz\u0105cej oznaczenia opisu na kopercie. Winno by\u0107 jak powy\u017cej wskazano: nie otwiera\u0107 przed dniem 5 sierpnia 2024 r. przed godz. 11.00.<\/p>\n\n\n\n<div data-wp-interactive=\"core\/file\" class=\"wp-block-file\"><object data-wp-bind--hidden=\"!state.hasPdfPreview\" hidden class=\"wp-block-file__embed\" data=\"https:\/\/parafiadebewielkie.pl\/wp-content\/uploads\/2024\/07\/Zapytanie-ofertowe-Parafia.pdf\" type=\"application\/pdf\" style=\"width:100%;height:200px\" aria-label=\"Osadzone z Zapytanie-ofertowe-Parafia.\"><\/object><a id=\"wp-block-file--media-301caa76-3c43-4a2f-898e-9a6c1e0696dd\" href=\"https:\/\/parafiadebewielkie.pl\/wp-content\/uploads\/2024\/07\/Zapytanie-ofertowe-Parafia.pdf\">Zapytanie-ofertowe-Parafia<\/a><a href=\"https:\/\/parafiadebewielkie.pl\/wp-content\/uploads\/2024\/07\/Zapytanie-ofertowe-Parafia.pdf\" class=\"wp-block-file__button wp-element-button\" download aria-describedby=\"wp-block-file--media-301caa76-3c43-4a2f-898e-9a6c1e0696dd\">Pobierz<\/a><\/div>\n\n\n\n<div data-wp-interactive=\"core\/file\" class=\"wp-block-file\"><object data-wp-bind--hidden=\"!state.hasPdfPreview\" hidden class=\"wp-block-file__embed\" data=\"https:\/\/parafiadebewielkie.pl\/wp-content\/uploads\/2024\/07\/Zalacznik-nr-1-Dokumentacja-projektowa-Przedmiar-robot.pdf\" type=\"application\/pdf\" style=\"width:100%;height:200px\" aria-label=\"Osadzone z Zalacznik-nr-1-Dokumentacja-projektowa-Przedmiar-robot.\"><\/object><a id=\"wp-block-file--media-330a2c18-00c2-45ea-b526-89745f15fad6\" href=\"https:\/\/parafiadebewielkie.pl\/wp-content\/uploads\/2024\/07\/Zalacznik-nr-1-Dokumentacja-projektowa-Przedmiar-robot.pdf\">Zalacznik-nr-1-Dokumentacja-projektowa-Przedmiar-robot<\/a><a href=\"https:\/\/parafiadebewielkie.pl\/wp-content\/uploads\/2024\/07\/Zalacznik-nr-1-Dokumentacja-projektowa-Przedmiar-robot.pdf\" class=\"wp-block-file__button wp-element-button\" download aria-describedby=\"wp-block-file--media-330a2c18-00c2-45ea-b526-89745f15fad6\">Pobierz<\/a><\/div>\n\n\n\n<div data-wp-interactive=\"core\/file\" class=\"wp-block-file\"><object data-wp-bind--hidden=\"!state.hasPdfPreview\" hidden class=\"wp-block-file__embed\" data=\"https:\/\/parafiadebewielkie.pl\/wp-content\/uploads\/2024\/07\/Zalacznik-nr-1-Dokumentacja-projektowa-Projekt-budowlany.pdf\" type=\"application\/pdf\" style=\"width:100%;height:200px\" aria-label=\"Osadzone z Zalacznik-nr-1-Dokumentacja-projektowa-Projekt-budowlany.\"><\/object><a id=\"wp-block-file--media-c7efa64d-eb90-4b2d-8e50-0ca6f3a99cb3\" href=\"https:\/\/parafiadebewielkie.pl\/wp-content\/uploads\/2024\/07\/Zalacznik-nr-1-Dokumentacja-projektowa-Projekt-budowlany.pdf\">Zalacznik-nr-1-Dokumentacja-projektowa-Projekt-budowlany<\/a><a href=\"https:\/\/parafiadebewielkie.pl\/wp-content\/uploads\/2024\/07\/Zalacznik-nr-1-Dokumentacja-projektowa-Projekt-budowlany.pdf\" class=\"wp-block-file__button wp-element-button\" download aria-describedby=\"wp-block-file--media-c7efa64d-eb90-4b2d-8e50-0ca6f3a99cb3\">Pobierz<\/a><\/div>\n\n\n\n<div data-wp-interactive=\"core\/file\" class=\"wp-block-file\"><object data-wp-bind--hidden=\"!state.hasPdfPreview\" hidden class=\"wp-block-file__embed\" data=\"https:\/\/parafiadebewielkie.pl\/wp-content\/uploads\/2024\/07\/Zalacznik-nr-1-Dokumentacja-projektowa-Program-robot-budowlanych.pdf\" type=\"application\/pdf\" style=\"width:100%;height:200px\" aria-label=\"Osadzone z Zalacznik-nr-1-Dokumentacja-projektowa-Program-robot-budowlanych.\"><\/object><a id=\"wp-block-file--media-be6e77eb-a7b4-45a8-8800-9b592bda0928\" href=\"https:\/\/parafiadebewielkie.pl\/wp-content\/uploads\/2024\/07\/Zalacznik-nr-1-Dokumentacja-projektowa-Program-robot-budowlanych.pdf\">Zalacznik-nr-1-Dokumentacja-projektowa-Program-robot-budowlanych<\/a><a href=\"https:\/\/parafiadebewielkie.pl\/wp-content\/uploads\/2024\/07\/Zalacznik-nr-1-Dokumentacja-projektowa-Program-robot-budowlanych.pdf\" class=\"wp-block-file__button wp-element-button\" download aria-describedby=\"wp-block-file--media-be6e77eb-a7b4-45a8-8800-9b592bda0928\">Pobierz<\/a><\/div>\n\n\n\n<div data-wp-interactive=\"core\/file\" class=\"wp-block-file\"><object data-wp-bind--hidden=\"!state.hasPdfPreview\" hidden class=\"wp-block-file__embed\" data=\"https:\/\/parafiadebewielkie.pl\/wp-content\/uploads\/2024\/07\/Zalacznik-nr-2-do-Zapytania-oferowego-Projekt-umowy_v2.pdf\" type=\"application\/pdf\" style=\"width:100%;height:200px\" aria-label=\"Osadzone z Zalacznik-nr-2-do-Zapytania-oferowego-Projekt-umowy_v2.\"><\/object><a id=\"wp-block-file--media-95b41313-2f3c-4659-97e2-c09fb44aff9a\" href=\"https:\/\/parafiadebewielkie.pl\/wp-content\/uploads\/2024\/07\/Zalacznik-nr-2-do-Zapytania-oferowego-Projekt-umowy_v2.pdf\">Zalacznik-nr-2-do-Zapytania-oferowego-Projekt-umowy_v2<\/a><a href=\"https:\/\/parafiadebewielkie.pl\/wp-content\/uploads\/2024\/07\/Zalacznik-nr-2-do-Zapytania-oferowego-Projekt-umowy_v2.pdf\" class=\"wp-block-file__button wp-element-button\" download aria-describedby=\"wp-block-file--media-95b41313-2f3c-4659-97e2-c09fb44aff9a\">Pobierz<\/a><\/div>\n\n\n\n<div class=\"wp-block-file\"><a id=\"wp-block-file--media-765622bd-f86b-4963-825f-32f7f7f61ff6\" href=\"https:\/\/parafiadebewielkie.pl\/wp-content\/uploads\/2024\/07\/Zalacznik-nr-3-do-Zapytania-ofertowego-Wzor-Formularz-ofertowego.doc\">Zalacznik-nr-3-do-Zapytania-ofertowego-Wzor-Formularz-ofertowego<\/a><a href=\"https:\/\/parafiadebewielkie.pl\/wp-content\/uploads\/2024\/07\/Zalacznik-nr-3-do-Zapytania-ofertowego-Wzor-Formularz-ofertowego.doc\" class=\"wp-block-file__button wp-element-button\" download aria-describedby=\"wp-block-file--media-765622bd-f86b-4963-825f-32f7f7f61ff6\">Pobierz<\/a><\/div>\n\n\n\n<div class=\"wp-block-file\"><a id=\"wp-block-file--media-f9eb2bc4-588d-46ee-98bd-8305e1c2a59a\" href=\"https:\/\/parafiadebewielkie.pl\/wp-content\/uploads\/2024\/07\/Zalacznik-nr-4-do-Zapytania-ofertowego-Wzor-wykazu-robot.doc\">Zalacznik-nr-4-do-Zapytania-ofertowego-Wzor-wykazu-robot<\/a><a href=\"https:\/\/parafiadebewielkie.pl\/wp-content\/uploads\/2024\/07\/Zalacznik-nr-4-do-Zapytania-ofertowego-Wzor-wykazu-robot.doc\" class=\"wp-block-file__button wp-element-button\" download aria-describedby=\"wp-block-file--media-f9eb2bc4-588d-46ee-98bd-8305e1c2a59a\">Pobierz<\/a><\/div>\n\n\n\n<div class=\"wp-block-file\"><a id=\"wp-block-file--media-e5a60638-f24b-4381-a477-fbeb6412d07c\" href=\"https:\/\/parafiadebewielkie.pl\/wp-content\/uploads\/2024\/07\/Zalacznik-nr-5-do-Zapytania-ofertowego-Wzor-wykazu-osob.doc\">Zalacznik-nr-5-do-Zapytania-ofertowego-Wzor-wykazu-osob<\/a><a href=\"https:\/\/parafiadebewielkie.pl\/wp-content\/uploads\/2024\/07\/Zalacznik-nr-5-do-Zapytania-ofertowego-Wzor-wykazu-osob.doc\" class=\"wp-block-file__button wp-element-button\" download aria-describedby=\"wp-block-file--media-e5a60638-f24b-4381-a477-fbeb6412d07c\">Pobierz<\/a><\/div>\n\n\n\n<div class=\"wp-block-file\"><a id=\"wp-block-file--media-c3d7a870-3c5a-4b73-8ca2-6d7d4d046c8b\" href=\"https:\/\/parafiadebewielkie.pl\/wp-content\/uploads\/2024\/07\/Zalacznik-nr-6-do-Zapytania-ofertowego-Oswiadczenie-o-braku-podstaw-do-wykluczenia-z-art.-7-ust.docx\">Zalacznik-nr-6-do-Zapytania-ofertowego-Oswiadczenie-o-braku-podstaw-do-wykluczenia-z-art.-7-ust<\/a><a href=\"https:\/\/parafiadebewielkie.pl\/wp-content\/uploads\/2024\/07\/Zalacznik-nr-6-do-Zapytania-ofertowego-Oswiadczenie-o-braku-podstaw-do-wykluczenia-z-art.-7-ust.docx\" class=\"wp-block-file__button wp-element-button\" download aria-describedby=\"wp-block-file--media-c3d7a870-3c5a-4b73-8ca2-6d7d4d046c8b\">Pobierz<\/a><\/div>\n\n\n\n<div data-wp-interactive=\"core\/file\" class=\"wp-block-file\"><object data-wp-bind--hidden=\"!state.hasPdfPreview\" hidden class=\"wp-block-file__embed\" data=\"https:\/\/parafiadebewielkie.pl\/wp-content\/uploads\/2024\/08\/Informacja-z-otwarcia-ofert-2.pdf\" type=\"application\/pdf\" style=\"width:100%;height:200px\" aria-label=\"Osadzone z Informacja z otwarcia ofert.\"><\/object><a id=\"wp-block-file--media-5cdeea6c-e937-4b1d-854e-435ea0400805\" href=\"https:\/\/parafiadebewielkie.pl\/wp-content\/uploads\/2024\/08\/Informacja-z-otwarcia-ofert-2.pdf\">Informacja z otwarcia ofert<\/a><a href=\"https:\/\/parafiadebewielkie.pl\/wp-content\/uploads\/2024\/08\/Informacja-z-otwarcia-ofert-2.pdf\" class=\"wp-block-file__button wp-element-button\" download aria-describedby=\"wp-block-file--media-5cdeea6c-e937-4b1d-854e-435ea0400805\">Pobierz<\/a><\/div>\n\n\n\n<div data-wp-interactive=\"core\/file\" class=\"wp-block-file\"><object data-wp-bind--hidden=\"!state.hasPdfPreview\" hidden class=\"wp-block-file__embed\" data=\"https:\/\/parafiadebewielkie.pl\/wp-content\/uploads\/2024\/08\/Zawiadomienie-o-wyniku-postepowania.pdf\" type=\"application\/pdf\" style=\"width:100%;height:200px\" aria-label=\"Osadzone z Zawiadomienie o wyniku post\u0119powania.\"><\/object><a id=\"wp-block-file--media-b1d29751-56c4-4a65-ba1e-c179574381f1\" href=\"https:\/\/parafiadebewielkie.pl\/wp-content\/uploads\/2024\/08\/Zawiadomienie-o-wyniku-postepowania.pdf\">Zawiadomienie o wyniku post\u0119powania<\/a><a href=\"https:\/\/parafiadebewielkie.pl\/wp-content\/uploads\/2024\/08\/Zawiadomienie-o-wyniku-postepowania.pdf\" class=\"wp-block-file__button wp-element-button\" download aria-describedby=\"wp-block-file--media-b1d29751-56c4-4a65-ba1e-c179574381f1\">Pobierz<\/a><\/div>\n","protected":false},"excerpt":{"rendered":"<p>AKTUALNE: Post\u0119powanie wsp\u00f3\u0142finansowane jest ze \u015brodk\u00f3w: RZ\u0104DOWEGO PROGRAMU ODBUDOWY ZABYTK\u00d3W Post\u0119powanie zakupowe pt. \u201ePrace konserwatorskie i zabezpieczaj\u0105ce plebanii Parafii \u015aw. Ap. Piotra i Paw\u0142a w D\u0119bem Wielkim\u201d Parafia \u015aw. Ap. Piotra i Paw\u0142a w D\u0119bem Wielkim informuje o post\u0119powaniu zakupowym na prace konserwatorskie i zabezpieczaj\u0105ce plebanii. UWAGA: Ofert\u0119 wraz z o\u015bwiadczeniami i dokumentami, o kt\u00f3rych&#8230;<\/p>\n","protected":false},"author":2,"featured_media":0,"parent":0,"menu_order":0,"comment_status":"closed","ping_status":"closed","template":"","meta":{"_price":"","_stock":"","_tribe_ticket_header":"","_tribe_default_ticket_provider":"","_tribe_ticket_capacity":"0","_ticket_start_date":"","_ticket_end_date":"","_tribe_ticket_show_description":"","_tribe_ticket_show_not_going":false,"_tribe_ticket_use_global_stock":"","_tribe_ticket_global_stock_level":"","_global_stock_mode":"","_global_stock_cap":"","_tribe_rsvp_for_event":"","_tribe_ticket_going_count":"","_tribe_ticket_not_going_count":"","_tribe_tickets_list":"[]","_tribe_ticket_has_attendee_info_fields":false,"footnotes":""},"class_list":["post-5911","page","type-page","status-publish","hentry"],"yoast_head":"<!-- This site is optimized with the Yoast SEO plugin v27.4 - https:\/\/yoast.com\/product\/yoast-seo-wordpress\/ -->\n<title>Zapytania ofertowe - Parafia \u015awi\u0119tych Aposto\u0142\u00f3w Piotra i Paw\u0142a w D\u0119bem Wielkim<\/title>\n<meta name=\"description\" content=\"%\" \/>\n<meta name=\"robots\" content=\"index, follow, max-snippet:-1, max-image-preview:large, max-video-preview:-1\" \/>\n<link rel=\"canonical\" href=\"https:\/\/parafiadebewielkie.pl\/?page_id=5911\" \/>\n<meta property=\"og:locale\" content=\"pl_PL\" \/>\n<meta property=\"og:type\" content=\"article\" \/>\n<meta property=\"og:title\" content=\"Zapytania ofertowe - Parafia \u015awi\u0119tych Aposto\u0142\u00f3w Piotra i Paw\u0142a w D\u0119bem Wielkim\" \/>\n<meta property=\"og:description\" content=\"%\" \/>\n<meta property=\"og:url\" content=\"https:\/\/parafiadebewielkie.pl\/?page_id=5911\" \/>\n<meta property=\"og:site_name\" content=\"Parafia \u015awi\u0119tych Aposto\u0142\u00f3w Piotra i Paw\u0142a w D\u0119bem Wielkim\" \/>\n<meta property=\"article:modified_time\" content=\"2024-11-04T13:43:40+00:00\" \/>\n<meta property=\"og:image\" content=\"https:\/\/parafiadebewielkie.pl\/wp-content\/uploads\/2024\/07\/image.png\" \/>\n<meta name=\"twitter:card\" content=\"summary_large_image\" \/>\n<meta name=\"twitter:label1\" content=\"Szacowany czas czytania\" \/>\n\t<meta name=\"twitter:data1\" content=\"3 minuty\" \/>\n<script type=\"application\/ld+json\" class=\"yoast-schema-graph\">{\"@context\":\"https:\\\/\\\/schema.org\",\"@graph\":[{\"@type\":\"WebPage\",\"@id\":\"https:\\\/\\\/parafiadebewielkie.pl\\\/?page_id=5911\",\"url\":\"https:\\\/\\\/parafiadebewielkie.pl\\\/?page_id=5911\",\"name\":\"Zapytania ofertowe - Parafia \u015awi\u0119tych Aposto\u0142\u00f3w Piotra i Paw\u0142a w D\u0119bem Wielkim\",\"isPartOf\":{\"@id\":\"https:\\\/\\\/parafiadebewielkie.pl\\\/#website\"},\"primaryImageOfPage\":{\"@id\":\"https:\\\/\\\/parafiadebewielkie.pl\\\/?page_id=5911#primaryimage\"},\"image\":{\"@id\":\"https:\\\/\\\/parafiadebewielkie.pl\\\/?page_id=5911#primaryimage\"},\"thumbnailUrl\":\"https:\\\/\\\/parafiadebewielkie.pl\\\/wp-content\\\/uploads\\\/2024\\\/07\\\/image.png\",\"datePublished\":\"2022-05-23T13:09:00+00:00\",\"dateModified\":\"2024-11-04T13:43:40+00:00\",\"description\":\"%\",\"breadcrumb\":{\"@id\":\"https:\\\/\\\/parafiadebewielkie.pl\\\/?page_id=5911#breadcrumb\"},\"inLanguage\":\"pl-PL\",\"potentialAction\":[{\"@type\":\"ReadAction\",\"target\":[\"https:\\\/\\\/parafiadebewielkie.pl\\\/?page_id=5911\"]}]},{\"@type\":\"ImageObject\",\"inLanguage\":\"pl-PL\",\"@id\":\"https:\\\/\\\/parafiadebewielkie.pl\\\/?page_id=5911#primaryimage\",\"url\":\"https:\\\/\\\/parafiadebewielkie.pl\\\/wp-content\\\/uploads\\\/2024\\\/07\\\/image.png\",\"contentUrl\":\"https:\\\/\\\/parafiadebewielkie.pl\\\/wp-content\\\/uploads\\\/2024\\\/07\\\/image.png\",\"width\":786,\"height\":146},{\"@type\":\"BreadcrumbList\",\"@id\":\"https:\\\/\\\/parafiadebewielkie.pl\\\/?page_id=5911#breadcrumb\",\"itemListElement\":[{\"@type\":\"ListItem\",\"position\":1,\"name\":\"Home\",\"item\":\"https:\\\/\\\/parafiadebewielkie.pl\\\/\"},{\"@type\":\"ListItem\",\"position\":2,\"name\":\"Zapytania ofertowe\"}]},{\"@type\":\"WebSite\",\"@id\":\"https:\\\/\\\/parafiadebewielkie.pl\\\/#website\",\"url\":\"https:\\\/\\\/parafiadebewielkie.pl\\\/\",\"name\":\"Parafia \u015awi\u0119tych Aposto\u0142\u00f3w Piotra i Paw\u0142a w D\u0119bem Wielkim\",\"description\":\"\",\"potentialAction\":[{\"@type\":\"SearchAction\",\"target\":{\"@type\":\"EntryPoint\",\"urlTemplate\":\"https:\\\/\\\/parafiadebewielkie.pl\\\/?s={search_term_string}\"},\"query-input\":{\"@type\":\"PropertyValueSpecification\",\"valueRequired\":true,\"valueName\":\"search_term_string\"}}],\"inLanguage\":\"pl-PL\"}]}<\/script>\n<!-- \/ Yoast SEO plugin. -->","yoast_head_json":{"title":"Zapytania ofertowe - Parafia \u015awi\u0119tych Aposto\u0142\u00f3w Piotra i Paw\u0142a w D\u0119bem Wielkim","description":"%","robots":{"index":"index","follow":"follow","max-snippet":"max-snippet:-1","max-image-preview":"max-image-preview:large","max-video-preview":"max-video-preview:-1"},"canonical":"https:\/\/parafiadebewielkie.pl\/?page_id=5911","og_locale":"pl_PL","og_type":"article","og_title":"Zapytania ofertowe - Parafia \u015awi\u0119tych Aposto\u0142\u00f3w Piotra i Paw\u0142a w D\u0119bem Wielkim","og_description":"%","og_url":"https:\/\/parafiadebewielkie.pl\/?page_id=5911","og_site_name":"Parafia \u015awi\u0119tych Aposto\u0142\u00f3w Piotra i Paw\u0142a w D\u0119bem Wielkim","article_modified_time":"2024-11-04T13:43:40+00:00","og_image":[{"url":"https:\/\/parafiadebewielkie.pl\/wp-content\/uploads\/2024\/07\/image.png","type":"","width":"","height":""}],"twitter_card":"summary_large_image","twitter_misc":{"Szacowany czas czytania":"3 minuty"},"schema":{"@context":"https:\/\/schema.org","@graph":[{"@type":"WebPage","@id":"https:\/\/parafiadebewielkie.pl\/?page_id=5911","url":"https:\/\/parafiadebewielkie.pl\/?page_id=5911","name":"Zapytania ofertowe - Parafia \u015awi\u0119tych Aposto\u0142\u00f3w Piotra i Paw\u0142a w D\u0119bem Wielkim","isPartOf":{"@id":"https:\/\/parafiadebewielkie.pl\/#website"},"primaryImageOfPage":{"@id":"https:\/\/parafiadebewielkie.pl\/?page_id=5911#primaryimage"},"image":{"@id":"https:\/\/parafiadebewielkie.pl\/?page_id=5911#primaryimage"},"thumbnailUrl":"https:\/\/parafiadebewielkie.pl\/wp-content\/uploads\/2024\/07\/image.png","datePublished":"2022-05-23T13:09:00+00:00","dateModified":"2024-11-04T13:43:40+00:00","description":"%","breadcrumb":{"@id":"https:\/\/parafiadebewielkie.pl\/?page_id=5911#breadcrumb"},"inLanguage":"pl-PL","potentialAction":[{"@type":"ReadAction","target":["https:\/\/parafiadebewielkie.pl\/?page_id=5911"]}]},{"@type":"ImageObject","inLanguage":"pl-PL","@id":"https:\/\/parafiadebewielkie.pl\/?page_id=5911#primaryimage","url":"https:\/\/parafiadebewielkie.pl\/wp-content\/uploads\/2024\/07\/image.png","contentUrl":"https:\/\/parafiadebewielkie.pl\/wp-content\/uploads\/2024\/07\/image.png","width":786,"height":146},{"@type":"BreadcrumbList","@id":"https:\/\/parafiadebewielkie.pl\/?page_id=5911#breadcrumb","itemListElement":[{"@type":"ListItem","position":1,"name":"Home","item":"https:\/\/parafiadebewielkie.pl\/"},{"@type":"ListItem","position":2,"name":"Zapytania ofertowe"}]},{"@type":"WebSite","@id":"https:\/\/parafiadebewielkie.pl\/#website","url":"https:\/\/parafiadebewielkie.pl\/","name":"Parafia \u015awi\u0119tych Aposto\u0142\u00f3w Piotra i Paw\u0142a w D\u0119bem Wielkim","description":"","potentialAction":[{"@type":"SearchAction","target":{"@type":"EntryPoint","urlTemplate":"https:\/\/parafiadebewielkie.pl\/?s={search_term_string}"},"query-input":{"@type":"PropertyValueSpecification","valueRequired":true,"valueName":"search_term_string"}}],"inLanguage":"pl-PL"}]}},"ticketed":false,"_links":{"self":[{"href":"https:\/\/parafiadebewielkie.pl\/index.php?rest_route=\/wp\/v2\/pages\/5911","targetHints":{"allow":["GET"]}}],"collection":[{"href":"https:\/\/parafiadebewielkie.pl\/index.php?rest_route=\/wp\/v2\/pages"}],"about":[{"href":"https:\/\/parafiadebewielkie.pl\/index.php?rest_route=\/wp\/v2\/types\/page"}],"author":[{"embeddable":true,"href":"https:\/\/parafiadebewielkie.pl\/index.php?rest_route=\/wp\/v2\/users\/2"}],"replies":[{"embeddable":true,"href":"https:\/\/parafiadebewielkie.pl\/index.php?rest_route=%2Fwp%2Fv2%2Fcomments&post=5911"}],"version-history":[{"count":10,"href":"https:\/\/parafiadebewielkie.pl\/index.php?rest_route=\/wp\/v2\/pages\/5911\/revisions"}],"predecessor-version":[{"id":6322,"href":"https:\/\/parafiadebewielkie.pl\/index.php?rest_route=\/wp\/v2\/pages\/5911\/revisions\/6322"}],"wp:attachment":[{"href":"https:\/\/parafiadebewielkie.pl\/index.php?rest_route=%2Fwp%2Fv2%2Fmedia&parent=5911"}],"curies":[{"name":"wp","href":"https:\/\/api.w.org\/{rel}","templated":true}]}}