{"id":5641,"date":"2020-10-26T10:48:51","date_gmt":"2020-10-26T09:48:51","guid":{"rendered":"https:\/\/parafiadebewielkie.pl\/?page_id=5641"},"modified":"2025-03-13T13:19:12","modified_gmt":"2025-03-13T12:19:12","slug":"apostolat-zlotej-rozy","status":"publish","type":"page","link":"https:\/\/parafiadebewielkie.pl\/?page_id=5641","title":{"rendered":"Apostolat Z\u0142otej R\u00f3\u017cy"},"content":{"rendered":"<style type=\"text\/css\"><\/style>\n<figure class=\"wp-block-image size-large is-resized\"><img loading=\"lazy\" decoding=\"async\" width=\"480\" height=\"480\" src=\"https:\/\/parafiadebewielkie.pl\/wp-content\/uploads\/2021\/03\/apostolat.jpg\" alt=\"\" class=\"wp-image-5638\" style=\"width:275px;height:275px\" srcset=\"https:\/\/parafiadebewielkie.pl\/wp-content\/uploads\/2021\/03\/apostolat.jpg 480w, https:\/\/parafiadebewielkie.pl\/wp-content\/uploads\/2021\/03\/apostolat-300x300.jpg 300w, https:\/\/parafiadebewielkie.pl\/wp-content\/uploads\/2021\/03\/apostolat-150x150.jpg 150w, https:\/\/parafiadebewielkie.pl\/wp-content\/uploads\/2021\/03\/apostolat-70x70.jpg 70w, https:\/\/parafiadebewielkie.pl\/wp-content\/uploads\/2021\/03\/apostolat-360x360.jpg 360w\" sizes=\"auto, (max-width: 480px) 100vw, 480px\" \/><\/figure>\n\n\n\n<p>Apostolat ,,Modlitwy i Postu Z\u0142ota R\u00f3\u017ca\u201d jest wsp\u00f3lnot\u0105 os\u00f3b \u015bwieckich, kt\u00f3re w duchu mi\u0142o\u015bci i odpowiedzialno\u015bci za Ko\u015bci\u00f3\u0142 otaczaj\u0105 modlitw\u0105 Kap\u0142an\u00f3w i osoby konsekrowane. Apostolat Z\u0142ota R\u00f3\u017ca dzia\u0142a na podstawie kan. 299 oraz kan. 321-326 Kodeksu Prawa Kanonicznego i posiada osobowo\u015b\u0107 prawna w Ko\u015bciele Katolickim.<\/p>\n\n\n\n<p>W naszej Parafii \u015bw. Piotra i Paw\u0142a w D\u0119bem Wielkim s\u0105&nbsp; cztery wsp\u00f3lnoty do kt\u00f3rych nale\u017cy 84 osoby:<\/p>\n\n\n\n<ul class=\"wp-block-list\">\n<li>pierwsza wsp\u00f3lnota Z\u0142otej R\u00f3\u017cy powsta\u0142a w 2012 r. \u2013 animatorem jest p. Teresa Szcz\u0119\u015bniak (tel.: 604-776-621)<\/li>\n\n\n\n<li>druga wsp\u00f3lnota Z\u0142otej R\u00f3\u017cy powsta\u0142a w 2015 r. \u2013 animatorem jest p. Marlena Jackiewicz (tel.: 512-520-499)<\/li>\n\n\n\n<li>trzecia wsp\u00f3lnota Z\u0142otej R\u00f3\u017cy powsta\u0142a w 2017 r. \u2013 animatorem jest p. Marcin \u017baboklicki (tel.: 506-426-222)<\/li>\n\n\n\n<li>czwarta wsp\u00f3lnota Z\u0142otej R\u00f3\u017cy powsta\u0142a w 2021 r. \u2013 animatorem jest p. Agnieszka Pajor (tel. 608-582-878)<\/li>\n<\/ul>\n\n\n\n<p>Podstawow\u0105 wsp\u00f3lnot\u0119 \u201cZ\u0141OTA R\u00d3\u017bA\u201d stanowi grupa 21-osobowa. Pocz\u0105tek modlitwy wsp\u00f3lnotowej zaczyna si\u0119 Msz\u0105 \u015bw. w pierwszy czwartek miesi\u0105ca. Nast\u0119pnie ka\u017cda z os\u00f3b w wybranym przez siebie dniu (wypadaj\u0105cym co 3 tygodnie) ustalonym &nbsp;z animatorem, rozwa\u017ca jedn\u0105 wyznaczon\u0105 na sta\u0142e dla ca\u0142ej wsp\u00f3lnoty tajemnic\u0119 R\u00d3\u017bA\u0143CA \u015aW., KORONK\u0118 do BO\u017bEGO MI\u0141OSIERDZIA, MODLITW\u0118 \u015aW. FAUSTYNY KOWALSKIEJ ZA KAP\u0141AN\u00d3W I MODLITW\u0118 DO MARYI ZA POWO\u0141ANYCH DO KAP\u0141A\u0143STWA \u015aW. JANA PAW\u0141A II.&nbsp; Modlimy si\u0119 w domu (mile widziana modlitwa rodzinna).<\/p>\n\n\n\n<p>W tym\u017ce dniu ka\u017cda z os\u00f3b, ofiarowuje w ni\u017cej podanych intencjach post o chlebie i wodzie lub wyrzeka si\u0119 czego\u015b z pokarm\u00f3w, zbytecznych rozm\u00f3w, film\u00f3w itp.<\/p>\n\n\n\n<p>W tych intencjach mo\u017cna ofiarowa\u0107 udzia\u0142 we Mszy \u015bw., adoracj\u0119 Naj\u015bwi\u0119tszego Sakramentu, cierpienie, prac\u0119, akty strzeliste itp. (wg uznania).<\/p>\n\n\n\n<p><strong>Intencje dnia modlitwy i postu za kap\u0142an\u00f3w&nbsp;&nbsp;&nbsp;&nbsp;&nbsp;&nbsp;&nbsp;&nbsp;&nbsp;&nbsp;&nbsp;&nbsp;&nbsp;&nbsp;&nbsp;&nbsp;&nbsp;&nbsp;&nbsp;&nbsp;&nbsp;&nbsp;&nbsp;&nbsp;&nbsp;&nbsp;&nbsp;&nbsp;&nbsp;&nbsp;&nbsp;&nbsp;&nbsp;&nbsp;&nbsp;&nbsp;&nbsp;&nbsp;&nbsp;&nbsp;&nbsp;&nbsp;&nbsp;&nbsp;&nbsp;&nbsp;&nbsp;&nbsp;&nbsp;&nbsp;&nbsp;&nbsp;&nbsp;&nbsp;&nbsp;&nbsp;&nbsp;&nbsp;&nbsp;&nbsp;&nbsp;&nbsp;&nbsp;&nbsp;&nbsp;&nbsp;&nbsp;&nbsp;&nbsp;&nbsp;&nbsp;&nbsp;&nbsp;&nbsp;&nbsp;&nbsp;&nbsp;&nbsp;&nbsp;&nbsp;&nbsp;&nbsp;&nbsp;&nbsp;&nbsp;&nbsp;&nbsp;&nbsp;&nbsp;&nbsp;&nbsp;&nbsp;&nbsp;&nbsp;&nbsp;&nbsp;&nbsp;&nbsp;&nbsp;&nbsp;&nbsp;&nbsp;&nbsp;&nbsp;&nbsp;&nbsp;&nbsp;&nbsp;&nbsp;&nbsp;&nbsp;&nbsp;<\/strong><\/p>\n\n\n\n<ol class=\"wp-block-list\">\n<li>Dzi\u0119kujemy Bogu za Sakrament Kap\u0142a\u0144stwa.<\/li>\n\n\n\n<li>Prosimy o \u015bwiat\u0142o Ducha \u015awi\u0119tego i \u0142ask\u0119 \u015bwi\u0119to\u015bci kap\u0142an\u00f3w, by byli wierni Bogu, swojemu powo\u0142aniu i m\u00f3wili jednym g\u0142osem Chrystusowym.<\/li>\n\n\n\n<li>Prosimy Ducha \u015awi\u0119tego, by wznieci\u0142 \u015bwiat\u0142o nowych, \u015bwi\u0119tych powo\u0142a\u0144 kap\u0142a\u0144skich, zakonnych i misyjnych.<\/li>\n\n\n\n<li>Prosimy o opiek\u0119 Maryi nad kap\u0142anami i nad osobami konsekrowanymi, w\u0142\u0105cznie z chwiej\u0105cymi si\u0119 w wierze i powo\u0142aniu.<\/li>\n\n\n\n<li>Prosimy o wieczny pok\u00f3j dla zmar\u0142ych kap\u0142an\u00f3w.<\/li>\n\n\n\n<li>Prosimy o wszystkie potrzebne \u0141aski dla Papie\u017ca Franciszka<\/li>\n\n\n\n<li>Modlimy si\u0119 o rych\u0142\u0105 beatyfikacj\u0119 s\u0142ug Bo\u017cych kap\u0142a\u0144skich i zakonnych, zw\u0142aszcza  Augusta Hlonda i biskupa Ignacego \u015awirskiego oraz o kanonizacj\u0119 ks. Micha\u0142a Sopo\u0107ko, ks. Jerzego Popie\u0142uszki i Stefana Kardyna\u0142a Wyszy\u0144skiego.<\/li>\n<\/ol>\n\n\n\n<p>Wi\u0119cej informacji mo\u017cna znale\u017a\u0107 na stronie internetowej&nbsp;<a href=\"http:\/\/apostolat-zlotaroza.pl\/\" target=\"_blank\" rel=\"noreferrer noopener\">apostolat-zlotaroza.pl<\/a><\/p>\n\n\n\n<p>Osoby, kt\u00f3re pragn\u0105 modli\u0107 si\u0119 we wsp\u00f3lnocie Apostolatu Z\u0142ota R\u00f3\u017ca proszone s\u0105 o kontakt telefoniczny z w\/w animatorami.<\/p>\n","protected":false},"excerpt":{"rendered":"<p>Apostolat ,,Modlitwy i Postu Z\u0142ota R\u00f3\u017ca\u201d jest wsp\u00f3lnot\u0105 os\u00f3b \u015bwieckich, kt\u00f3re w duchu mi\u0142o\u015bci i odpowiedzialno\u015bci za Ko\u015bci\u00f3\u0142 otaczaj\u0105 modlitw\u0105 Kap\u0142an\u00f3w i osoby konsekrowane. Apostolat Z\u0142ota R\u00f3\u017ca dzia\u0142a na podstawie kan. 299 oraz kan. 321-326 Kodeksu Prawa Kanonicznego i posiada osobowo\u015b\u0107 prawna w Ko\u015bciele Katolickim. W naszej Parafii \u015bw. Piotra i Paw\u0142a w D\u0119bem Wielkim&#8230;<\/p>\n","protected":false},"author":1,"featured_media":0,"parent":4945,"menu_order":0,"comment_status":"closed","ping_status":"closed","template":"","meta":{"_price":"","_stock":"","_tribe_ticket_header":"","_tribe_default_ticket_provider":"","_tribe_ticket_capacity":"0","_ticket_start_date":"","_ticket_end_date":"","_tribe_ticket_show_description":"","_tribe_ticket_show_not_going":false,"_tribe_ticket_use_global_stock":"","_tribe_ticket_global_stock_level":"","_global_stock_mode":"","_global_stock_cap":"","_tribe_rsvp_for_event":"","_tribe_ticket_going_count":"","_tribe_ticket_not_going_count":"","_tribe_tickets_list":"[]","_tribe_ticket_has_attendee_info_fields":false,"footnotes":""},"class_list":["post-5641","page","type-page","status-publish","hentry"],"yoast_head":"<!-- This site is optimized with the Yoast SEO plugin v27.4 - https:\/\/yoast.com\/product\/yoast-seo-wordpress\/ -->\n<title>Apostolat Z\u0142otej R\u00f3\u017cy - Parafia \u015awi\u0119tych Aposto\u0142\u00f3w Piotra i Paw\u0142a w D\u0119bem Wielkim<\/title>\n<meta name=\"robots\" content=\"index, follow, max-snippet:-1, max-image-preview:large, max-video-preview:-1\" \/>\n<link rel=\"canonical\" href=\"https:\/\/parafiadebewielkie.pl\/?page_id=5641\" \/>\n<meta property=\"og:locale\" content=\"pl_PL\" \/>\n<meta property=\"og:type\" content=\"article\" \/>\n<meta property=\"og:title\" content=\"Apostolat Z\u0142otej R\u00f3\u017cy - Parafia \u015awi\u0119tych Aposto\u0142\u00f3w Piotra i Paw\u0142a w D\u0119bem Wielkim\" \/>\n<meta property=\"og:description\" content=\"Apostolat ,,Modlitwy i Postu Z\u0142ota R\u00f3\u017ca\u201d jest wsp\u00f3lnot\u0105 os\u00f3b \u015bwieckich, kt\u00f3re w duchu mi\u0142o\u015bci i odpowiedzialno\u015bci za Ko\u015bci\u00f3\u0142 otaczaj\u0105 modlitw\u0105 Kap\u0142an\u00f3w i osoby konsekrowane. Apostolat Z\u0142ota R\u00f3\u017ca dzia\u0142a na podstawie kan. 299 oraz kan. 321-326 Kodeksu Prawa Kanonicznego i posiada osobowo\u015b\u0107 prawna w Ko\u015bciele Katolickim. W naszej Parafii \u015bw. Piotra i Paw\u0142a w D\u0119bem Wielkim...\" \/>\n<meta property=\"og:url\" content=\"https:\/\/parafiadebewielkie.pl\/?page_id=5641\" \/>\n<meta property=\"og:site_name\" content=\"Parafia \u015awi\u0119tych Aposto\u0142\u00f3w Piotra i Paw\u0142a w D\u0119bem Wielkim\" \/>\n<meta property=\"article:modified_time\" content=\"2025-03-13T12:19:12+00:00\" \/>\n<meta property=\"og:image\" content=\"https:\/\/parafiadebewielkie.pl\/wp-content\/uploads\/2021\/03\/apostolat.jpg\" \/>\n<meta name=\"twitter:card\" content=\"summary_large_image\" \/>\n<meta name=\"twitter:label1\" content=\"Szacowany czas czytania\" \/>\n\t<meta name=\"twitter:data1\" content=\"3 minuty\" \/>\n<script type=\"application\/ld+json\" class=\"yoast-schema-graph\">{\"@context\":\"https:\\\/\\\/schema.org\",\"@graph\":[{\"@type\":\"WebPage\",\"@id\":\"https:\\\/\\\/parafiadebewielkie.pl\\\/?page_id=5641\",\"url\":\"https:\\\/\\\/parafiadebewielkie.pl\\\/?page_id=5641\",\"name\":\"Apostolat Z\u0142otej R\u00f3\u017cy - Parafia \u015awi\u0119tych Aposto\u0142\u00f3w Piotra i Paw\u0142a w D\u0119bem Wielkim\",\"isPartOf\":{\"@id\":\"https:\\\/\\\/parafiadebewielkie.pl\\\/#website\"},\"primaryImageOfPage\":{\"@id\":\"https:\\\/\\\/parafiadebewielkie.pl\\\/?page_id=5641#primaryimage\"},\"image\":{\"@id\":\"https:\\\/\\\/parafiadebewielkie.pl\\\/?page_id=5641#primaryimage\"},\"thumbnailUrl\":\"https:\\\/\\\/parafiadebewielkie.pl\\\/wp-content\\\/uploads\\\/2021\\\/03\\\/apostolat.jpg\",\"datePublished\":\"2020-10-26T09:48:51+00:00\",\"dateModified\":\"2025-03-13T12:19:12+00:00\",\"breadcrumb\":{\"@id\":\"https:\\\/\\\/parafiadebewielkie.pl\\\/?page_id=5641#breadcrumb\"},\"inLanguage\":\"pl-PL\",\"potentialAction\":[{\"@type\":\"ReadAction\",\"target\":[\"https:\\\/\\\/parafiadebewielkie.pl\\\/?page_id=5641\"]}]},{\"@type\":\"ImageObject\",\"inLanguage\":\"pl-PL\",\"@id\":\"https:\\\/\\\/parafiadebewielkie.pl\\\/?page_id=5641#primaryimage\",\"url\":\"https:\\\/\\\/parafiadebewielkie.pl\\\/wp-content\\\/uploads\\\/2021\\\/03\\\/apostolat.jpg\",\"contentUrl\":\"https:\\\/\\\/parafiadebewielkie.pl\\\/wp-content\\\/uploads\\\/2021\\\/03\\\/apostolat.jpg\",\"width\":480,\"height\":480},{\"@type\":\"BreadcrumbList\",\"@id\":\"https:\\\/\\\/parafiadebewielkie.pl\\\/?page_id=5641#breadcrumb\",\"itemListElement\":[{\"@type\":\"ListItem\",\"position\":1,\"name\":\"Home\",\"item\":\"https:\\\/\\\/parafiadebewielkie.pl\\\/\"},{\"@type\":\"ListItem\",\"position\":2,\"name\":\"Wsp\u00f3lnoty\",\"item\":\"https:\\\/\\\/parafiadebewielkie.pl\\\/?page_id=4945\"},{\"@type\":\"ListItem\",\"position\":3,\"name\":\"Apostolat Z\u0142otej R\u00f3\u017cy\"}]},{\"@type\":\"WebSite\",\"@id\":\"https:\\\/\\\/parafiadebewielkie.pl\\\/#website\",\"url\":\"https:\\\/\\\/parafiadebewielkie.pl\\\/\",\"name\":\"Parafia \u015awi\u0119tych Aposto\u0142\u00f3w Piotra i Paw\u0142a w D\u0119bem Wielkim\",\"description\":\"\",\"potentialAction\":[{\"@type\":\"SearchAction\",\"target\":{\"@type\":\"EntryPoint\",\"urlTemplate\":\"https:\\\/\\\/parafiadebewielkie.pl\\\/?s={search_term_string}\"},\"query-input\":{\"@type\":\"PropertyValueSpecification\",\"valueRequired\":true,\"valueName\":\"search_term_string\"}}],\"inLanguage\":\"pl-PL\"}]}<\/script>\n<!-- \/ Yoast SEO plugin. -->","yoast_head_json":{"title":"Apostolat Z\u0142otej R\u00f3\u017cy - Parafia \u015awi\u0119tych Aposto\u0142\u00f3w Piotra i Paw\u0142a w D\u0119bem Wielkim","robots":{"index":"index","follow":"follow","max-snippet":"max-snippet:-1","max-image-preview":"max-image-preview:large","max-video-preview":"max-video-preview:-1"},"canonical":"https:\/\/parafiadebewielkie.pl\/?page_id=5641","og_locale":"pl_PL","og_type":"article","og_title":"Apostolat Z\u0142otej R\u00f3\u017cy - Parafia \u015awi\u0119tych Aposto\u0142\u00f3w Piotra i Paw\u0142a w D\u0119bem Wielkim","og_description":"Apostolat ,,Modlitwy i Postu Z\u0142ota R\u00f3\u017ca\u201d jest wsp\u00f3lnot\u0105 os\u00f3b \u015bwieckich, kt\u00f3re w duchu mi\u0142o\u015bci i odpowiedzialno\u015bci za Ko\u015bci\u00f3\u0142 otaczaj\u0105 modlitw\u0105 Kap\u0142an\u00f3w i osoby konsekrowane. Apostolat Z\u0142ota R\u00f3\u017ca dzia\u0142a na podstawie kan. 299 oraz kan. 321-326 Kodeksu Prawa Kanonicznego i posiada osobowo\u015b\u0107 prawna w Ko\u015bciele Katolickim. W naszej Parafii \u015bw. Piotra i Paw\u0142a w D\u0119bem Wielkim...","og_url":"https:\/\/parafiadebewielkie.pl\/?page_id=5641","og_site_name":"Parafia \u015awi\u0119tych Aposto\u0142\u00f3w Piotra i Paw\u0142a w D\u0119bem Wielkim","article_modified_time":"2025-03-13T12:19:12+00:00","og_image":[{"url":"https:\/\/parafiadebewielkie.pl\/wp-content\/uploads\/2021\/03\/apostolat.jpg","type":"","width":"","height":""}],"twitter_card":"summary_large_image","twitter_misc":{"Szacowany czas czytania":"3 minuty"},"schema":{"@context":"https:\/\/schema.org","@graph":[{"@type":"WebPage","@id":"https:\/\/parafiadebewielkie.pl\/?page_id=5641","url":"https:\/\/parafiadebewielkie.pl\/?page_id=5641","name":"Apostolat Z\u0142otej R\u00f3\u017cy - Parafia \u015awi\u0119tych Aposto\u0142\u00f3w Piotra i Paw\u0142a w D\u0119bem Wielkim","isPartOf":{"@id":"https:\/\/parafiadebewielkie.pl\/#website"},"primaryImageOfPage":{"@id":"https:\/\/parafiadebewielkie.pl\/?page_id=5641#primaryimage"},"image":{"@id":"https:\/\/parafiadebewielkie.pl\/?page_id=5641#primaryimage"},"thumbnailUrl":"https:\/\/parafiadebewielkie.pl\/wp-content\/uploads\/2021\/03\/apostolat.jpg","datePublished":"2020-10-26T09:48:51+00:00","dateModified":"2025-03-13T12:19:12+00:00","breadcrumb":{"@id":"https:\/\/parafiadebewielkie.pl\/?page_id=5641#breadcrumb"},"inLanguage":"pl-PL","potentialAction":[{"@type":"ReadAction","target":["https:\/\/parafiadebewielkie.pl\/?page_id=5641"]}]},{"@type":"ImageObject","inLanguage":"pl-PL","@id":"https:\/\/parafiadebewielkie.pl\/?page_id=5641#primaryimage","url":"https:\/\/parafiadebewielkie.pl\/wp-content\/uploads\/2021\/03\/apostolat.jpg","contentUrl":"https:\/\/parafiadebewielkie.pl\/wp-content\/uploads\/2021\/03\/apostolat.jpg","width":480,"height":480},{"@type":"BreadcrumbList","@id":"https:\/\/parafiadebewielkie.pl\/?page_id=5641#breadcrumb","itemListElement":[{"@type":"ListItem","position":1,"name":"Home","item":"https:\/\/parafiadebewielkie.pl\/"},{"@type":"ListItem","position":2,"name":"Wsp\u00f3lnoty","item":"https:\/\/parafiadebewielkie.pl\/?page_id=4945"},{"@type":"ListItem","position":3,"name":"Apostolat Z\u0142otej R\u00f3\u017cy"}]},{"@type":"WebSite","@id":"https:\/\/parafiadebewielkie.pl\/#website","url":"https:\/\/parafiadebewielkie.pl\/","name":"Parafia \u015awi\u0119tych Aposto\u0142\u00f3w Piotra i Paw\u0142a w D\u0119bem Wielkim","description":"","potentialAction":[{"@type":"SearchAction","target":{"@type":"EntryPoint","urlTemplate":"https:\/\/parafiadebewielkie.pl\/?s={search_term_string}"},"query-input":{"@type":"PropertyValueSpecification","valueRequired":true,"valueName":"search_term_string"}}],"inLanguage":"pl-PL"}]}},"ticketed":false,"_links":{"self":[{"href":"https:\/\/parafiadebewielkie.pl\/index.php?rest_route=\/wp\/v2\/pages\/5641","targetHints":{"allow":["GET"]}}],"collection":[{"href":"https:\/\/parafiadebewielkie.pl\/index.php?rest_route=\/wp\/v2\/pages"}],"about":[{"href":"https:\/\/parafiadebewielkie.pl\/index.php?rest_route=\/wp\/v2\/types\/page"}],"author":[{"embeddable":true,"href":"https:\/\/parafiadebewielkie.pl\/index.php?rest_route=\/wp\/v2\/users\/1"}],"replies":[{"embeddable":true,"href":"https:\/\/parafiadebewielkie.pl\/index.php?rest_route=%2Fwp%2Fv2%2Fcomments&post=5641"}],"version-history":[{"count":4,"href":"https:\/\/parafiadebewielkie.pl\/index.php?rest_route=\/wp\/v2\/pages\/5641\/revisions"}],"predecessor-version":[{"id":6546,"href":"https:\/\/parafiadebewielkie.pl\/index.php?rest_route=\/wp\/v2\/pages\/5641\/revisions\/6546"}],"up":[{"embeddable":true,"href":"https:\/\/parafiadebewielkie.pl\/index.php?rest_route=\/wp\/v2\/pages\/4945"}],"wp:attachment":[{"href":"https:\/\/parafiadebewielkie.pl\/index.php?rest_route=%2Fwp%2Fv2%2Fmedia&parent=5641"}],"curies":[{"name":"wp","href":"https:\/\/api.w.org\/{rel}","templated":true}]}}