{"id":5514,"date":"2020-12-10T21:55:14","date_gmt":"2020-12-10T20:55:14","guid":{"rendered":"https:\/\/parafiadebewielkie.pl\/?page_id=5514"},"modified":"2020-12-10T22:15:40","modified_gmt":"2020-12-10T21:15:40","slug":"historia-parafii","status":"publish","type":"page","link":"https:\/\/parafiadebewielkie.pl\/?page_id=5514","title":{"rendered":"Historia Parafii"},"content":{"rendered":"<style type=\"text\/css\"> \n#cmsmasters_row_69e28b28acdd45_30412467 .cmsmasters_row_outer_parent { \n\tpadding-top: 0px; \n} \n\n#cmsmasters_row_69e28b28acdd45_30412467 .cmsmasters_row_outer_parent { \n\tpadding-bottom: 50px; \n} \n\n<\/style><div id=\"cmsmasters_row_69e28b28acdd45_30412467\" class=\"cmsmasters_row cmsmasters_color_scheme_default cmsmasters_row_top_default cmsmasters_row_bot_default cmsmasters_row_boxed\">\n<div class=\"cmsmasters_row_outer_parent\">\n<div class=\"cmsmasters_row_outer\">\n<div class=\"cmsmasters_row_inner\">\n<div class=\"cmsmasters_row_margin\">\n<div class=\"cmsmasters_column one_first\">\n<div class=\"aligncenter\">\n<div class=\"cmsmasters_img  cmsmasters_image_c\">\n<img decoding=\"async\" src=\"https:\/\/parafiadebewielkie.pl\/wp-content\/uploads\/2020\/12\/bg2-1-300x118.jpg\" \/>\n<\/div>\n<\/div>\n<\/div>\n<\/div>\n<\/div>\n<\/div>\n<\/div>\n<\/div>\n\n","protected":false},"excerpt":{"rendered":"","protected":false},"author":2,"featured_media":0,"parent":0,"menu_order":0,"comment_status":"closed","ping_status":"closed","template":"","meta":{"_price":"","_stock":"","_tribe_ticket_header":"","_tribe_default_ticket_provider":"","_tribe_ticket_capacity":"0","_ticket_start_date":"","_ticket_end_date":"","_tribe_ticket_show_description":"","_tribe_ticket_show_not_going":false,"_tribe_ticket_use_global_stock":"","_tribe_ticket_global_stock_level":"","_global_stock_mode":"","_global_stock_cap":"","_tribe_rsvp_for_event":"","_tribe_ticket_going_count":"","_tribe_ticket_not_going_count":"","_tribe_tickets_list":"[]","_tribe_ticket_has_attendee_info_fields":false,"footnotes":""},"class_list":["post-5514","page","type-page","status-publish","hentry"],"yoast_head":"<!-- This site is optimized with the Yoast SEO plugin v27.4 - https:\/\/yoast.com\/product\/yoast-seo-wordpress\/ -->\n<title>Historia Parafii - Parafia \u015awi\u0119tych Aposto\u0142\u00f3w Piotra i Paw\u0142a w D\u0119bem Wielkim<\/title>\n<meta name=\"robots\" content=\"index, follow, max-snippet:-1, max-image-preview:large, max-video-preview:-1\" \/>\n<link rel=\"canonical\" href=\"https:\/\/parafiadebewielkie.pl\/?page_id=5514\" \/>\n<meta property=\"og:locale\" content=\"pl_PL\" \/>\n<meta property=\"og:type\" content=\"article\" \/>\n<meta property=\"og:title\" content=\"Historia Parafii - Parafia \u015awi\u0119tych Aposto\u0142\u00f3w Piotra i Paw\u0142a w D\u0119bem Wielkim\" \/>\n<meta property=\"og:url\" content=\"https:\/\/parafiadebewielkie.pl\/?page_id=5514\" \/>\n<meta property=\"og:site_name\" content=\"Parafia \u015awi\u0119tych Aposto\u0142\u00f3w Piotra i Paw\u0142a w D\u0119bem Wielkim\" \/>\n<meta property=\"article:modified_time\" content=\"2020-12-10T21:15:40+00:00\" \/>\n<meta name=\"twitter:card\" content=\"summary_large_image\" \/>\n<script type=\"application\/ld+json\" class=\"yoast-schema-graph\">{\"@context\":\"https:\\\/\\\/schema.org\",\"@graph\":[{\"@type\":\"WebPage\",\"@id\":\"https:\\\/\\\/parafiadebewielkie.pl\\\/?page_id=5514\",\"url\":\"https:\\\/\\\/parafiadebewielkie.pl\\\/?page_id=5514\",\"name\":\"Historia Parafii - Parafia \u015awi\u0119tych Aposto\u0142\u00f3w Piotra i Paw\u0142a w D\u0119bem Wielkim\",\"isPartOf\":{\"@id\":\"https:\\\/\\\/parafiadebewielkie.pl\\\/#website\"},\"datePublished\":\"2020-12-10T20:55:14+00:00\",\"dateModified\":\"2020-12-10T21:15:40+00:00\",\"breadcrumb\":{\"@id\":\"https:\\\/\\\/parafiadebewielkie.pl\\\/?page_id=5514#breadcrumb\"},\"inLanguage\":\"pl-PL\",\"potentialAction\":[{\"@type\":\"ReadAction\",\"target\":[\"https:\\\/\\\/parafiadebewielkie.pl\\\/?page_id=5514\"]}]},{\"@type\":\"BreadcrumbList\",\"@id\":\"https:\\\/\\\/parafiadebewielkie.pl\\\/?page_id=5514#breadcrumb\",\"itemListElement\":[{\"@type\":\"ListItem\",\"position\":1,\"name\":\"Home\",\"item\":\"https:\\\/\\\/parafiadebewielkie.pl\\\/\"},{\"@type\":\"ListItem\",\"position\":2,\"name\":\"Historia Parafii\"}]},{\"@type\":\"WebSite\",\"@id\":\"https:\\\/\\\/parafiadebewielkie.pl\\\/#website\",\"url\":\"https:\\\/\\\/parafiadebewielkie.pl\\\/\",\"name\":\"Parafia \u015awi\u0119tych Aposto\u0142\u00f3w Piotra i Paw\u0142a w D\u0119bem Wielkim\",\"description\":\"\",\"potentialAction\":[{\"@type\":\"SearchAction\",\"target\":{\"@type\":\"EntryPoint\",\"urlTemplate\":\"https:\\\/\\\/parafiadebewielkie.pl\\\/?s={search_term_string}\"},\"query-input\":{\"@type\":\"PropertyValueSpecification\",\"valueRequired\":true,\"valueName\":\"search_term_string\"}}],\"inLanguage\":\"pl-PL\"}]}<\/script>\n<!-- \/ Yoast SEO plugin. -->","yoast_head_json":{"title":"Historia Parafii - Parafia \u015awi\u0119tych Aposto\u0142\u00f3w Piotra i Paw\u0142a w D\u0119bem Wielkim","robots":{"index":"index","follow":"follow","max-snippet":"max-snippet:-1","max-image-preview":"max-image-preview:large","max-video-preview":"max-video-preview:-1"},"canonical":"https:\/\/parafiadebewielkie.pl\/?page_id=5514","og_locale":"pl_PL","og_type":"article","og_title":"Historia Parafii - Parafia \u015awi\u0119tych Aposto\u0142\u00f3w Piotra i Paw\u0142a w D\u0119bem Wielkim","og_url":"https:\/\/parafiadebewielkie.pl\/?page_id=5514","og_site_name":"Parafia \u015awi\u0119tych Aposto\u0142\u00f3w Piotra i Paw\u0142a w D\u0119bem Wielkim","article_modified_time":"2020-12-10T21:15:40+00:00","twitter_card":"summary_large_image","schema":{"@context":"https:\/\/schema.org","@graph":[{"@type":"WebPage","@id":"https:\/\/parafiadebewielkie.pl\/?page_id=5514","url":"https:\/\/parafiadebewielkie.pl\/?page_id=5514","name":"Historia Parafii - Parafia \u015awi\u0119tych Aposto\u0142\u00f3w Piotra i Paw\u0142a w D\u0119bem Wielkim","isPartOf":{"@id":"https:\/\/parafiadebewielkie.pl\/#website"},"datePublished":"2020-12-10T20:55:14+00:00","dateModified":"2020-12-10T21:15:40+00:00","breadcrumb":{"@id":"https:\/\/parafiadebewielkie.pl\/?page_id=5514#breadcrumb"},"inLanguage":"pl-PL","potentialAction":[{"@type":"ReadAction","target":["https:\/\/parafiadebewielkie.pl\/?page_id=5514"]}]},{"@type":"BreadcrumbList","@id":"https:\/\/parafiadebewielkie.pl\/?page_id=5514#breadcrumb","itemListElement":[{"@type":"ListItem","position":1,"name":"Home","item":"https:\/\/parafiadebewielkie.pl\/"},{"@type":"ListItem","position":2,"name":"Historia Parafii"}]},{"@type":"WebSite","@id":"https:\/\/parafiadebewielkie.pl\/#website","url":"https:\/\/parafiadebewielkie.pl\/","name":"Parafia \u015awi\u0119tych Aposto\u0142\u00f3w Piotra i Paw\u0142a w D\u0119bem Wielkim","description":"","potentialAction":[{"@type":"SearchAction","target":{"@type":"EntryPoint","urlTemplate":"https:\/\/parafiadebewielkie.pl\/?s={search_term_string}"},"query-input":{"@type":"PropertyValueSpecification","valueRequired":true,"valueName":"search_term_string"}}],"inLanguage":"pl-PL"}]}},"ticketed":false,"_links":{"self":[{"href":"https:\/\/parafiadebewielkie.pl\/index.php?rest_route=\/wp\/v2\/pages\/5514","targetHints":{"allow":["GET"]}}],"collection":[{"href":"https:\/\/parafiadebewielkie.pl\/index.php?rest_route=\/wp\/v2\/pages"}],"about":[{"href":"https:\/\/parafiadebewielkie.pl\/index.php?rest_route=\/wp\/v2\/types\/page"}],"author":[{"embeddable":true,"href":"https:\/\/parafiadebewielkie.pl\/index.php?rest_route=\/wp\/v2\/users\/2"}],"replies":[{"embeddable":true,"href":"https:\/\/parafiadebewielkie.pl\/index.php?rest_route=%2Fwp%2Fv2%2Fcomments&post=5514"}],"version-history":[{"count":6,"href":"https:\/\/parafiadebewielkie.pl\/index.php?rest_route=\/wp\/v2\/pages\/5514\/revisions"}],"predecessor-version":[{"id":5521,"href":"https:\/\/parafiadebewielkie.pl\/index.php?rest_route=\/wp\/v2\/pages\/5514\/revisions\/5521"}],"wp:attachment":[{"href":"https:\/\/parafiadebewielkie.pl\/index.php?rest_route=%2Fwp%2Fv2%2Fmedia&parent=5514"}],"curies":[{"name":"wp","href":"https:\/\/api.w.org\/{rel}","templated":true}]}}