{"id":5177,"date":"2006-06-09T11:41:20","date_gmt":"2006-06-09T09:41:20","guid":{"rendered":"https:\/\/create24.thecamels.pl\/parafiadebewielkie.pl\/new\/?page_id=5177"},"modified":"2024-11-03T16:23:49","modified_gmt":"2024-11-03T15:23:49","slug":"duszpasterze","status":"publish","type":"page","link":"https:\/\/parafiadebewielkie.pl\/?page_id=5177","title":{"rendered":"Duszpasterze"},"content":{"rendered":"<style type=\"text\/css\"> \n#cmsmasters_heading_69e28b8f9f5d31_35345714 { \n\ttext-align:center; \n\tmargin-top:0px; \n\tmargin-bottom:20px; \n} \n\n#cmsmasters_heading_69e28b8f9f5d31_35345714 .cmsmasters_heading { \n\ttext-align:center; \n} \n\n#cmsmasters_heading_69e28b8f9f5d31_35345714 .cmsmasters_heading, #cmsmasters_heading_69e28b8f9f5d31_35345714 .cmsmasters_heading a { \n\tfont-weight:normal; \n\tfont-style:normal; \n} \n\n#cmsmasters_heading_69e28b8f9f5d31_35345714 .cmsmasters_heading_divider { \n} \n\n \n#cmsmasters_row_69e28b8f9f9919_48626448 .cmsmasters_row_outer_parent { \n\tpadding-top: 0px; \n} \n\n#cmsmasters_row_69e28b8f9f9919_48626448 .cmsmasters_row_outer_parent { \n\tpadding-bottom: 50px; \n} \n\n \n#cmsmasters_row_69e28b8f9fb2c9_36370418 .cmsmasters_row_outer_parent { \n\tpadding-top: 0px; \n} \n\n#cmsmasters_row_69e28b8f9fb2c9_36370418 .cmsmasters_row_outer_parent { \n\tpadding-bottom: 50px; \n} \n\n \n#cmsmasters_heading_69e28b8f9fc838_58547446 { \n\ttext-align:center; \n\tmargin-top:0px; \n\tmargin-bottom:20px; \n} \n\n#cmsmasters_heading_69e28b8f9fc838_58547446 .cmsmasters_heading { \n\ttext-align:center; \n} \n\n#cmsmasters_heading_69e28b8f9fc838_58547446 .cmsmasters_heading, #cmsmasters_heading_69e28b8f9fc838_58547446 .cmsmasters_heading a { \n\tfont-weight:normal; \n\tfont-style:normal; \n} \n\n#cmsmasters_heading_69e28b8f9fc838_58547446 .cmsmasters_heading_divider { \n} \n\n \n#cmsmasters_row_69e28b8f9fd843_90277170 .cmsmasters_row_outer_parent { \n\tpadding-top: 0px; \n} \n\n#cmsmasters_row_69e28b8f9fd843_90277170 .cmsmasters_row_outer_parent { \n\tpadding-bottom: 50px; \n} \n\n<\/style><div id=\"cmsmasters_row_69e28b8f9f3b23_71907322\" class=\"cmsmasters_row cmsmasters_color_scheme_default cmsmasters_row_top_default cmsmasters_row_bot_default cmsmasters_row_boxed\">\n<div class=\"cmsmasters_row_outer_parent\">\n<div class=\"cmsmasters_row_outer\">\n<div class=\"cmsmasters_row_inner\">\n<div class=\"cmsmasters_row_margin\">\n<div class=\"cmsmasters_column one_first\">\n\n<div id=\"cmsmasters_heading_69e28b8f9f5d31_35345714\" class=\"cmsmasters_heading_wrap cmsmasters_heading_align_center\">\n\t<h1 class=\"cmsmasters_heading\">Duszpasterze<\/h1>\n<\/div><div class=\"aligncenter\">\n<div class=\"cmsmasters_img  cmsmasters_image_c space-bottom\">\n<a href=\"https:\/\/parafiadebewielkie.pl\/wp-content\/uploads\/2016\/05\/ICON.png\"><img decoding=\"async\" src=\"https:\/\/parafiadebewielkie.pl\/wp-content\/uploads\/2016\/05\/ICON.png\" \/><\/a>\n<\/div>\n<\/div>\n<\/div>\n<\/div>\n<\/div>\n<\/div>\n<\/div>\n<\/div>\n<div id=\"cmsmasters_row_69e28b8f9f9919_48626448\" class=\"cmsmasters_row cmsmasters_color_scheme_default cmsmasters_row_top_default cmsmasters_row_bot_default cmsmasters_row_boxed\">\n<div class=\"cmsmasters_row_outer_parent\">\n<div class=\"cmsmasters_row_outer\">\n<div class=\"cmsmasters_row_inner\">\n<div class=\"cmsmasters_row_margin\">\n<div class=\"cmsmasters_column one_half\">\n<div class=\"cmsmasters_text\">\n<h3><a href=\"https:\/\/parafiadebewielkie.pl\/parafia\/duszpasterze\/ks-pralat-gen-bryg-slawomir-zarski\/\"><img loading=\"lazy\" decoding=\"async\" class=\"aligncenter wp-image-5319 size-medium\" src=\"https:\/\/parafiadebewielkie.pl\/wp-content\/uploads\/2020\/10\/proboszcz-300x300.jpg\" alt=\"\" width=\"300\" height=\"300\" srcset=\"https:\/\/parafiadebewielkie.pl\/wp-content\/uploads\/2020\/10\/proboszcz-300x300.jpg 300w, https:\/\/parafiadebewielkie.pl\/wp-content\/uploads\/2020\/10\/proboszcz-150x150.jpg 150w, https:\/\/parafiadebewielkie.pl\/wp-content\/uploads\/2020\/10\/proboszcz-70x70.jpg 70w, https:\/\/parafiadebewielkie.pl\/wp-content\/uploads\/2020\/10\/proboszcz.jpg 360w\" sizes=\"auto, (max-width: 300px) 100vw, 300px\" \/><\/a><\/h3>\n<header class=\"cmsmasters_profile_header entry-header\">\n<h2 class=\"cmsmasters_profile_title entry-title\" style=\"text-align: center;\"><a href=\"https:\/\/parafiadebewielkie.pl\/parafia\/duszpasterze\/ks-pralat-gen-bryg-slawomir-zarski\/\">ks. Pra\u0142at gen. bryg. S\u0142awomir \u017barski<\/a><\/h2>\n<h4 class=\"cmsmasters_profile_subtitle\" style=\"text-align: center;\">Proboszcz Parafii \u015aw. Piotra i Paw\u0142a<\/h4>\n<\/header>\n<\/div>\n<\/div>\n<div class=\"cmsmasters_column one_half\">\n<div class=\"cmsmasters_text\">\n<h3><a href=\"https:\/\/parafiadebewielkie.pl\/parafia\/duszpasterze\/ks-roger-gladki\/\"><img loading=\"lazy\" decoding=\"async\" class=\"alignnone wp-image-6372 size-medium\" src=\"https:\/\/parafiadebewielkie.pl\/wp-content\/uploads\/2024\/11\/DSC_8740_1-293x300.jpg\" alt=\"\" width=\"293\" height=\"300\" srcset=\"https:\/\/parafiadebewielkie.pl\/wp-content\/uploads\/2024\/11\/DSC_8740_1-293x300.jpg 293w, https:\/\/parafiadebewielkie.pl\/wp-content\/uploads\/2024\/11\/DSC_8740_1-999x1024.jpg 999w, https:\/\/parafiadebewielkie.pl\/wp-content\/uploads\/2024\/11\/DSC_8740_1-768x788.jpg 768w, https:\/\/parafiadebewielkie.pl\/wp-content\/uploads\/2024\/11\/DSC_8740_1-1498x1536.jpg 1498w, https:\/\/parafiadebewielkie.pl\/wp-content\/uploads\/2024\/11\/DSC_8740_1-1997x2048.jpg 1997w, https:\/\/parafiadebewielkie.pl\/wp-content\/uploads\/2024\/11\/DSC_8740_1-580x595.jpg 580w, https:\/\/parafiadebewielkie.pl\/wp-content\/uploads\/2024\/11\/DSC_8740_1-860x882.jpg 860w, https:\/\/parafiadebewielkie.pl\/wp-content\/uploads\/2024\/11\/DSC_8740_1-1160x1190.jpg 1160w, https:\/\/parafiadebewielkie.pl\/wp-content\/uploads\/2024\/11\/DSC_8740_1-320x328.jpg 320w, https:\/\/parafiadebewielkie.pl\/wp-content\/uploads\/2024\/11\/DSC_8740_1-480x492.jpg 480w, https:\/\/parafiadebewielkie.pl\/wp-content\/uploads\/2024\/11\/DSC_8740_1-800x820.jpg 800w, https:\/\/parafiadebewielkie.pl\/wp-content\/uploads\/2024\/11\/DSC_8740_1-1320x1354.jpg 1320w\" sizes=\"auto, (max-width: 293px) 100vw, 293px\" \/><\/a><\/h3>\n<header class=\"cmsmasters_profile_header entry-header\">\n<h2 class=\"cmsmasters_profile_title entry-title\" style=\"text-align: center;\"><a href=\"https:\/\/parafiadebewielkie.pl\/parafia\/duszpasterze\/ks-roger-gladki\/\">Ks. Roger G\u0142adki<\/a><\/h2>\n<h4 class=\"cmsmasters_profile_subtitle\" style=\"text-align: center;\">Wikariusz<\/h4>\n<\/header>\n<\/div>\n<\/div>\n<\/div>\n<\/div>\n<\/div>\n<\/div>\n<\/div>\n<div id=\"cmsmasters_row_69e28b8f9fb2c9_36370418\" class=\"cmsmasters_row cmsmasters_color_scheme_default cmsmasters_row_top_default cmsmasters_row_bot_default cmsmasters_row_boxed\">\n<div class=\"cmsmasters_row_outer_parent\">\n<div class=\"cmsmasters_row_outer\">\n<div class=\"cmsmasters_row_inner\">\n<div class=\"cmsmasters_row_margin\">\n<div class=\"cmsmasters_column one_first\">\n\n<div id=\"cmsmasters_heading_69e28b8f9fc838_58547446\" class=\"cmsmasters_heading_wrap cmsmasters_heading_align_center\">\n\t<h1 class=\"cmsmasters_heading\">Ksi\u0119\u017ca wspieraj\u0105cy w duszpasterstwie<\/h1>\n<\/div><div class=\"aligncenter\">\n<div class=\"cmsmasters_img  cmsmasters_image_c space-bottom\">\n<a href=\"https:\/\/parafiadebewielkie.pl\/wp-content\/uploads\/2016\/05\/ICON.png\"><img decoding=\"async\" src=\"https:\/\/parafiadebewielkie.pl\/wp-content\/uploads\/2016\/05\/ICON.png\" \/><\/a>\n<\/div>\n<\/div>\n<\/div>\n<\/div>\n<\/div>\n<\/div>\n<\/div>\n<\/div>\n<div id=\"cmsmasters_row_69e28b8f9fd843_90277170\" class=\"cmsmasters_row cmsmasters_color_scheme_default cmsmasters_row_top_default cmsmasters_row_bot_default cmsmasters_row_boxed\">\n<div class=\"cmsmasters_row_outer_parent\">\n<div class=\"cmsmasters_row_outer\">\n<div class=\"cmsmasters_row_inner\">\n<div class=\"cmsmasters_row_margin\">\n<\/div>\n<\/div>\n<\/div>\n<\/div>\n<\/div>\n<div class=\"cmsmasters_column one_half\">\n<div class=\"cmsmasters_text\">\n<h2 style=\"text-align: center;\"><img loading=\"lazy\" decoding=\"async\" class=\"aligncenter wp-image-5660 size-cmsmasters-square-thumb\" src=\"https:\/\/parafiadebewielkie.pl\/wp-content\/uploads\/2021\/03\/xWieslaw-300x300.jpg\" alt=\"\" width=\"300\" height=\"300\" srcset=\"https:\/\/parafiadebewielkie.pl\/wp-content\/uploads\/2021\/03\/xWieslaw-300x300.jpg 300w, https:\/\/parafiadebewielkie.pl\/wp-content\/uploads\/2021\/03\/xWieslaw-150x150.jpg 150w, https:\/\/parafiadebewielkie.pl\/wp-content\/uploads\/2021\/03\/xWieslaw-70x70.jpg 70w, https:\/\/parafiadebewielkie.pl\/wp-content\/uploads\/2021\/03\/xWieslaw-360x360.jpg 360w, https:\/\/parafiadebewielkie.pl\/wp-content\/uploads\/2021\/03\/xWieslaw-580x580.jpg 580w\" sizes=\"auto, (max-width: 300px) 100vw, 300px\" \/><strong>Ks. dr Wies\u0142aw Bo\u017cejewicz<\/strong><\/h2>\n<\/div>\n<\/div>\n<div class=\"cmsmasters_column one_half\">\n<\/div>\n<div class=\"cmsmasters_text\">\n<\/div>\n<\/p>\n","protected":false},"excerpt":{"rendered":"","protected":false},"author":1,"featured_media":0,"parent":4812,"menu_order":0,"comment_status":"closed","ping_status":"closed","template":"","meta":{"_price":"","_stock":"","_tribe_ticket_header":"","_tribe_default_ticket_provider":"","_tribe_ticket_capacity":"0","_ticket_start_date":"","_ticket_end_date":"","_tribe_ticket_show_description":"","_tribe_ticket_show_not_going":false,"_tribe_ticket_use_global_stock":"","_tribe_ticket_global_stock_level":"","_global_stock_mode":"","_global_stock_cap":"","_tribe_rsvp_for_event":"","_tribe_ticket_going_count":"","_tribe_ticket_not_going_count":"","_tribe_tickets_list":"[]","_tribe_ticket_has_attendee_info_fields":false,"footnotes":""},"class_list":["post-5177","page","type-page","status-publish","hentry"],"yoast_head":"<!-- This site is optimized with the Yoast SEO plugin v27.4 - https:\/\/yoast.com\/product\/yoast-seo-wordpress\/ -->\n<title>Duszpasterze - Parafia \u015awi\u0119tych Aposto\u0142\u00f3w Piotra i Paw\u0142a w D\u0119bem Wielkim<\/title>\n<meta name=\"robots\" content=\"index, follow, max-snippet:-1, max-image-preview:large, max-video-preview:-1\" \/>\n<link rel=\"canonical\" href=\"https:\/\/parafiadebewielkie.pl\/?page_id=5177\" \/>\n<meta property=\"og:locale\" content=\"pl_PL\" \/>\n<meta property=\"og:type\" content=\"article\" \/>\n<meta property=\"og:title\" content=\"Duszpasterze - Parafia \u015awi\u0119tych Aposto\u0142\u00f3w Piotra i Paw\u0142a w D\u0119bem Wielkim\" \/>\n<meta property=\"og:url\" content=\"https:\/\/parafiadebewielkie.pl\/?page_id=5177\" \/>\n<meta property=\"og:site_name\" content=\"Parafia \u015awi\u0119tych Aposto\u0142\u00f3w Piotra i Paw\u0142a w D\u0119bem Wielkim\" \/>\n<meta property=\"article:modified_time\" content=\"2024-11-03T15:23:49+00:00\" \/>\n<meta property=\"og:image\" content=\"https:\/\/parafiadebewielkie.pl\/wp-content\/uploads\/2020\/10\/proboszcz-300x300.jpg\" \/>\n<meta name=\"twitter:card\" content=\"summary_large_image\" \/>\n<meta name=\"twitter:label1\" content=\"Szacowany czas czytania\" \/>\n\t<meta name=\"twitter:data1\" content=\"2 minuty\" \/>\n<script type=\"application\/ld+json\" class=\"yoast-schema-graph\">{\"@context\":\"https:\\\/\\\/schema.org\",\"@graph\":[{\"@type\":\"WebPage\",\"@id\":\"https:\\\/\\\/parafiadebewielkie.pl\\\/?page_id=5177\",\"url\":\"https:\\\/\\\/parafiadebewielkie.pl\\\/?page_id=5177\",\"name\":\"Duszpasterze - Parafia \u015awi\u0119tych Aposto\u0142\u00f3w Piotra i Paw\u0142a w D\u0119bem Wielkim\",\"isPartOf\":{\"@id\":\"https:\\\/\\\/parafiadebewielkie.pl\\\/#website\"},\"primaryImageOfPage\":{\"@id\":\"https:\\\/\\\/parafiadebewielkie.pl\\\/?page_id=5177#primaryimage\"},\"image\":{\"@id\":\"https:\\\/\\\/parafiadebewielkie.pl\\\/?page_id=5177#primaryimage\"},\"thumbnailUrl\":\"https:\\\/\\\/parafiadebewielkie.pl\\\/wp-content\\\/uploads\\\/2020\\\/10\\\/proboszcz-300x300.jpg\",\"datePublished\":\"2006-06-09T09:41:20+00:00\",\"dateModified\":\"2024-11-03T15:23:49+00:00\",\"breadcrumb\":{\"@id\":\"https:\\\/\\\/parafiadebewielkie.pl\\\/?page_id=5177#breadcrumb\"},\"inLanguage\":\"pl-PL\",\"potentialAction\":[{\"@type\":\"ReadAction\",\"target\":[\"https:\\\/\\\/parafiadebewielkie.pl\\\/?page_id=5177\"]}]},{\"@type\":\"ImageObject\",\"inLanguage\":\"pl-PL\",\"@id\":\"https:\\\/\\\/parafiadebewielkie.pl\\\/?page_id=5177#primaryimage\",\"url\":\"https:\\\/\\\/parafiadebewielkie.pl\\\/wp-content\\\/uploads\\\/2020\\\/10\\\/proboszcz.jpg\",\"contentUrl\":\"https:\\\/\\\/parafiadebewielkie.pl\\\/wp-content\\\/uploads\\\/2020\\\/10\\\/proboszcz.jpg\",\"width\":360,\"height\":360},{\"@type\":\"BreadcrumbList\",\"@id\":\"https:\\\/\\\/parafiadebewielkie.pl\\\/?page_id=5177#breadcrumb\",\"itemListElement\":[{\"@type\":\"ListItem\",\"position\":1,\"name\":\"Home\",\"item\":\"https:\\\/\\\/parafiadebewielkie.pl\\\/\"},{\"@type\":\"ListItem\",\"position\":2,\"name\":\"Parafia\",\"item\":\"https:\\\/\\\/parafiadebewielkie.pl\\\/?page_id=4812\"},{\"@type\":\"ListItem\",\"position\":3,\"name\":\"Duszpasterze\"}]},{\"@type\":\"WebSite\",\"@id\":\"https:\\\/\\\/parafiadebewielkie.pl\\\/#website\",\"url\":\"https:\\\/\\\/parafiadebewielkie.pl\\\/\",\"name\":\"Parafia \u015awi\u0119tych Aposto\u0142\u00f3w Piotra i Paw\u0142a w D\u0119bem Wielkim\",\"description\":\"\",\"potentialAction\":[{\"@type\":\"SearchAction\",\"target\":{\"@type\":\"EntryPoint\",\"urlTemplate\":\"https:\\\/\\\/parafiadebewielkie.pl\\\/?s={search_term_string}\"},\"query-input\":{\"@type\":\"PropertyValueSpecification\",\"valueRequired\":true,\"valueName\":\"search_term_string\"}}],\"inLanguage\":\"pl-PL\"}]}<\/script>\n<!-- \/ Yoast SEO plugin. -->","yoast_head_json":{"title":"Duszpasterze - Parafia \u015awi\u0119tych Aposto\u0142\u00f3w Piotra i Paw\u0142a w D\u0119bem Wielkim","robots":{"index":"index","follow":"follow","max-snippet":"max-snippet:-1","max-image-preview":"max-image-preview:large","max-video-preview":"max-video-preview:-1"},"canonical":"https:\/\/parafiadebewielkie.pl\/?page_id=5177","og_locale":"pl_PL","og_type":"article","og_title":"Duszpasterze - Parafia \u015awi\u0119tych Aposto\u0142\u00f3w Piotra i Paw\u0142a w D\u0119bem Wielkim","og_url":"https:\/\/parafiadebewielkie.pl\/?page_id=5177","og_site_name":"Parafia \u015awi\u0119tych Aposto\u0142\u00f3w Piotra i Paw\u0142a w D\u0119bem Wielkim","article_modified_time":"2024-11-03T15:23:49+00:00","og_image":[{"url":"https:\/\/parafiadebewielkie.pl\/wp-content\/uploads\/2020\/10\/proboszcz-300x300.jpg","type":"","width":"","height":""}],"twitter_card":"summary_large_image","twitter_misc":{"Szacowany czas czytania":"2 minuty"},"schema":{"@context":"https:\/\/schema.org","@graph":[{"@type":"WebPage","@id":"https:\/\/parafiadebewielkie.pl\/?page_id=5177","url":"https:\/\/parafiadebewielkie.pl\/?page_id=5177","name":"Duszpasterze - Parafia \u015awi\u0119tych Aposto\u0142\u00f3w Piotra i Paw\u0142a w D\u0119bem Wielkim","isPartOf":{"@id":"https:\/\/parafiadebewielkie.pl\/#website"},"primaryImageOfPage":{"@id":"https:\/\/parafiadebewielkie.pl\/?page_id=5177#primaryimage"},"image":{"@id":"https:\/\/parafiadebewielkie.pl\/?page_id=5177#primaryimage"},"thumbnailUrl":"https:\/\/parafiadebewielkie.pl\/wp-content\/uploads\/2020\/10\/proboszcz-300x300.jpg","datePublished":"2006-06-09T09:41:20+00:00","dateModified":"2024-11-03T15:23:49+00:00","breadcrumb":{"@id":"https:\/\/parafiadebewielkie.pl\/?page_id=5177#breadcrumb"},"inLanguage":"pl-PL","potentialAction":[{"@type":"ReadAction","target":["https:\/\/parafiadebewielkie.pl\/?page_id=5177"]}]},{"@type":"ImageObject","inLanguage":"pl-PL","@id":"https:\/\/parafiadebewielkie.pl\/?page_id=5177#primaryimage","url":"https:\/\/parafiadebewielkie.pl\/wp-content\/uploads\/2020\/10\/proboszcz.jpg","contentUrl":"https:\/\/parafiadebewielkie.pl\/wp-content\/uploads\/2020\/10\/proboszcz.jpg","width":360,"height":360},{"@type":"BreadcrumbList","@id":"https:\/\/parafiadebewielkie.pl\/?page_id=5177#breadcrumb","itemListElement":[{"@type":"ListItem","position":1,"name":"Home","item":"https:\/\/parafiadebewielkie.pl\/"},{"@type":"ListItem","position":2,"name":"Parafia","item":"https:\/\/parafiadebewielkie.pl\/?page_id=4812"},{"@type":"ListItem","position":3,"name":"Duszpasterze"}]},{"@type":"WebSite","@id":"https:\/\/parafiadebewielkie.pl\/#website","url":"https:\/\/parafiadebewielkie.pl\/","name":"Parafia \u015awi\u0119tych Aposto\u0142\u00f3w Piotra i Paw\u0142a w D\u0119bem Wielkim","description":"","potentialAction":[{"@type":"SearchAction","target":{"@type":"EntryPoint","urlTemplate":"https:\/\/parafiadebewielkie.pl\/?s={search_term_string}"},"query-input":{"@type":"PropertyValueSpecification","valueRequired":true,"valueName":"search_term_string"}}],"inLanguage":"pl-PL"}]}},"ticketed":false,"_links":{"self":[{"href":"https:\/\/parafiadebewielkie.pl\/index.php?rest_route=\/wp\/v2\/pages\/5177","targetHints":{"allow":["GET"]}}],"collection":[{"href":"https:\/\/parafiadebewielkie.pl\/index.php?rest_route=\/wp\/v2\/pages"}],"about":[{"href":"https:\/\/parafiadebewielkie.pl\/index.php?rest_route=\/wp\/v2\/types\/page"}],"author":[{"embeddable":true,"href":"https:\/\/parafiadebewielkie.pl\/index.php?rest_route=\/wp\/v2\/users\/1"}],"replies":[{"embeddable":true,"href":"https:\/\/parafiadebewielkie.pl\/index.php?rest_route=%2Fwp%2Fv2%2Fcomments&post=5177"}],"version-history":[{"count":27,"href":"https:\/\/parafiadebewielkie.pl\/index.php?rest_route=\/wp\/v2\/pages\/5177\/revisions"}],"predecessor-version":[{"id":6377,"href":"https:\/\/parafiadebewielkie.pl\/index.php?rest_route=\/wp\/v2\/pages\/5177\/revisions\/6377"}],"up":[{"embeddable":true,"href":"https:\/\/parafiadebewielkie.pl\/index.php?rest_route=\/wp\/v2\/pages\/4812"}],"wp:attachment":[{"href":"https:\/\/parafiadebewielkie.pl\/index.php?rest_route=%2Fwp%2Fv2%2Fmedia&parent=5177"}],"curies":[{"name":"wp","href":"https:\/\/api.w.org\/{rel}","templated":true}]}}