{"id":5164,"date":"2020-10-26T09:56:18","date_gmt":"2020-10-26T08:56:18","guid":{"rendered":"https:\/\/create24.thecamels.pl\/parafiadebewielkie.pl\/new\/?page_id=5164"},"modified":"2020-10-26T17:04:37","modified_gmt":"2020-10-26T16:04:37","slug":"namaszczenie-chorych","status":"publish","type":"page","link":"https:\/\/parafiadebewielkie.pl\/?page_id=5164","title":{"rendered":"Namaszczenie chorych"},"content":{"rendered":"<style type=\"text\/css\"><\/style>\n<h2 class=\"wp-block-heading\">Wymogi formalne<\/h2>\n\n\n\n<p>Chorych z pos\u0142ug\u0105 sakramentaln\u0105 odwiedzamy w pierwsze pi\u0105tki miesi\u0105ca. Wystarczy, \u017ceby kto\u015b z rodziny zg\u0142osi\u0142 chorego do ksi\u0119dza. W sytuacjach szczeg\u00f3lnych odwiedzamy chorych w ka\u017cdym innym czasie.<\/p>\n\n\n\n<p>Sakrament ten mo\u017ce by\u0107 przyjmowany wielokrotnie, a\u00a0nie\u00a0tylko\u00a0w\u00a0przypadkach kra\u0144cowych. Sakramentu tego nie\u00a0udziela si\u0119 zmar\u0142ym!<\/p>\n\n\n\n<p>W domu chorego nale\u017cy przygotowa\u0107 st\u00f3\u0142 przykryty bia\u0142ym obrusem, na nim krzy\u017c i dwie \u015bwiece. Warto pami\u0119ta\u0107 o tym, \u017ce ksi\u0119\u017ca mog\u0105 odwiedza\u0107 w domach nie tylko osoby chore, ale r\u00f3wnie\u017c takie, kt\u00f3re z innych powod\u00f3w nie mog\u0105 dotrze\u0107 do ko\u015bcio\u0142a, na przyk\u0142ad matki z powodu powik\u0142a\u0144 ci\u0105\u017cowych oczekuj\u0105ce na narodziny dziecka w domu.<\/p>\n\n\n\n<p>Obowi\u0105zek poproszenia kap\u0142ana ci\u0105\u017cy na\u00a0najbli\u017cszej rodzinie chorego.<\/p>\n\n\n\n<p>W\u00a0przypadku ci\u0119\u017ckiej choroby lepiej poprosi\u0107 kap\u0142ana wcze\u015bniej,\u00a0bowiem jest to\u00a0Sakrament umocnienia.<\/p>\n\n\n\n<p><\/p>\n","protected":false},"excerpt":{"rendered":"<p>Wymogi formalne Chorych z pos\u0142ug\u0105 sakramentaln\u0105 odwiedzamy w pierwsze pi\u0105tki miesi\u0105ca. Wystarczy, \u017ceby kto\u015b z rodziny zg\u0142osi\u0142 chorego do ksi\u0119dza. W sytuacjach szczeg\u00f3lnych odwiedzamy chorych w ka\u017cdym innym czasie. Sakrament ten mo\u017ce by\u0107 przyjmowany wielokrotnie, a\u00a0nie\u00a0tylko\u00a0w\u00a0przypadkach kra\u0144cowych. Sakramentu tego nie\u00a0udziela si\u0119 zmar\u0142ym! W domu chorego nale\u017cy przygotowa\u0107 st\u00f3\u0142 przykryty bia\u0142ym obrusem, na nim krzy\u017c i&#8230;<\/p>\n","protected":false},"author":1,"featured_media":0,"parent":4943,"menu_order":0,"comment_status":"closed","ping_status":"closed","template":"","meta":{"_price":"","_stock":"","_tribe_ticket_header":"","_tribe_default_ticket_provider":"","_tribe_ticket_capacity":"0","_ticket_start_date":"","_ticket_end_date":"","_tribe_ticket_show_description":"","_tribe_ticket_show_not_going":false,"_tribe_ticket_use_global_stock":"","_tribe_ticket_global_stock_level":"","_global_stock_mode":"","_global_stock_cap":"","_tribe_rsvp_for_event":"","_tribe_ticket_going_count":"","_tribe_ticket_not_going_count":"","_tribe_tickets_list":"[]","_tribe_ticket_has_attendee_info_fields":false,"footnotes":""},"class_list":["post-5164","page","type-page","status-publish","hentry"],"yoast_head":"<!-- This site is optimized with the Yoast SEO plugin v27.4 - https:\/\/yoast.com\/product\/yoast-seo-wordpress\/ -->\n<title>Namaszczenie chorych - Parafia \u015awi\u0119tych Aposto\u0142\u00f3w Piotra i Paw\u0142a w D\u0119bem Wielkim<\/title>\n<meta name=\"robots\" content=\"index, follow, max-snippet:-1, max-image-preview:large, max-video-preview:-1\" \/>\n<link rel=\"canonical\" href=\"https:\/\/parafiadebewielkie.pl\/?page_id=5164\" \/>\n<meta property=\"og:locale\" content=\"pl_PL\" \/>\n<meta property=\"og:type\" content=\"article\" \/>\n<meta property=\"og:title\" content=\"Namaszczenie chorych - Parafia \u015awi\u0119tych Aposto\u0142\u00f3w Piotra i Paw\u0142a w D\u0119bem Wielkim\" \/>\n<meta property=\"og:description\" content=\"Wymogi formalne Chorych z pos\u0142ug\u0105 sakramentaln\u0105 odwiedzamy w pierwsze pi\u0105tki miesi\u0105ca. Wystarczy, \u017ceby kto\u015b z rodziny zg\u0142osi\u0142 chorego do ksi\u0119dza. W sytuacjach szczeg\u00f3lnych odwiedzamy chorych w ka\u017cdym innym czasie. Sakrament ten mo\u017ce by\u0107 przyjmowany wielokrotnie, a\u00a0nie\u00a0tylko\u00a0w\u00a0przypadkach kra\u0144cowych. Sakramentu tego nie\u00a0udziela si\u0119 zmar\u0142ym! W domu chorego nale\u017cy przygotowa\u0107 st\u00f3\u0142 przykryty bia\u0142ym obrusem, na nim krzy\u017c i...\" \/>\n<meta property=\"og:url\" content=\"https:\/\/parafiadebewielkie.pl\/?page_id=5164\" \/>\n<meta property=\"og:site_name\" content=\"Parafia \u015awi\u0119tych Aposto\u0142\u00f3w Piotra i Paw\u0142a w D\u0119bem Wielkim\" \/>\n<meta property=\"article:modified_time\" content=\"2020-10-26T16:04:37+00:00\" \/>\n<meta name=\"twitter:card\" content=\"summary_large_image\" \/>\n<meta name=\"twitter:label1\" content=\"Szacowany czas czytania\" \/>\n\t<meta name=\"twitter:data1\" content=\"1 minuta\" \/>\n<script type=\"application\/ld+json\" class=\"yoast-schema-graph\">{\"@context\":\"https:\\\/\\\/schema.org\",\"@graph\":[{\"@type\":\"WebPage\",\"@id\":\"https:\\\/\\\/parafiadebewielkie.pl\\\/?page_id=5164\",\"url\":\"https:\\\/\\\/parafiadebewielkie.pl\\\/?page_id=5164\",\"name\":\"Namaszczenie chorych - Parafia \u015awi\u0119tych Aposto\u0142\u00f3w Piotra i Paw\u0142a w D\u0119bem Wielkim\",\"isPartOf\":{\"@id\":\"https:\\\/\\\/parafiadebewielkie.pl\\\/#website\"},\"datePublished\":\"2020-10-26T08:56:18+00:00\",\"dateModified\":\"2020-10-26T16:04:37+00:00\",\"breadcrumb\":{\"@id\":\"https:\\\/\\\/parafiadebewielkie.pl\\\/?page_id=5164#breadcrumb\"},\"inLanguage\":\"pl-PL\",\"potentialAction\":[{\"@type\":\"ReadAction\",\"target\":[\"https:\\\/\\\/parafiadebewielkie.pl\\\/?page_id=5164\"]}]},{\"@type\":\"BreadcrumbList\",\"@id\":\"https:\\\/\\\/parafiadebewielkie.pl\\\/?page_id=5164#breadcrumb\",\"itemListElement\":[{\"@type\":\"ListItem\",\"position\":1,\"name\":\"Home\",\"item\":\"https:\\\/\\\/parafiadebewielkie.pl\\\/\"},{\"@type\":\"ListItem\",\"position\":2,\"name\":\"Sakramenty\",\"item\":\"https:\\\/\\\/parafiadebewielkie.pl\\\/?page_id=4943\"},{\"@type\":\"ListItem\",\"position\":3,\"name\":\"Namaszczenie chorych\"}]},{\"@type\":\"WebSite\",\"@id\":\"https:\\\/\\\/parafiadebewielkie.pl\\\/#website\",\"url\":\"https:\\\/\\\/parafiadebewielkie.pl\\\/\",\"name\":\"Parafia \u015awi\u0119tych Aposto\u0142\u00f3w Piotra i Paw\u0142a w D\u0119bem Wielkim\",\"description\":\"\",\"potentialAction\":[{\"@type\":\"SearchAction\",\"target\":{\"@type\":\"EntryPoint\",\"urlTemplate\":\"https:\\\/\\\/parafiadebewielkie.pl\\\/?s={search_term_string}\"},\"query-input\":{\"@type\":\"PropertyValueSpecification\",\"valueRequired\":true,\"valueName\":\"search_term_string\"}}],\"inLanguage\":\"pl-PL\"}]}<\/script>\n<!-- \/ Yoast SEO plugin. -->","yoast_head_json":{"title":"Namaszczenie chorych - Parafia \u015awi\u0119tych Aposto\u0142\u00f3w Piotra i Paw\u0142a w D\u0119bem Wielkim","robots":{"index":"index","follow":"follow","max-snippet":"max-snippet:-1","max-image-preview":"max-image-preview:large","max-video-preview":"max-video-preview:-1"},"canonical":"https:\/\/parafiadebewielkie.pl\/?page_id=5164","og_locale":"pl_PL","og_type":"article","og_title":"Namaszczenie chorych - Parafia \u015awi\u0119tych Aposto\u0142\u00f3w Piotra i Paw\u0142a w D\u0119bem Wielkim","og_description":"Wymogi formalne Chorych z pos\u0142ug\u0105 sakramentaln\u0105 odwiedzamy w pierwsze pi\u0105tki miesi\u0105ca. Wystarczy, \u017ceby kto\u015b z rodziny zg\u0142osi\u0142 chorego do ksi\u0119dza. W sytuacjach szczeg\u00f3lnych odwiedzamy chorych w ka\u017cdym innym czasie. Sakrament ten mo\u017ce by\u0107 przyjmowany wielokrotnie, a\u00a0nie\u00a0tylko\u00a0w\u00a0przypadkach kra\u0144cowych. Sakramentu tego nie\u00a0udziela si\u0119 zmar\u0142ym! W domu chorego nale\u017cy przygotowa\u0107 st\u00f3\u0142 przykryty bia\u0142ym obrusem, na nim krzy\u017c i...","og_url":"https:\/\/parafiadebewielkie.pl\/?page_id=5164","og_site_name":"Parafia \u015awi\u0119tych Aposto\u0142\u00f3w Piotra i Paw\u0142a w D\u0119bem Wielkim","article_modified_time":"2020-10-26T16:04:37+00:00","twitter_card":"summary_large_image","twitter_misc":{"Szacowany czas czytania":"1 minuta"},"schema":{"@context":"https:\/\/schema.org","@graph":[{"@type":"WebPage","@id":"https:\/\/parafiadebewielkie.pl\/?page_id=5164","url":"https:\/\/parafiadebewielkie.pl\/?page_id=5164","name":"Namaszczenie chorych - Parafia \u015awi\u0119tych Aposto\u0142\u00f3w Piotra i Paw\u0142a w D\u0119bem Wielkim","isPartOf":{"@id":"https:\/\/parafiadebewielkie.pl\/#website"},"datePublished":"2020-10-26T08:56:18+00:00","dateModified":"2020-10-26T16:04:37+00:00","breadcrumb":{"@id":"https:\/\/parafiadebewielkie.pl\/?page_id=5164#breadcrumb"},"inLanguage":"pl-PL","potentialAction":[{"@type":"ReadAction","target":["https:\/\/parafiadebewielkie.pl\/?page_id=5164"]}]},{"@type":"BreadcrumbList","@id":"https:\/\/parafiadebewielkie.pl\/?page_id=5164#breadcrumb","itemListElement":[{"@type":"ListItem","position":1,"name":"Home","item":"https:\/\/parafiadebewielkie.pl\/"},{"@type":"ListItem","position":2,"name":"Sakramenty","item":"https:\/\/parafiadebewielkie.pl\/?page_id=4943"},{"@type":"ListItem","position":3,"name":"Namaszczenie chorych"}]},{"@type":"WebSite","@id":"https:\/\/parafiadebewielkie.pl\/#website","url":"https:\/\/parafiadebewielkie.pl\/","name":"Parafia \u015awi\u0119tych Aposto\u0142\u00f3w Piotra i Paw\u0142a w D\u0119bem Wielkim","description":"","potentialAction":[{"@type":"SearchAction","target":{"@type":"EntryPoint","urlTemplate":"https:\/\/parafiadebewielkie.pl\/?s={search_term_string}"},"query-input":{"@type":"PropertyValueSpecification","valueRequired":true,"valueName":"search_term_string"}}],"inLanguage":"pl-PL"}]}},"ticketed":false,"_links":{"self":[{"href":"https:\/\/parafiadebewielkie.pl\/index.php?rest_route=\/wp\/v2\/pages\/5164","targetHints":{"allow":["GET"]}}],"collection":[{"href":"https:\/\/parafiadebewielkie.pl\/index.php?rest_route=\/wp\/v2\/pages"}],"about":[{"href":"https:\/\/parafiadebewielkie.pl\/index.php?rest_route=\/wp\/v2\/types\/page"}],"author":[{"embeddable":true,"href":"https:\/\/parafiadebewielkie.pl\/index.php?rest_route=\/wp\/v2\/users\/1"}],"replies":[{"embeddable":true,"href":"https:\/\/parafiadebewielkie.pl\/index.php?rest_route=%2Fwp%2Fv2%2Fcomments&post=5164"}],"version-history":[{"count":3,"href":"https:\/\/parafiadebewielkie.pl\/index.php?rest_route=\/wp\/v2\/pages\/5164\/revisions"}],"predecessor-version":[{"id":5227,"href":"https:\/\/parafiadebewielkie.pl\/index.php?rest_route=\/wp\/v2\/pages\/5164\/revisions\/5227"}],"up":[{"embeddable":true,"href":"https:\/\/parafiadebewielkie.pl\/index.php?rest_route=\/wp\/v2\/pages\/4943"}],"wp:attachment":[{"href":"https:\/\/parafiadebewielkie.pl\/index.php?rest_route=%2Fwp%2Fv2%2Fmedia&parent=5164"}],"curies":[{"name":"wp","href":"https:\/\/api.w.org\/{rel}","templated":true}]}}