{"id":5162,"date":"2020-10-26T09:56:18","date_gmt":"2020-10-26T08:56:18","guid":{"rendered":"https:\/\/create24.thecamels.pl\/parafiadebewielkie.pl\/new\/?page_id=5162"},"modified":"2020-10-26T16:19:14","modified_gmt":"2020-10-26T15:19:14","slug":"malzenstwo","status":"publish","type":"page","link":"https:\/\/parafiadebewielkie.pl\/?page_id=5162","title":{"rendered":"Ma\u0142\u017ce\u0144stwo"},"content":{"rendered":"<style type=\"text\/css\"><\/style>\n<h2 class=\"wp-block-heading\">Wymogi formalne<\/h2>\n\n\n\n<p>\u015alub odbywa si\u0119 z zasady w parafii narzeczonej lub narzeczonego. Mo\u017cna zawrze\u0107 Sakrament Ma\u0142\u017ce\u0144stwa w innym ko\u015bciele parafialnym, po uzyskaniu od swego proboszcza tzw. licencji. UWAGA: W sprawach sakramentalnych nie jest istotne zameldowanie, a faktyczne zamieszkanie (powy\u017cej trzech miesi\u0119cy)<\/p>\n\n\n\n<p>Do\u00a0kancelarii parafialnej nale\u017cy dostarczy\u0107:<\/p>\n\n\n\n<ul class=\"wp-block-list\"><li>Aktualne metryki Chrztu w\u00a0pe\u0142nym wypisie (data wydania musi by\u0107 nie\u00a0wcze\u015bniejsza, ni\u017c 6\u00a0miesi\u0105ce przed\u00a0planowan\u0105 dat\u0105 \u015blubu) z adnotacj\u0105 \u017ce s\u0105 potrzebne do \u015blubu oraz\u00a0inne dokumenty ko\u015bcielne \u2013 je\u017celi zosta\u0142y wydane \u2013 stwierdzaj\u0105ce stan wolny.<\/li><li>Dowody osobiste narzeczonych<\/li><li>Ostatnie \u015bwiadectwo katechizacji<\/li><li>\u015awiadectwo Bierzmowania<\/li><li>Za\u015bwiadczenie o\u00a0uczestnictwie w\u00a0katechizacji przedma\u0142\u017ce\u0144skiej (3 spotkania w poradni rodzinnej)<\/li><li>Za\u015bwiadczenie z\u00a0w\u0142a\u015bciwego Urz\u0119du Stanu Cywilnego o\u00a0braku przeszk\u00f3d do\u00a0zawarcia zwi\u0105zku ma\u0142\u017ce\u0144skiego lub akt \u015blubu z\u00a0Urz\u0119du Stanu Cywilnego.<\/li><\/ul>\n\n\n\n<p>Narzeczeni winni si\u0119 zg\u0142osi\u0107 do\u00a0kancelarii pierwszy raz minimum\u00a0<strong>6\u00a0miesi\u0119cy przed\u00a0planowan\u0105 dat\u0105 \u015blubu<\/strong>. W\u00a0przypadkach bardziej z\u0142o\u017conych prosimy o\u00a0wcze\u015bniejszy kontakt z\u00a0kancelari\u0105.<\/p>\n\n\n\n<p>Oko\u0142o p\u00f3\u0142tora tygodnia przed zawarciem Sakramentu Ma\u0142\u017ce\u0144stwa, narzeczeni zg\u0142aszaj\u0105 si\u0119 aby spisa\u0107 akt ma\u0142\u017ce\u0144stwa. Przynosz\u0105 ze sob\u0105: za\u015bwiadczenie o wyg\u0142oszonych zapowiedziach, za\u015bwiadczenie o odbytej pierwszej spowiedzi przed\u015blubnej (po zg\u0142oszeniu na zapowiedzi) oraz dane osobowe \u015bwiadk\u00f3w: imi\u0119 (imiona), nazwisko, wiek i adres.<\/p>\n","protected":false},"excerpt":{"rendered":"<p>Wymogi formalne \u015alub odbywa si\u0119 z zasady w parafii narzeczonej lub narzeczonego. Mo\u017cna zawrze\u0107 Sakrament Ma\u0142\u017ce\u0144stwa w innym ko\u015bciele parafialnym, po uzyskaniu od swego proboszcza tzw. licencji. UWAGA: W sprawach sakramentalnych nie jest istotne zameldowanie, a faktyczne zamieszkanie (powy\u017cej trzech miesi\u0119cy) Do\u00a0kancelarii parafialnej nale\u017cy dostarczy\u0107: Aktualne metryki Chrztu w\u00a0pe\u0142nym wypisie (data wydania musi by\u0107 nie\u00a0wcze\u015bniejsza,&#8230;<\/p>\n","protected":false},"author":1,"featured_media":0,"parent":4943,"menu_order":0,"comment_status":"closed","ping_status":"closed","template":"","meta":{"_price":"","_stock":"","_tribe_ticket_header":"","_tribe_default_ticket_provider":"","_tribe_ticket_capacity":"0","_ticket_start_date":"","_ticket_end_date":"","_tribe_ticket_show_description":"","_tribe_ticket_show_not_going":false,"_tribe_ticket_use_global_stock":"","_tribe_ticket_global_stock_level":"","_global_stock_mode":"","_global_stock_cap":"","_tribe_rsvp_for_event":"","_tribe_ticket_going_count":"","_tribe_ticket_not_going_count":"","_tribe_tickets_list":"[]","_tribe_ticket_has_attendee_info_fields":false,"footnotes":""},"class_list":["post-5162","page","type-page","status-publish","hentry"],"yoast_head":"<!-- This site is optimized with the Yoast SEO plugin v27.4 - https:\/\/yoast.com\/product\/yoast-seo-wordpress\/ -->\n<title>Ma\u0142\u017ce\u0144stwo - Parafia \u015awi\u0119tych Aposto\u0142\u00f3w Piotra i Paw\u0142a w D\u0119bem Wielkim<\/title>\n<meta name=\"robots\" content=\"index, follow, max-snippet:-1, max-image-preview:large, max-video-preview:-1\" \/>\n<link rel=\"canonical\" href=\"https:\/\/parafiadebewielkie.pl\/?page_id=5162\" \/>\n<meta property=\"og:locale\" content=\"pl_PL\" \/>\n<meta property=\"og:type\" content=\"article\" \/>\n<meta property=\"og:title\" content=\"Ma\u0142\u017ce\u0144stwo - Parafia \u015awi\u0119tych Aposto\u0142\u00f3w Piotra i Paw\u0142a w D\u0119bem Wielkim\" \/>\n<meta property=\"og:description\" content=\"Wymogi formalne \u015alub odbywa si\u0119 z zasady w parafii narzeczonej lub narzeczonego. Mo\u017cna zawrze\u0107 Sakrament Ma\u0142\u017ce\u0144stwa w innym ko\u015bciele parafialnym, po uzyskaniu od swego proboszcza tzw. licencji. UWAGA: W sprawach sakramentalnych nie jest istotne zameldowanie, a faktyczne zamieszkanie (powy\u017cej trzech miesi\u0119cy) Do\u00a0kancelarii parafialnej nale\u017cy dostarczy\u0107: Aktualne metryki Chrztu w\u00a0pe\u0142nym wypisie (data wydania musi by\u0107 nie\u00a0wcze\u015bniejsza,...\" \/>\n<meta property=\"og:url\" content=\"https:\/\/parafiadebewielkie.pl\/?page_id=5162\" \/>\n<meta property=\"og:site_name\" content=\"Parafia \u015awi\u0119tych Aposto\u0142\u00f3w Piotra i Paw\u0142a w D\u0119bem Wielkim\" \/>\n<meta property=\"article:modified_time\" content=\"2020-10-26T15:19:14+00:00\" \/>\n<meta name=\"twitter:card\" content=\"summary_large_image\" \/>\n<meta name=\"twitter:label1\" content=\"Szacowany czas czytania\" \/>\n\t<meta name=\"twitter:data1\" content=\"1 minuta\" \/>\n<script type=\"application\/ld+json\" class=\"yoast-schema-graph\">{\"@context\":\"https:\\\/\\\/schema.org\",\"@graph\":[{\"@type\":\"WebPage\",\"@id\":\"https:\\\/\\\/parafiadebewielkie.pl\\\/?page_id=5162\",\"url\":\"https:\\\/\\\/parafiadebewielkie.pl\\\/?page_id=5162\",\"name\":\"Ma\u0142\u017ce\u0144stwo - Parafia \u015awi\u0119tych Aposto\u0142\u00f3w Piotra i Paw\u0142a w D\u0119bem Wielkim\",\"isPartOf\":{\"@id\":\"https:\\\/\\\/parafiadebewielkie.pl\\\/#website\"},\"datePublished\":\"2020-10-26T08:56:18+00:00\",\"dateModified\":\"2020-10-26T15:19:14+00:00\",\"breadcrumb\":{\"@id\":\"https:\\\/\\\/parafiadebewielkie.pl\\\/?page_id=5162#breadcrumb\"},\"inLanguage\":\"pl-PL\",\"potentialAction\":[{\"@type\":\"ReadAction\",\"target\":[\"https:\\\/\\\/parafiadebewielkie.pl\\\/?page_id=5162\"]}]},{\"@type\":\"BreadcrumbList\",\"@id\":\"https:\\\/\\\/parafiadebewielkie.pl\\\/?page_id=5162#breadcrumb\",\"itemListElement\":[{\"@type\":\"ListItem\",\"position\":1,\"name\":\"Home\",\"item\":\"https:\\\/\\\/parafiadebewielkie.pl\\\/\"},{\"@type\":\"ListItem\",\"position\":2,\"name\":\"Sakramenty\",\"item\":\"https:\\\/\\\/parafiadebewielkie.pl\\\/?page_id=4943\"},{\"@type\":\"ListItem\",\"position\":3,\"name\":\"Ma\u0142\u017ce\u0144stwo\"}]},{\"@type\":\"WebSite\",\"@id\":\"https:\\\/\\\/parafiadebewielkie.pl\\\/#website\",\"url\":\"https:\\\/\\\/parafiadebewielkie.pl\\\/\",\"name\":\"Parafia \u015awi\u0119tych Aposto\u0142\u00f3w Piotra i Paw\u0142a w D\u0119bem Wielkim\",\"description\":\"\",\"potentialAction\":[{\"@type\":\"SearchAction\",\"target\":{\"@type\":\"EntryPoint\",\"urlTemplate\":\"https:\\\/\\\/parafiadebewielkie.pl\\\/?s={search_term_string}\"},\"query-input\":{\"@type\":\"PropertyValueSpecification\",\"valueRequired\":true,\"valueName\":\"search_term_string\"}}],\"inLanguage\":\"pl-PL\"}]}<\/script>\n<!-- \/ Yoast SEO plugin. -->","yoast_head_json":{"title":"Ma\u0142\u017ce\u0144stwo - Parafia \u015awi\u0119tych Aposto\u0142\u00f3w Piotra i Paw\u0142a w D\u0119bem Wielkim","robots":{"index":"index","follow":"follow","max-snippet":"max-snippet:-1","max-image-preview":"max-image-preview:large","max-video-preview":"max-video-preview:-1"},"canonical":"https:\/\/parafiadebewielkie.pl\/?page_id=5162","og_locale":"pl_PL","og_type":"article","og_title":"Ma\u0142\u017ce\u0144stwo - Parafia \u015awi\u0119tych Aposto\u0142\u00f3w Piotra i Paw\u0142a w D\u0119bem Wielkim","og_description":"Wymogi formalne \u015alub odbywa si\u0119 z zasady w parafii narzeczonej lub narzeczonego. Mo\u017cna zawrze\u0107 Sakrament Ma\u0142\u017ce\u0144stwa w innym ko\u015bciele parafialnym, po uzyskaniu od swego proboszcza tzw. licencji. UWAGA: W sprawach sakramentalnych nie jest istotne zameldowanie, a faktyczne zamieszkanie (powy\u017cej trzech miesi\u0119cy) Do\u00a0kancelarii parafialnej nale\u017cy dostarczy\u0107: Aktualne metryki Chrztu w\u00a0pe\u0142nym wypisie (data wydania musi by\u0107 nie\u00a0wcze\u015bniejsza,...","og_url":"https:\/\/parafiadebewielkie.pl\/?page_id=5162","og_site_name":"Parafia \u015awi\u0119tych Aposto\u0142\u00f3w Piotra i Paw\u0142a w D\u0119bem Wielkim","article_modified_time":"2020-10-26T15:19:14+00:00","twitter_card":"summary_large_image","twitter_misc":{"Szacowany czas czytania":"1 minuta"},"schema":{"@context":"https:\/\/schema.org","@graph":[{"@type":"WebPage","@id":"https:\/\/parafiadebewielkie.pl\/?page_id=5162","url":"https:\/\/parafiadebewielkie.pl\/?page_id=5162","name":"Ma\u0142\u017ce\u0144stwo - Parafia \u015awi\u0119tych Aposto\u0142\u00f3w Piotra i Paw\u0142a w D\u0119bem Wielkim","isPartOf":{"@id":"https:\/\/parafiadebewielkie.pl\/#website"},"datePublished":"2020-10-26T08:56:18+00:00","dateModified":"2020-10-26T15:19:14+00:00","breadcrumb":{"@id":"https:\/\/parafiadebewielkie.pl\/?page_id=5162#breadcrumb"},"inLanguage":"pl-PL","potentialAction":[{"@type":"ReadAction","target":["https:\/\/parafiadebewielkie.pl\/?page_id=5162"]}]},{"@type":"BreadcrumbList","@id":"https:\/\/parafiadebewielkie.pl\/?page_id=5162#breadcrumb","itemListElement":[{"@type":"ListItem","position":1,"name":"Home","item":"https:\/\/parafiadebewielkie.pl\/"},{"@type":"ListItem","position":2,"name":"Sakramenty","item":"https:\/\/parafiadebewielkie.pl\/?page_id=4943"},{"@type":"ListItem","position":3,"name":"Ma\u0142\u017ce\u0144stwo"}]},{"@type":"WebSite","@id":"https:\/\/parafiadebewielkie.pl\/#website","url":"https:\/\/parafiadebewielkie.pl\/","name":"Parafia \u015awi\u0119tych Aposto\u0142\u00f3w Piotra i Paw\u0142a w D\u0119bem Wielkim","description":"","potentialAction":[{"@type":"SearchAction","target":{"@type":"EntryPoint","urlTemplate":"https:\/\/parafiadebewielkie.pl\/?s={search_term_string}"},"query-input":{"@type":"PropertyValueSpecification","valueRequired":true,"valueName":"search_term_string"}}],"inLanguage":"pl-PL"}]}},"ticketed":false,"_links":{"self":[{"href":"https:\/\/parafiadebewielkie.pl\/index.php?rest_route=\/wp\/v2\/pages\/5162","targetHints":{"allow":["GET"]}}],"collection":[{"href":"https:\/\/parafiadebewielkie.pl\/index.php?rest_route=\/wp\/v2\/pages"}],"about":[{"href":"https:\/\/parafiadebewielkie.pl\/index.php?rest_route=\/wp\/v2\/types\/page"}],"author":[{"embeddable":true,"href":"https:\/\/parafiadebewielkie.pl\/index.php?rest_route=\/wp\/v2\/users\/1"}],"replies":[{"embeddable":true,"href":"https:\/\/parafiadebewielkie.pl\/index.php?rest_route=%2Fwp%2Fv2%2Fcomments&post=5162"}],"version-history":[{"count":3,"href":"https:\/\/parafiadebewielkie.pl\/index.php?rest_route=\/wp\/v2\/pages\/5162\/revisions"}],"predecessor-version":[{"id":5225,"href":"https:\/\/parafiadebewielkie.pl\/index.php?rest_route=\/wp\/v2\/pages\/5162\/revisions\/5225"}],"up":[{"embeddable":true,"href":"https:\/\/parafiadebewielkie.pl\/index.php?rest_route=\/wp\/v2\/pages\/4943"}],"wp:attachment":[{"href":"https:\/\/parafiadebewielkie.pl\/index.php?rest_route=%2Fwp%2Fv2%2Fmedia&parent=5162"}],"curies":[{"name":"wp","href":"https:\/\/api.w.org\/{rel}","templated":true}]}}