{"id":5154,"date":"2020-10-26T09:56:18","date_gmt":"2020-10-26T08:56:18","guid":{"rendered":"https:\/\/create24.thecamels.pl\/parafiadebewielkie.pl\/new\/?page_id=5154"},"modified":"2020-10-26T16:15:26","modified_gmt":"2020-10-26T15:15:26","slug":"bierzmowanie","status":"publish","type":"page","link":"https:\/\/parafiadebewielkie.pl\/?page_id=5154","title":{"rendered":"Bierzmowanie"},"content":{"rendered":"<style type=\"text\/css\"><\/style>\n<h2 class=\"wp-block-heading\">Wymogi formalne<\/h2>\n\n\n\n<p>Do\u00a0kancelarii parafialnej (lub ksi\u0119dza czuwaj\u0105cego nad\u00a0przygotowaniem do\u00a0sakramentu) nale\u017cy dostarczy\u0107:<\/p>\n\n\n\n<ul class=\"wp-block-list\"><li>Metryka Chrztu (znajduje si\u0119 ona w&nbsp;parafii, gdzie by\u0142o si\u0119 ochrzczonym)<\/li><li>Za\u015bwiadczenie o&nbsp;uczestnictwie w&nbsp;katechizacji<\/li><li>Osoby starsze ni\u017c m\u0142odzie\u017c gimnazjalna \u2013 \u015bwiadectwo uko\u0144czenia katechizacji szkolnej<\/li><li>Podanie skierowane do&nbsp;ks.&nbsp;biskupa z&nbsp;pro\u015bb\u0105 o&nbsp;udzielenie sakramentu i&nbsp;uzasadnieniem.<\/li><\/ul>\n\n\n\n<p>Ch\u0119tny do\u00a0przyj\u0119cia sakramentu bierzmowania (sakramentu dojrza\u0142o\u015bci chrze\u015bcija\u0144skiej) powinien by\u0107 w\u00a0<strong>3\u00a0klasie gimnazjum<\/strong>\u00a0i\u00a0<strong>ucz\u0119szcza\u0107 regularnie na\u00a0spotkania\u00a0<\/strong>przygotowuj\u0105ce.<\/p>\n\n\n\n<p>W naszej diecezji program przygotowania do bierzmowania przebiega podobnie. Przygotowanie odbywa si\u0119 w parafiach w dwuletnim cyklu. Rozpoczyna si\u0119 w trzeciej klasie gimnazjum. Uczniowie tej klasy zg\u0142aszaj\u0105 si\u0119 do swojej parafii i zapisuj\u0105 na przygotowanie do bierzmowania po wcze\u015bniejszym og\u0142oszeniu o zapisach.<\/p>\n\n\n\n<p>Zdj\u0119cia z bierzmowania w naszej parafii:<\/p>\n\n\n\n<ul class=\"wp-block-list\"><li><a href=\"https:\/\/www.facebook.com\/media\/set\/?vanity=bpmsolarczyk&amp;set=a.2952328834815319\" target=\"_blank\" rel=\"noreferrer noopener\">https:\/\/www.facebook.com\/media\/set\/?vanity=bpmsolarczyk&amp;set=a.2952328834815319<\/a><\/li><li><a href=\"https:\/\/www.facebook.com\/media\/set\/?vanity=bpmsolarczyk&amp;set=a.2952434691471400\" target=\"_blank\" rel=\"noreferrer noopener\">https:\/\/www.facebook.com\/media\/set\/?vanity=bpmsolarczyk&amp;set=a.2952434691471400<\/a><\/li><\/ul>\n","protected":false},"excerpt":{"rendered":"<p>Wymogi formalne Do\u00a0kancelarii parafialnej (lub ksi\u0119dza czuwaj\u0105cego nad\u00a0przygotowaniem do\u00a0sakramentu) nale\u017cy dostarczy\u0107: Metryka Chrztu (znajduje si\u0119 ona w&nbsp;parafii, gdzie by\u0142o si\u0119 ochrzczonym) Za\u015bwiadczenie o&nbsp;uczestnictwie w&nbsp;katechizacji Osoby starsze ni\u017c m\u0142odzie\u017c gimnazjalna \u2013 \u015bwiadectwo uko\u0144czenia katechizacji szkolnej Podanie skierowane do&nbsp;ks.&nbsp;biskupa z&nbsp;pro\u015bb\u0105 o&nbsp;udzielenie sakramentu i&nbsp;uzasadnieniem. Ch\u0119tny do\u00a0przyj\u0119cia sakramentu bierzmowania (sakramentu dojrza\u0142o\u015bci chrze\u015bcija\u0144skiej) powinien by\u0107 w\u00a03\u00a0klasie gimnazjum\u00a0i\u00a0ucz\u0119szcza\u0107 regularnie na\u00a0spotkania\u00a0przygotowuj\u0105ce. W&#8230;<\/p>\n","protected":false},"author":1,"featured_media":0,"parent":4943,"menu_order":0,"comment_status":"closed","ping_status":"closed","template":"","meta":{"_price":"","_stock":"","_tribe_ticket_header":"","_tribe_default_ticket_provider":"","_tribe_ticket_capacity":"0","_ticket_start_date":"","_ticket_end_date":"","_tribe_ticket_show_description":"","_tribe_ticket_show_not_going":false,"_tribe_ticket_use_global_stock":"","_tribe_ticket_global_stock_level":"","_global_stock_mode":"","_global_stock_cap":"","_tribe_rsvp_for_event":"","_tribe_ticket_going_count":"","_tribe_ticket_not_going_count":"","_tribe_tickets_list":"[]","_tribe_ticket_has_attendee_info_fields":false,"footnotes":""},"class_list":["post-5154","page","type-page","status-publish","hentry"],"yoast_head":"<!-- This site is optimized with the Yoast SEO plugin v27.4 - https:\/\/yoast.com\/product\/yoast-seo-wordpress\/ -->\n<title>Bierzmowanie - Parafia \u015awi\u0119tych Aposto\u0142\u00f3w Piotra i Paw\u0142a w D\u0119bem Wielkim<\/title>\n<meta name=\"robots\" content=\"index, follow, max-snippet:-1, max-image-preview:large, max-video-preview:-1\" \/>\n<link rel=\"canonical\" href=\"https:\/\/parafiadebewielkie.pl\/?page_id=5154\" \/>\n<meta property=\"og:locale\" content=\"pl_PL\" \/>\n<meta property=\"og:type\" content=\"article\" \/>\n<meta property=\"og:title\" content=\"Bierzmowanie - Parafia \u015awi\u0119tych Aposto\u0142\u00f3w Piotra i Paw\u0142a w D\u0119bem Wielkim\" \/>\n<meta property=\"og:description\" content=\"Wymogi formalne Do\u00a0kancelarii parafialnej (lub ksi\u0119dza czuwaj\u0105cego nad\u00a0przygotowaniem do\u00a0sakramentu) nale\u017cy dostarczy\u0107: Metryka Chrztu (znajduje si\u0119 ona w&nbsp;parafii, gdzie by\u0142o si\u0119 ochrzczonym) Za\u015bwiadczenie o&nbsp;uczestnictwie w&nbsp;katechizacji Osoby starsze ni\u017c m\u0142odzie\u017c gimnazjalna \u2013 \u015bwiadectwo uko\u0144czenia katechizacji szkolnej Podanie skierowane do&nbsp;ks.&nbsp;biskupa z&nbsp;pro\u015bb\u0105 o&nbsp;udzielenie sakramentu i&nbsp;uzasadnieniem. Ch\u0119tny do\u00a0przyj\u0119cia sakramentu bierzmowania (sakramentu dojrza\u0142o\u015bci chrze\u015bcija\u0144skiej) powinien by\u0107 w\u00a03\u00a0klasie gimnazjum\u00a0i\u00a0ucz\u0119szcza\u0107 regularnie na\u00a0spotkania\u00a0przygotowuj\u0105ce. W...\" \/>\n<meta property=\"og:url\" content=\"https:\/\/parafiadebewielkie.pl\/?page_id=5154\" \/>\n<meta property=\"og:site_name\" content=\"Parafia \u015awi\u0119tych Aposto\u0142\u00f3w Piotra i Paw\u0142a w D\u0119bem Wielkim\" \/>\n<meta property=\"article:modified_time\" content=\"2020-10-26T15:15:26+00:00\" \/>\n<meta name=\"twitter:card\" content=\"summary_large_image\" \/>\n<meta name=\"twitter:label1\" content=\"Szacowany czas czytania\" \/>\n\t<meta name=\"twitter:data1\" content=\"1 minuta\" \/>\n<script type=\"application\/ld+json\" class=\"yoast-schema-graph\">{\"@context\":\"https:\\\/\\\/schema.org\",\"@graph\":[{\"@type\":\"WebPage\",\"@id\":\"https:\\\/\\\/parafiadebewielkie.pl\\\/?page_id=5154\",\"url\":\"https:\\\/\\\/parafiadebewielkie.pl\\\/?page_id=5154\",\"name\":\"Bierzmowanie - Parafia \u015awi\u0119tych Aposto\u0142\u00f3w Piotra i Paw\u0142a w D\u0119bem Wielkim\",\"isPartOf\":{\"@id\":\"https:\\\/\\\/parafiadebewielkie.pl\\\/#website\"},\"datePublished\":\"2020-10-26T08:56:18+00:00\",\"dateModified\":\"2020-10-26T15:15:26+00:00\",\"breadcrumb\":{\"@id\":\"https:\\\/\\\/parafiadebewielkie.pl\\\/?page_id=5154#breadcrumb\"},\"inLanguage\":\"pl-PL\",\"potentialAction\":[{\"@type\":\"ReadAction\",\"target\":[\"https:\\\/\\\/parafiadebewielkie.pl\\\/?page_id=5154\"]}]},{\"@type\":\"BreadcrumbList\",\"@id\":\"https:\\\/\\\/parafiadebewielkie.pl\\\/?page_id=5154#breadcrumb\",\"itemListElement\":[{\"@type\":\"ListItem\",\"position\":1,\"name\":\"Home\",\"item\":\"https:\\\/\\\/parafiadebewielkie.pl\\\/\"},{\"@type\":\"ListItem\",\"position\":2,\"name\":\"Sakramenty\",\"item\":\"https:\\\/\\\/parafiadebewielkie.pl\\\/?page_id=4943\"},{\"@type\":\"ListItem\",\"position\":3,\"name\":\"Bierzmowanie\"}]},{\"@type\":\"WebSite\",\"@id\":\"https:\\\/\\\/parafiadebewielkie.pl\\\/#website\",\"url\":\"https:\\\/\\\/parafiadebewielkie.pl\\\/\",\"name\":\"Parafia \u015awi\u0119tych Aposto\u0142\u00f3w Piotra i Paw\u0142a w D\u0119bem Wielkim\",\"description\":\"\",\"potentialAction\":[{\"@type\":\"SearchAction\",\"target\":{\"@type\":\"EntryPoint\",\"urlTemplate\":\"https:\\\/\\\/parafiadebewielkie.pl\\\/?s={search_term_string}\"},\"query-input\":{\"@type\":\"PropertyValueSpecification\",\"valueRequired\":true,\"valueName\":\"search_term_string\"}}],\"inLanguage\":\"pl-PL\"}]}<\/script>\n<!-- \/ Yoast SEO plugin. -->","yoast_head_json":{"title":"Bierzmowanie - Parafia \u015awi\u0119tych Aposto\u0142\u00f3w Piotra i Paw\u0142a w D\u0119bem Wielkim","robots":{"index":"index","follow":"follow","max-snippet":"max-snippet:-1","max-image-preview":"max-image-preview:large","max-video-preview":"max-video-preview:-1"},"canonical":"https:\/\/parafiadebewielkie.pl\/?page_id=5154","og_locale":"pl_PL","og_type":"article","og_title":"Bierzmowanie - Parafia \u015awi\u0119tych Aposto\u0142\u00f3w Piotra i Paw\u0142a w D\u0119bem Wielkim","og_description":"Wymogi formalne Do\u00a0kancelarii parafialnej (lub ksi\u0119dza czuwaj\u0105cego nad\u00a0przygotowaniem do\u00a0sakramentu) nale\u017cy dostarczy\u0107: Metryka Chrztu (znajduje si\u0119 ona w&nbsp;parafii, gdzie by\u0142o si\u0119 ochrzczonym) Za\u015bwiadczenie o&nbsp;uczestnictwie w&nbsp;katechizacji Osoby starsze ni\u017c m\u0142odzie\u017c gimnazjalna \u2013 \u015bwiadectwo uko\u0144czenia katechizacji szkolnej Podanie skierowane do&nbsp;ks.&nbsp;biskupa z&nbsp;pro\u015bb\u0105 o&nbsp;udzielenie sakramentu i&nbsp;uzasadnieniem. Ch\u0119tny do\u00a0przyj\u0119cia sakramentu bierzmowania (sakramentu dojrza\u0142o\u015bci chrze\u015bcija\u0144skiej) powinien by\u0107 w\u00a03\u00a0klasie gimnazjum\u00a0i\u00a0ucz\u0119szcza\u0107 regularnie na\u00a0spotkania\u00a0przygotowuj\u0105ce. W...","og_url":"https:\/\/parafiadebewielkie.pl\/?page_id=5154","og_site_name":"Parafia \u015awi\u0119tych Aposto\u0142\u00f3w Piotra i Paw\u0142a w D\u0119bem Wielkim","article_modified_time":"2020-10-26T15:15:26+00:00","twitter_card":"summary_large_image","twitter_misc":{"Szacowany czas czytania":"1 minuta"},"schema":{"@context":"https:\/\/schema.org","@graph":[{"@type":"WebPage","@id":"https:\/\/parafiadebewielkie.pl\/?page_id=5154","url":"https:\/\/parafiadebewielkie.pl\/?page_id=5154","name":"Bierzmowanie - Parafia \u015awi\u0119tych Aposto\u0142\u00f3w Piotra i Paw\u0142a w D\u0119bem Wielkim","isPartOf":{"@id":"https:\/\/parafiadebewielkie.pl\/#website"},"datePublished":"2020-10-26T08:56:18+00:00","dateModified":"2020-10-26T15:15:26+00:00","breadcrumb":{"@id":"https:\/\/parafiadebewielkie.pl\/?page_id=5154#breadcrumb"},"inLanguage":"pl-PL","potentialAction":[{"@type":"ReadAction","target":["https:\/\/parafiadebewielkie.pl\/?page_id=5154"]}]},{"@type":"BreadcrumbList","@id":"https:\/\/parafiadebewielkie.pl\/?page_id=5154#breadcrumb","itemListElement":[{"@type":"ListItem","position":1,"name":"Home","item":"https:\/\/parafiadebewielkie.pl\/"},{"@type":"ListItem","position":2,"name":"Sakramenty","item":"https:\/\/parafiadebewielkie.pl\/?page_id=4943"},{"@type":"ListItem","position":3,"name":"Bierzmowanie"}]},{"@type":"WebSite","@id":"https:\/\/parafiadebewielkie.pl\/#website","url":"https:\/\/parafiadebewielkie.pl\/","name":"Parafia \u015awi\u0119tych Aposto\u0142\u00f3w Piotra i Paw\u0142a w D\u0119bem Wielkim","description":"","potentialAction":[{"@type":"SearchAction","target":{"@type":"EntryPoint","urlTemplate":"https:\/\/parafiadebewielkie.pl\/?s={search_term_string}"},"query-input":{"@type":"PropertyValueSpecification","valueRequired":true,"valueName":"search_term_string"}}],"inLanguage":"pl-PL"}]}},"ticketed":false,"_links":{"self":[{"href":"https:\/\/parafiadebewielkie.pl\/index.php?rest_route=\/wp\/v2\/pages\/5154","targetHints":{"allow":["GET"]}}],"collection":[{"href":"https:\/\/parafiadebewielkie.pl\/index.php?rest_route=\/wp\/v2\/pages"}],"about":[{"href":"https:\/\/parafiadebewielkie.pl\/index.php?rest_route=\/wp\/v2\/types\/page"}],"author":[{"embeddable":true,"href":"https:\/\/parafiadebewielkie.pl\/index.php?rest_route=\/wp\/v2\/users\/1"}],"replies":[{"embeddable":true,"href":"https:\/\/parafiadebewielkie.pl\/index.php?rest_route=%2Fwp%2Fv2%2Fcomments&post=5154"}],"version-history":[{"count":5,"href":"https:\/\/parafiadebewielkie.pl\/index.php?rest_route=\/wp\/v2\/pages\/5154\/revisions"}],"predecessor-version":[{"id":5224,"href":"https:\/\/parafiadebewielkie.pl\/index.php?rest_route=\/wp\/v2\/pages\/5154\/revisions\/5224"}],"up":[{"embeddable":true,"href":"https:\/\/parafiadebewielkie.pl\/index.php?rest_route=\/wp\/v2\/pages\/4943"}],"wp:attachment":[{"href":"https:\/\/parafiadebewielkie.pl\/index.php?rest_route=%2Fwp%2Fv2%2Fmedia&parent=5154"}],"curies":[{"name":"wp","href":"https:\/\/api.w.org\/{rel}","templated":true}]}}