{"id":5066,"date":"2020-10-26T10:48:51","date_gmt":"2020-10-26T09:48:51","guid":{"rendered":"https:\/\/create24.thecamels.pl\/parafiadebewielkie.pl\/new\/?page_id=5066"},"modified":"2024-11-04T14:45:41","modified_gmt":"2024-11-04T13:45:41","slug":"rady-parafialne","status":"publish","type":"page","link":"https:\/\/parafiadebewielkie.pl\/?page_id=5066","title":{"rendered":"Rady parafialne"},"content":{"rendered":"<style type=\"text\/css\"><\/style>\n<figure class=\"wp-block-image size-large\"><img loading=\"lazy\" decoding=\"async\" width=\"296\" height=\"296\" src=\"https:\/\/parafiadebewielkie.pl\/wp-content\/uploads\/2020\/10\/rada-parafialna.png\" alt=\"\" class=\"wp-image-5268\" srcset=\"https:\/\/parafiadebewielkie.pl\/wp-content\/uploads\/2020\/10\/rada-parafialna.png 296w, https:\/\/parafiadebewielkie.pl\/wp-content\/uploads\/2020\/10\/rada-parafialna-150x150.png 150w, https:\/\/parafiadebewielkie.pl\/wp-content\/uploads\/2020\/10\/rada-parafialna-70x70.png 70w\" sizes=\"auto, (max-width: 296px) 100vw, 296px\" \/><\/figure>\n\n\n\n<p class=\"has-text-align-left\">Parafialna Rada Duszpasterska (PRD) jest instytucj\u0105 wyros\u0142\u0105 z&nbsp;postanowie\u0144 i&nbsp;ducha II Soboru Watyka\u0144skiego (DA 10;26). Ma ona wyra\u017ca\u0107 ide\u0119 wsp\u00f3\u0142odpowiedzialno\u015bci duchownych i&nbsp;\u015bwieckich za podstawow\u0105 jednostk\u0119 organizacyjn\u0105 Ko\u015bcio\u0142a, kt\u00f3r\u0105 jest parafia. PRD jest miejscem czynnego i&nbsp;odpowiedzialnego zaanga\u017cowania wiernych \u015bwieckich w&nbsp;zbawcze pos\u0142annictwo Ko\u015bcio\u0142a, a&nbsp;jej cz\u0142onkowie maj\u0105 za zadanie wyra\u017ca\u0107 swoje roztropne opinie i&nbsp;sugestie ukierunkowane na dobro duchowe wsp\u00f3lnoty parafialnej (por. k. 212 \u00a7 3, 228 \u00a7 2 Kodeksu Prawa Kanonicznego). PRD stanowi cia\u0142o doradcze (k. 536 KPK), kt\u00f3re pod kierownictwem proboszcza, przyczynia si\u0119 do o\u017cywiania dzia\u0142alno\u015bci duszpasterskiej. Zatem g\u0142\u00f3wnym celem PRD jest \u015bwiadczenie pomocy proboszczowi w&nbsp;organizacji \u017cycia duszpasterskiego. Cel ten jest realizowany przez:<br>wspieranie inicjatyw duszpasterskich w&nbsp;dziedzinie \u017cycia liturgicznego, apostolstwa, dzie\u0142 pobo\u017cno\u015bci i&nbsp;mi\u0142o\u015bci;<br>pomoc w&nbsp;przeprowadzeniu trafnej oceny stanu religijno-moralnego parafii, z&nbsp;uwzgl\u0119dnieniem zachodz\u0105cych przemian spo\u0142eczno-kulturowych;<br>udzia\u0142 w&nbsp;opracowaniu rocznego parafialnego programu duszpasterskiego, w&nbsp;oparciu o&nbsp;program og\u00f3lnopolski i&nbsp;diecezjalny;<br>budowanie w\u015br\u00f3d parafian zaufania do Ko\u015bcio\u0142a i&nbsp;tworzenie dobrego klimatu dla podejmowanych inicjatyw duszpasterskich;<br>wspieranie dzia\u0142alno\u015bci ruch\u00f3w, stowarzysze\u0144 katolickich i&nbsp;grup duszpasterstwa specjalnego.<br>Przed obj\u0119ciem funkcji cz\u0142onkowie PRD sk\u0142adaj\u0105 przyrzeczenie:<br>Ja N.N. przyrzekam Bogu Wszechmog\u0105cemu w&nbsp;Tr\u00f3jcy \u015awi\u0119tej Jedynemu, \u017ce powierzon\u0105 mi funkcj\u0119 cz\u0142onka Parafialnej Rady Duszpasterskiej b\u0119d\u0119 wype\u0142nia\u0142 sumiennie i&nbsp;rzetelnie oraz zgodnie z&nbsp;przepisami prawa ko\u015bcielnego. Tak mi dopom\u00f3\u017c B\u00f3g oraz \u015awi\u0119ta Ewangelio, kt\u00f3rej r\u0119k\u0105 dotykam.<\/p>\n","protected":false},"excerpt":{"rendered":"<p>Parafialna Rada Duszpasterska (PRD) jest instytucj\u0105 wyros\u0142\u0105 z&nbsp;postanowie\u0144 i&nbsp;ducha II Soboru Watyka\u0144skiego (DA 10;26). Ma ona wyra\u017ca\u0107 ide\u0119 wsp\u00f3\u0142odpowiedzialno\u015bci duchownych i&nbsp;\u015bwieckich za podstawow\u0105 jednostk\u0119 organizacyjn\u0105 Ko\u015bcio\u0142a, kt\u00f3r\u0105 jest parafia. PRD jest miejscem czynnego i&nbsp;odpowiedzialnego zaanga\u017cowania wiernych \u015bwieckich w&nbsp;zbawcze pos\u0142annictwo Ko\u015bcio\u0142a, a&nbsp;jej cz\u0142onkowie maj\u0105 za zadanie wyra\u017ca\u0107 swoje roztropne opinie i&nbsp;sugestie ukierunkowane na dobro duchowe wsp\u00f3lnoty&#8230;<\/p>\n","protected":false},"author":1,"featured_media":0,"parent":4945,"menu_order":0,"comment_status":"closed","ping_status":"closed","template":"","meta":{"_price":"","_stock":"","_tribe_ticket_header":"","_tribe_default_ticket_provider":"","_tribe_ticket_capacity":"0","_ticket_start_date":"","_ticket_end_date":"","_tribe_ticket_show_description":"","_tribe_ticket_show_not_going":false,"_tribe_ticket_use_global_stock":"","_tribe_ticket_global_stock_level":"","_global_stock_mode":"","_global_stock_cap":"","_tribe_rsvp_for_event":"","_tribe_ticket_going_count":"","_tribe_ticket_not_going_count":"","_tribe_tickets_list":"[]","_tribe_ticket_has_attendee_info_fields":false,"footnotes":""},"class_list":["post-5066","page","type-page","status-publish","hentry"],"yoast_head":"<!-- This site is optimized with the Yoast SEO plugin v27.4 - https:\/\/yoast.com\/product\/yoast-seo-wordpress\/ -->\n<title>Rady parafialne - Parafia \u015awi\u0119tych Aposto\u0142\u00f3w Piotra i Paw\u0142a w D\u0119bem Wielkim<\/title>\n<meta name=\"robots\" content=\"index, follow, max-snippet:-1, max-image-preview:large, max-video-preview:-1\" \/>\n<link rel=\"canonical\" href=\"https:\/\/parafiadebewielkie.pl\/?page_id=5066\" \/>\n<meta property=\"og:locale\" content=\"pl_PL\" \/>\n<meta property=\"og:type\" content=\"article\" \/>\n<meta property=\"og:title\" content=\"Rady parafialne - Parafia \u015awi\u0119tych Aposto\u0142\u00f3w Piotra i Paw\u0142a w D\u0119bem Wielkim\" \/>\n<meta property=\"og:description\" content=\"Parafialna Rada Duszpasterska (PRD) jest instytucj\u0105 wyros\u0142\u0105 z&nbsp;postanowie\u0144 i&nbsp;ducha II Soboru Watyka\u0144skiego (DA 10;26). Ma ona wyra\u017ca\u0107 ide\u0119 wsp\u00f3\u0142odpowiedzialno\u015bci duchownych i&nbsp;\u015bwieckich za podstawow\u0105 jednostk\u0119 organizacyjn\u0105 Ko\u015bcio\u0142a, kt\u00f3r\u0105 jest parafia. PRD jest miejscem czynnego i&nbsp;odpowiedzialnego zaanga\u017cowania wiernych \u015bwieckich w&nbsp;zbawcze pos\u0142annictwo Ko\u015bcio\u0142a, a&nbsp;jej cz\u0142onkowie maj\u0105 za zadanie wyra\u017ca\u0107 swoje roztropne opinie i&nbsp;sugestie ukierunkowane na dobro duchowe wsp\u00f3lnoty...\" \/>\n<meta property=\"og:url\" content=\"https:\/\/parafiadebewielkie.pl\/?page_id=5066\" \/>\n<meta property=\"og:site_name\" content=\"Parafia \u015awi\u0119tych Aposto\u0142\u00f3w Piotra i Paw\u0142a w D\u0119bem Wielkim\" \/>\n<meta property=\"article:modified_time\" content=\"2024-11-04T13:45:41+00:00\" \/>\n<meta property=\"og:image\" content=\"https:\/\/parafiadebewielkie.pl\/wp-content\/uploads\/2020\/10\/rada-parafialna.png\" \/>\n<meta name=\"twitter:card\" content=\"summary_large_image\" \/>\n<meta name=\"twitter:label1\" content=\"Szacowany czas czytania\" \/>\n\t<meta name=\"twitter:data1\" content=\"2 minuty\" \/>\n<script type=\"application\/ld+json\" class=\"yoast-schema-graph\">{\"@context\":\"https:\\\/\\\/schema.org\",\"@graph\":[{\"@type\":\"WebPage\",\"@id\":\"https:\\\/\\\/parafiadebewielkie.pl\\\/?page_id=5066\",\"url\":\"https:\\\/\\\/parafiadebewielkie.pl\\\/?page_id=5066\",\"name\":\"Rady parafialne - Parafia \u015awi\u0119tych Aposto\u0142\u00f3w Piotra i Paw\u0142a w D\u0119bem Wielkim\",\"isPartOf\":{\"@id\":\"https:\\\/\\\/parafiadebewielkie.pl\\\/#website\"},\"primaryImageOfPage\":{\"@id\":\"https:\\\/\\\/parafiadebewielkie.pl\\\/?page_id=5066#primaryimage\"},\"image\":{\"@id\":\"https:\\\/\\\/parafiadebewielkie.pl\\\/?page_id=5066#primaryimage\"},\"thumbnailUrl\":\"https:\\\/\\\/parafiadebewielkie.pl\\\/wp-content\\\/uploads\\\/2020\\\/10\\\/rada-parafialna.png\",\"datePublished\":\"2020-10-26T09:48:51+00:00\",\"dateModified\":\"2024-11-04T13:45:41+00:00\",\"breadcrumb\":{\"@id\":\"https:\\\/\\\/parafiadebewielkie.pl\\\/?page_id=5066#breadcrumb\"},\"inLanguage\":\"pl-PL\",\"potentialAction\":[{\"@type\":\"ReadAction\",\"target\":[\"https:\\\/\\\/parafiadebewielkie.pl\\\/?page_id=5066\"]}]},{\"@type\":\"ImageObject\",\"inLanguage\":\"pl-PL\",\"@id\":\"https:\\\/\\\/parafiadebewielkie.pl\\\/?page_id=5066#primaryimage\",\"url\":\"https:\\\/\\\/parafiadebewielkie.pl\\\/wp-content\\\/uploads\\\/2020\\\/10\\\/rada-parafialna.png\",\"contentUrl\":\"https:\\\/\\\/parafiadebewielkie.pl\\\/wp-content\\\/uploads\\\/2020\\\/10\\\/rada-parafialna.png\",\"width\":296,\"height\":296},{\"@type\":\"BreadcrumbList\",\"@id\":\"https:\\\/\\\/parafiadebewielkie.pl\\\/?page_id=5066#breadcrumb\",\"itemListElement\":[{\"@type\":\"ListItem\",\"position\":1,\"name\":\"Home\",\"item\":\"https:\\\/\\\/parafiadebewielkie.pl\\\/\"},{\"@type\":\"ListItem\",\"position\":2,\"name\":\"Wsp\u00f3lnoty\",\"item\":\"https:\\\/\\\/parafiadebewielkie.pl\\\/?page_id=4945\"},{\"@type\":\"ListItem\",\"position\":3,\"name\":\"Rady parafialne\"}]},{\"@type\":\"WebSite\",\"@id\":\"https:\\\/\\\/parafiadebewielkie.pl\\\/#website\",\"url\":\"https:\\\/\\\/parafiadebewielkie.pl\\\/\",\"name\":\"Parafia \u015awi\u0119tych Aposto\u0142\u00f3w Piotra i Paw\u0142a w D\u0119bem Wielkim\",\"description\":\"\",\"potentialAction\":[{\"@type\":\"SearchAction\",\"target\":{\"@type\":\"EntryPoint\",\"urlTemplate\":\"https:\\\/\\\/parafiadebewielkie.pl\\\/?s={search_term_string}\"},\"query-input\":{\"@type\":\"PropertyValueSpecification\",\"valueRequired\":true,\"valueName\":\"search_term_string\"}}],\"inLanguage\":\"pl-PL\"}]}<\/script>\n<!-- \/ Yoast SEO plugin. -->","yoast_head_json":{"title":"Rady parafialne - Parafia \u015awi\u0119tych Aposto\u0142\u00f3w Piotra i Paw\u0142a w D\u0119bem Wielkim","robots":{"index":"index","follow":"follow","max-snippet":"max-snippet:-1","max-image-preview":"max-image-preview:large","max-video-preview":"max-video-preview:-1"},"canonical":"https:\/\/parafiadebewielkie.pl\/?page_id=5066","og_locale":"pl_PL","og_type":"article","og_title":"Rady parafialne - Parafia \u015awi\u0119tych Aposto\u0142\u00f3w Piotra i Paw\u0142a w D\u0119bem Wielkim","og_description":"Parafialna Rada Duszpasterska (PRD) jest instytucj\u0105 wyros\u0142\u0105 z&nbsp;postanowie\u0144 i&nbsp;ducha II Soboru Watyka\u0144skiego (DA 10;26). Ma ona wyra\u017ca\u0107 ide\u0119 wsp\u00f3\u0142odpowiedzialno\u015bci duchownych i&nbsp;\u015bwieckich za podstawow\u0105 jednostk\u0119 organizacyjn\u0105 Ko\u015bcio\u0142a, kt\u00f3r\u0105 jest parafia. PRD jest miejscem czynnego i&nbsp;odpowiedzialnego zaanga\u017cowania wiernych \u015bwieckich w&nbsp;zbawcze pos\u0142annictwo Ko\u015bcio\u0142a, a&nbsp;jej cz\u0142onkowie maj\u0105 za zadanie wyra\u017ca\u0107 swoje roztropne opinie i&nbsp;sugestie ukierunkowane na dobro duchowe wsp\u00f3lnoty...","og_url":"https:\/\/parafiadebewielkie.pl\/?page_id=5066","og_site_name":"Parafia \u015awi\u0119tych Aposto\u0142\u00f3w Piotra i Paw\u0142a w D\u0119bem Wielkim","article_modified_time":"2024-11-04T13:45:41+00:00","og_image":[{"url":"https:\/\/parafiadebewielkie.pl\/wp-content\/uploads\/2020\/10\/rada-parafialna.png","type":"","width":"","height":""}],"twitter_card":"summary_large_image","twitter_misc":{"Szacowany czas czytania":"2 minuty"},"schema":{"@context":"https:\/\/schema.org","@graph":[{"@type":"WebPage","@id":"https:\/\/parafiadebewielkie.pl\/?page_id=5066","url":"https:\/\/parafiadebewielkie.pl\/?page_id=5066","name":"Rady parafialne - Parafia \u015awi\u0119tych Aposto\u0142\u00f3w Piotra i Paw\u0142a w D\u0119bem Wielkim","isPartOf":{"@id":"https:\/\/parafiadebewielkie.pl\/#website"},"primaryImageOfPage":{"@id":"https:\/\/parafiadebewielkie.pl\/?page_id=5066#primaryimage"},"image":{"@id":"https:\/\/parafiadebewielkie.pl\/?page_id=5066#primaryimage"},"thumbnailUrl":"https:\/\/parafiadebewielkie.pl\/wp-content\/uploads\/2020\/10\/rada-parafialna.png","datePublished":"2020-10-26T09:48:51+00:00","dateModified":"2024-11-04T13:45:41+00:00","breadcrumb":{"@id":"https:\/\/parafiadebewielkie.pl\/?page_id=5066#breadcrumb"},"inLanguage":"pl-PL","potentialAction":[{"@type":"ReadAction","target":["https:\/\/parafiadebewielkie.pl\/?page_id=5066"]}]},{"@type":"ImageObject","inLanguage":"pl-PL","@id":"https:\/\/parafiadebewielkie.pl\/?page_id=5066#primaryimage","url":"https:\/\/parafiadebewielkie.pl\/wp-content\/uploads\/2020\/10\/rada-parafialna.png","contentUrl":"https:\/\/parafiadebewielkie.pl\/wp-content\/uploads\/2020\/10\/rada-parafialna.png","width":296,"height":296},{"@type":"BreadcrumbList","@id":"https:\/\/parafiadebewielkie.pl\/?page_id=5066#breadcrumb","itemListElement":[{"@type":"ListItem","position":1,"name":"Home","item":"https:\/\/parafiadebewielkie.pl\/"},{"@type":"ListItem","position":2,"name":"Wsp\u00f3lnoty","item":"https:\/\/parafiadebewielkie.pl\/?page_id=4945"},{"@type":"ListItem","position":3,"name":"Rady parafialne"}]},{"@type":"WebSite","@id":"https:\/\/parafiadebewielkie.pl\/#website","url":"https:\/\/parafiadebewielkie.pl\/","name":"Parafia \u015awi\u0119tych Aposto\u0142\u00f3w Piotra i Paw\u0142a w D\u0119bem Wielkim","description":"","potentialAction":[{"@type":"SearchAction","target":{"@type":"EntryPoint","urlTemplate":"https:\/\/parafiadebewielkie.pl\/?s={search_term_string}"},"query-input":{"@type":"PropertyValueSpecification","valueRequired":true,"valueName":"search_term_string"}}],"inLanguage":"pl-PL"}]}},"ticketed":false,"_links":{"self":[{"href":"https:\/\/parafiadebewielkie.pl\/index.php?rest_route=\/wp\/v2\/pages\/5066","targetHints":{"allow":["GET"]}}],"collection":[{"href":"https:\/\/parafiadebewielkie.pl\/index.php?rest_route=\/wp\/v2\/pages"}],"about":[{"href":"https:\/\/parafiadebewielkie.pl\/index.php?rest_route=\/wp\/v2\/types\/page"}],"author":[{"embeddable":true,"href":"https:\/\/parafiadebewielkie.pl\/index.php?rest_route=\/wp\/v2\/users\/1"}],"replies":[{"embeddable":true,"href":"https:\/\/parafiadebewielkie.pl\/index.php?rest_route=%2Fwp%2Fv2%2Fcomments&post=5066"}],"version-history":[{"count":5,"href":"https:\/\/parafiadebewielkie.pl\/index.php?rest_route=\/wp\/v2\/pages\/5066\/revisions"}],"predecessor-version":[{"id":6379,"href":"https:\/\/parafiadebewielkie.pl\/index.php?rest_route=\/wp\/v2\/pages\/5066\/revisions\/6379"}],"up":[{"embeddable":true,"href":"https:\/\/parafiadebewielkie.pl\/index.php?rest_route=\/wp\/v2\/pages\/4945"}],"wp:attachment":[{"href":"https:\/\/parafiadebewielkie.pl\/index.php?rest_route=%2Fwp%2Fv2%2Fmedia&parent=5066"}],"curies":[{"name":"wp","href":"https:\/\/api.w.org\/{rel}","templated":true}]}}