{"id":5064,"date":"2020-10-26T10:48:51","date_gmt":"2020-10-26T09:48:51","guid":{"rendered":"https:\/\/create24.thecamels.pl\/parafiadebewielkie.pl\/new\/?page_id=5064"},"modified":"2021-03-15T12:58:42","modified_gmt":"2021-03-15T11:58:42","slug":"pluton-rozancowy","status":"publish","type":"page","link":"https:\/\/parafiadebewielkie.pl\/?page_id=5064","title":{"rendered":"Pluton r\u00f3\u017ca\u0144cowy"},"content":{"rendered":"<style type=\"text\/css\"><\/style>\n<figure class=\"wp-block-image size-large is-resized\"><img loading=\"lazy\" decoding=\"async\" src=\"https:\/\/parafiadebewielkie.pl\/wp-content\/uploads\/2020\/10\/meskie-plutony-rozanca.png\" alt=\"\" class=\"wp-image-5260\" width=\"296\" height=\"296\" srcset=\"https:\/\/parafiadebewielkie.pl\/wp-content\/uploads\/2020\/10\/meskie-plutony-rozanca.png 296w, https:\/\/parafiadebewielkie.pl\/wp-content\/uploads\/2020\/10\/meskie-plutony-rozanca-150x150.png 150w, https:\/\/parafiadebewielkie.pl\/wp-content\/uploads\/2020\/10\/meskie-plutony-rozanca-70x70.png 70w\" sizes=\"auto, (max-width: 296px) 100vw, 296px\" \/><\/figure>\n\n\n\n<figure class=\"wp-block-image size-large\"><img loading=\"lazy\" decoding=\"async\" width=\"1024\" height=\"484\" src=\"https:\/\/parafiadebewielkie.pl\/wp-content\/uploads\/2021\/03\/IMG_20210117_125254-1024x484.jpg\" alt=\"\" class=\"wp-image-5598\" srcset=\"https:\/\/parafiadebewielkie.pl\/wp-content\/uploads\/2021\/03\/IMG_20210117_125254-1024x484.jpg 1024w, https:\/\/parafiadebewielkie.pl\/wp-content\/uploads\/2021\/03\/IMG_20210117_125254-300x142.jpg 300w, https:\/\/parafiadebewielkie.pl\/wp-content\/uploads\/2021\/03\/IMG_20210117_125254-768x363.jpg 768w, https:\/\/parafiadebewielkie.pl\/wp-content\/uploads\/2021\/03\/IMG_20210117_125254-1536x725.jpg 1536w, https:\/\/parafiadebewielkie.pl\/wp-content\/uploads\/2021\/03\/IMG_20210117_125254-2048x967.jpg 2048w, https:\/\/parafiadebewielkie.pl\/wp-content\/uploads\/2021\/03\/IMG_20210117_125254-580x274.jpg 580w, https:\/\/parafiadebewielkie.pl\/wp-content\/uploads\/2021\/03\/IMG_20210117_125254-860x406.jpg 860w, https:\/\/parafiadebewielkie.pl\/wp-content\/uploads\/2021\/03\/IMG_20210117_125254-1160x548.jpg 1160w, https:\/\/parafiadebewielkie.pl\/wp-content\/uploads\/2021\/03\/IMG_20210117_125254-1320x623.jpg 1320w\" sizes=\"auto, (max-width: 1024px) 100vw, 1024px\" \/><\/figure>\n\n\n\n<p>Pluton R\u00f3\u017ca\u0144cowy to wsp\u00f3lnota m\u0119ska, kt\u00f3ra zosta\u0142a zawi\u0105zana przez ksi\u0119dza proboszcza S\u0142awomira \u017barskiego w 2016 r. Cyklicznie raz w miesi\u0105cu, w pierwsz\u0105 sobot\u0119 miesi\u0105ca, o godz. 8.40, odbywaj\u0105 si\u0119 spotkania formacyjne wsp\u00f3lnoty. Dow\u00f3dc\u0105 Plutonu R\u00f3\u017ca\u0144cowego jest Mariusz Bu\u0142a\u015b. Celem dzia\u0142ania Plutonu jest modlitwa, s\u0142u\u017cba Bogu oraz ludziom, a tak\u017ce integracja m\u0119\u017cczyzn w duchu prawdy, honoru i m\u0119stwa. Cz\u0142onkowie Plutonu wspieraj\u0105 inicjatywy modlitewne w parafii (np. regularne nabo\u017ce\u0144stwa wynagradzaj\u0105ce lub czuwania modlitewne) oraz anga\u017cuj\u0105 si\u0119 bezpo\u015brednio w pomoc osobom potrzebuj\u0105cym, poprzez po\u015bwi\u0119cenie swojego czasu i pracy dla dobra wsp\u00f3lnoty parafialnej.&nbsp;<\/p>\n\n\n\n<p><br>Sk\u0142adaj\u0105c przysi\u0119g\u0119:<\/p>\n\n\n\n<p>JA.\u017bO\u0141NIERZ WOJSKA \u015aWI\u0118TYCH APOSTO\u0141\u00d3W PIOTRA I PAW\u0141A,\u015aLUBUJ\u0118 BOGU WSZECHMOG\u0104CEMU I MOIM BLIZNIM,MOJEJ OJCZYZNIE NIEBIESKIEJ I ZIEMSKIEJ,ZAWIERZAJ\u0104C SIEBIE I MOJ\u0104 RODZIN\u0118,MATCE BO\u017bEJ R\u00d3\u017bA\u0143COWEJ CHC\u0118 S\u0141U\u017bY\u0106 Z WIAR\u0104,ODWAG\u0104 I GORLIWO\u015aCI\u0104,KO\u015aCIO\u0141OWI POWSZECHNEMU I MOJEJ PARAFI,ABY BUDOWA\u0106 CYWILIZACJ\u0118 \u017bYCIA I MI\u0141O\u015aCI,PRAGN\u0118 PODJ\u0104\u0106 OFIARN\u0104 WALK\u0118,Z MOIMI S\u0141ABO\u015aCIAMI I POKUSAMI,B\u0118DE ODMAWIA\u0141 DZIESI\u0104TEK R\u00d3\u017bA\u0143CA,BO TO NAJLEPSZA M\u0118SKA BRO\u0143,W WALCE Z SI\u0141AMI K\u0141AMSTWA I CIEMNO\u015aCI,POSTANAWIAM KROCZY\u0106 DROG\u0104 PRAWDY,HONORU I M\u0118STWA,TAK MI DOPOM\u00d3\u017b B\u00d3G!<br>zmienili\u015bmy swoje spojrzenie na \u017cycie. Je\u017celi kto\u015b jest gotowy kroczy\u0107 t\u0105 \u015bcie\u017ck\u0105&nbsp;zapraszamy w nasze szeregi.<\/p>\n\n\n\n<p>Pluton R\u00f3\u017ca\u0144cowy spotyka si\u0119 w ka\u017cd\u0105 drug\u0105 niedziel\u0119 miesi\u0105ca po Mszy \u015bw. o godz. 12.00 na specjalnej konferencji z racji Roku Jubileuszu Mi\u0142osierdzia. Po konferencji nast\u0119puje wymiana tajemnic r\u00f3\u017ca\u0144cowych.<br><br>Has\u0142em M\u0119skich Pluton\u00f3w R\u00f3\u017ca\u0144cowych jest modlitwa &#8211; wezwanie: &#8222;Prowad\u017a nas, Panie, drog\u0105 prawdy, honoru, pokory i m\u0119stwa&#8221;.<br>Zapraszamy do naszej wsp\u00f3lnoty innych m\u0119\u017cczyzn, kt\u00f3rzy poprzez modlitw\u0119 r\u00f3\u017ca\u0144cow\u0105 i spotkania towarzyskie i wojskowe, b\u0119d\u0105 wspiera\u0107 duszpasterzy w wielu inicjatywach, budowania wsp\u00f3lnoty parafialnej na warto\u015bciach Bo\u017cych dla dobra dzieci i m\u0142odzie\u017cy.<\/p>\n\n\n\n<figure class=\"wp-block-image size-large\"><img loading=\"lazy\" decoding=\"async\" width=\"1024\" height=\"627\" src=\"https:\/\/parafiadebewielkie.pl\/wp-content\/uploads\/2021\/03\/IMG_20200607_210142-1024x627.jpg\" alt=\"\" class=\"wp-image-5597\" srcset=\"https:\/\/parafiadebewielkie.pl\/wp-content\/uploads\/2021\/03\/IMG_20200607_210142-1024x627.jpg 1024w, https:\/\/parafiadebewielkie.pl\/wp-content\/uploads\/2021\/03\/IMG_20200607_210142-300x184.jpg 300w, https:\/\/parafiadebewielkie.pl\/wp-content\/uploads\/2021\/03\/IMG_20200607_210142-768x470.jpg 768w, https:\/\/parafiadebewielkie.pl\/wp-content\/uploads\/2021\/03\/IMG_20200607_210142-1536x940.jpg 1536w, https:\/\/parafiadebewielkie.pl\/wp-content\/uploads\/2021\/03\/IMG_20200607_210142-2048x1253.jpg 2048w, https:\/\/parafiadebewielkie.pl\/wp-content\/uploads\/2021\/03\/IMG_20200607_210142-580x355.jpg 580w, https:\/\/parafiadebewielkie.pl\/wp-content\/uploads\/2021\/03\/IMG_20200607_210142-860x526.jpg 860w, https:\/\/parafiadebewielkie.pl\/wp-content\/uploads\/2021\/03\/IMG_20200607_210142-1160x710.jpg 1160w, https:\/\/parafiadebewielkie.pl\/wp-content\/uploads\/2021\/03\/IMG_20200607_210142-1320x808.jpg 1320w\" sizes=\"auto, (max-width: 1024px) 100vw, 1024px\" \/><\/figure>\n\n\n\n<p><\/p>\n","protected":false},"excerpt":{"rendered":"<p>Pluton R\u00f3\u017ca\u0144cowy to wsp\u00f3lnota m\u0119ska, kt\u00f3ra zosta\u0142a zawi\u0105zana przez ksi\u0119dza proboszcza S\u0142awomira \u017barskiego w 2016 r. Cyklicznie raz w miesi\u0105cu, w pierwsz\u0105 sobot\u0119 miesi\u0105ca, o godz. 8.40, odbywaj\u0105 si\u0119 spotkania formacyjne wsp\u00f3lnoty. Dow\u00f3dc\u0105 Plutonu R\u00f3\u017ca\u0144cowego jest Mariusz Bu\u0142a\u015b. Celem dzia\u0142ania Plutonu jest modlitwa, s\u0142u\u017cba Bogu oraz ludziom, a tak\u017ce integracja m\u0119\u017cczyzn w duchu prawdy, honoru&#8230;<\/p>\n","protected":false},"author":1,"featured_media":0,"parent":4945,"menu_order":0,"comment_status":"closed","ping_status":"closed","template":"","meta":{"_price":"","_stock":"","_tribe_ticket_header":"","_tribe_default_ticket_provider":"","_tribe_ticket_capacity":"0","_ticket_start_date":"","_ticket_end_date":"","_tribe_ticket_show_description":"","_tribe_ticket_show_not_going":false,"_tribe_ticket_use_global_stock":"","_tribe_ticket_global_stock_level":"","_global_stock_mode":"","_global_stock_cap":"","_tribe_rsvp_for_event":"","_tribe_ticket_going_count":"","_tribe_ticket_not_going_count":"","_tribe_tickets_list":"[]","_tribe_ticket_has_attendee_info_fields":false,"footnotes":""},"class_list":["post-5064","page","type-page","status-publish","hentry"],"yoast_head":"<!-- This site is optimized with the Yoast SEO plugin v27.4 - https:\/\/yoast.com\/product\/yoast-seo-wordpress\/ -->\n<title>Pluton r\u00f3\u017ca\u0144cowy - Parafia \u015awi\u0119tych Aposto\u0142\u00f3w Piotra i Paw\u0142a w D\u0119bem Wielkim<\/title>\n<meta name=\"robots\" content=\"index, follow, max-snippet:-1, max-image-preview:large, max-video-preview:-1\" \/>\n<link rel=\"canonical\" href=\"https:\/\/parafiadebewielkie.pl\/?page_id=5064\" \/>\n<meta property=\"og:locale\" content=\"pl_PL\" \/>\n<meta property=\"og:type\" content=\"article\" \/>\n<meta property=\"og:title\" content=\"Pluton r\u00f3\u017ca\u0144cowy - Parafia \u015awi\u0119tych Aposto\u0142\u00f3w Piotra i Paw\u0142a w D\u0119bem Wielkim\" \/>\n<meta property=\"og:description\" content=\"Pluton R\u00f3\u017ca\u0144cowy to wsp\u00f3lnota m\u0119ska, kt\u00f3ra zosta\u0142a zawi\u0105zana przez ksi\u0119dza proboszcza S\u0142awomira \u017barskiego w 2016 r. Cyklicznie raz w miesi\u0105cu, w pierwsz\u0105 sobot\u0119 miesi\u0105ca, o godz. 8.40, odbywaj\u0105 si\u0119 spotkania formacyjne wsp\u00f3lnoty. Dow\u00f3dc\u0105 Plutonu R\u00f3\u017ca\u0144cowego jest Mariusz Bu\u0142a\u015b. Celem dzia\u0142ania Plutonu jest modlitwa, s\u0142u\u017cba Bogu oraz ludziom, a tak\u017ce integracja m\u0119\u017cczyzn w duchu prawdy, honoru...\" \/>\n<meta property=\"og:url\" content=\"https:\/\/parafiadebewielkie.pl\/?page_id=5064\" \/>\n<meta property=\"og:site_name\" content=\"Parafia \u015awi\u0119tych Aposto\u0142\u00f3w Piotra i Paw\u0142a w D\u0119bem Wielkim\" \/>\n<meta property=\"article:modified_time\" content=\"2021-03-15T11:58:42+00:00\" \/>\n<meta property=\"og:image\" content=\"https:\/\/parafiadebewielkie.pl\/wp-content\/uploads\/2020\/10\/meskie-plutony-rozanca.png\" \/>\n<meta name=\"twitter:card\" content=\"summary_large_image\" \/>\n<meta name=\"twitter:label1\" content=\"Szacowany czas czytania\" \/>\n\t<meta name=\"twitter:data1\" content=\"2 minuty\" \/>\n<script type=\"application\/ld+json\" class=\"yoast-schema-graph\">{\"@context\":\"https:\\\/\\\/schema.org\",\"@graph\":[{\"@type\":\"WebPage\",\"@id\":\"https:\\\/\\\/parafiadebewielkie.pl\\\/?page_id=5064\",\"url\":\"https:\\\/\\\/parafiadebewielkie.pl\\\/?page_id=5064\",\"name\":\"Pluton r\u00f3\u017ca\u0144cowy - Parafia \u015awi\u0119tych Aposto\u0142\u00f3w Piotra i Paw\u0142a w D\u0119bem Wielkim\",\"isPartOf\":{\"@id\":\"https:\\\/\\\/parafiadebewielkie.pl\\\/#website\"},\"primaryImageOfPage\":{\"@id\":\"https:\\\/\\\/parafiadebewielkie.pl\\\/?page_id=5064#primaryimage\"},\"image\":{\"@id\":\"https:\\\/\\\/parafiadebewielkie.pl\\\/?page_id=5064#primaryimage\"},\"thumbnailUrl\":\"https:\\\/\\\/parafiadebewielkie.pl\\\/wp-content\\\/uploads\\\/2020\\\/10\\\/meskie-plutony-rozanca.png\",\"datePublished\":\"2020-10-26T09:48:51+00:00\",\"dateModified\":\"2021-03-15T11:58:42+00:00\",\"breadcrumb\":{\"@id\":\"https:\\\/\\\/parafiadebewielkie.pl\\\/?page_id=5064#breadcrumb\"},\"inLanguage\":\"pl-PL\",\"potentialAction\":[{\"@type\":\"ReadAction\",\"target\":[\"https:\\\/\\\/parafiadebewielkie.pl\\\/?page_id=5064\"]}]},{\"@type\":\"ImageObject\",\"inLanguage\":\"pl-PL\",\"@id\":\"https:\\\/\\\/parafiadebewielkie.pl\\\/?page_id=5064#primaryimage\",\"url\":\"https:\\\/\\\/parafiadebewielkie.pl\\\/wp-content\\\/uploads\\\/2020\\\/10\\\/meskie-plutony-rozanca.png\",\"contentUrl\":\"https:\\\/\\\/parafiadebewielkie.pl\\\/wp-content\\\/uploads\\\/2020\\\/10\\\/meskie-plutony-rozanca.png\",\"width\":296,\"height\":296},{\"@type\":\"BreadcrumbList\",\"@id\":\"https:\\\/\\\/parafiadebewielkie.pl\\\/?page_id=5064#breadcrumb\",\"itemListElement\":[{\"@type\":\"ListItem\",\"position\":1,\"name\":\"Home\",\"item\":\"https:\\\/\\\/parafiadebewielkie.pl\\\/\"},{\"@type\":\"ListItem\",\"position\":2,\"name\":\"Wsp\u00f3lnoty\",\"item\":\"https:\\\/\\\/parafiadebewielkie.pl\\\/?page_id=4945\"},{\"@type\":\"ListItem\",\"position\":3,\"name\":\"Pluton r\u00f3\u017ca\u0144cowy\"}]},{\"@type\":\"WebSite\",\"@id\":\"https:\\\/\\\/parafiadebewielkie.pl\\\/#website\",\"url\":\"https:\\\/\\\/parafiadebewielkie.pl\\\/\",\"name\":\"Parafia \u015awi\u0119tych Aposto\u0142\u00f3w Piotra i Paw\u0142a w D\u0119bem Wielkim\",\"description\":\"\",\"potentialAction\":[{\"@type\":\"SearchAction\",\"target\":{\"@type\":\"EntryPoint\",\"urlTemplate\":\"https:\\\/\\\/parafiadebewielkie.pl\\\/?s={search_term_string}\"},\"query-input\":{\"@type\":\"PropertyValueSpecification\",\"valueRequired\":true,\"valueName\":\"search_term_string\"}}],\"inLanguage\":\"pl-PL\"}]}<\/script>\n<!-- \/ Yoast SEO plugin. -->","yoast_head_json":{"title":"Pluton r\u00f3\u017ca\u0144cowy - Parafia \u015awi\u0119tych Aposto\u0142\u00f3w Piotra i Paw\u0142a w D\u0119bem Wielkim","robots":{"index":"index","follow":"follow","max-snippet":"max-snippet:-1","max-image-preview":"max-image-preview:large","max-video-preview":"max-video-preview:-1"},"canonical":"https:\/\/parafiadebewielkie.pl\/?page_id=5064","og_locale":"pl_PL","og_type":"article","og_title":"Pluton r\u00f3\u017ca\u0144cowy - Parafia \u015awi\u0119tych Aposto\u0142\u00f3w Piotra i Paw\u0142a w D\u0119bem Wielkim","og_description":"Pluton R\u00f3\u017ca\u0144cowy to wsp\u00f3lnota m\u0119ska, kt\u00f3ra zosta\u0142a zawi\u0105zana przez ksi\u0119dza proboszcza S\u0142awomira \u017barskiego w 2016 r. Cyklicznie raz w miesi\u0105cu, w pierwsz\u0105 sobot\u0119 miesi\u0105ca, o godz. 8.40, odbywaj\u0105 si\u0119 spotkania formacyjne wsp\u00f3lnoty. Dow\u00f3dc\u0105 Plutonu R\u00f3\u017ca\u0144cowego jest Mariusz Bu\u0142a\u015b. Celem dzia\u0142ania Plutonu jest modlitwa, s\u0142u\u017cba Bogu oraz ludziom, a tak\u017ce integracja m\u0119\u017cczyzn w duchu prawdy, honoru...","og_url":"https:\/\/parafiadebewielkie.pl\/?page_id=5064","og_site_name":"Parafia \u015awi\u0119tych Aposto\u0142\u00f3w Piotra i Paw\u0142a w D\u0119bem Wielkim","article_modified_time":"2021-03-15T11:58:42+00:00","og_image":[{"url":"https:\/\/parafiadebewielkie.pl\/wp-content\/uploads\/2020\/10\/meskie-plutony-rozanca.png","type":"","width":"","height":""}],"twitter_card":"summary_large_image","twitter_misc":{"Szacowany czas czytania":"2 minuty"},"schema":{"@context":"https:\/\/schema.org","@graph":[{"@type":"WebPage","@id":"https:\/\/parafiadebewielkie.pl\/?page_id=5064","url":"https:\/\/parafiadebewielkie.pl\/?page_id=5064","name":"Pluton r\u00f3\u017ca\u0144cowy - Parafia \u015awi\u0119tych Aposto\u0142\u00f3w Piotra i Paw\u0142a w D\u0119bem Wielkim","isPartOf":{"@id":"https:\/\/parafiadebewielkie.pl\/#website"},"primaryImageOfPage":{"@id":"https:\/\/parafiadebewielkie.pl\/?page_id=5064#primaryimage"},"image":{"@id":"https:\/\/parafiadebewielkie.pl\/?page_id=5064#primaryimage"},"thumbnailUrl":"https:\/\/parafiadebewielkie.pl\/wp-content\/uploads\/2020\/10\/meskie-plutony-rozanca.png","datePublished":"2020-10-26T09:48:51+00:00","dateModified":"2021-03-15T11:58:42+00:00","breadcrumb":{"@id":"https:\/\/parafiadebewielkie.pl\/?page_id=5064#breadcrumb"},"inLanguage":"pl-PL","potentialAction":[{"@type":"ReadAction","target":["https:\/\/parafiadebewielkie.pl\/?page_id=5064"]}]},{"@type":"ImageObject","inLanguage":"pl-PL","@id":"https:\/\/parafiadebewielkie.pl\/?page_id=5064#primaryimage","url":"https:\/\/parafiadebewielkie.pl\/wp-content\/uploads\/2020\/10\/meskie-plutony-rozanca.png","contentUrl":"https:\/\/parafiadebewielkie.pl\/wp-content\/uploads\/2020\/10\/meskie-plutony-rozanca.png","width":296,"height":296},{"@type":"BreadcrumbList","@id":"https:\/\/parafiadebewielkie.pl\/?page_id=5064#breadcrumb","itemListElement":[{"@type":"ListItem","position":1,"name":"Home","item":"https:\/\/parafiadebewielkie.pl\/"},{"@type":"ListItem","position":2,"name":"Wsp\u00f3lnoty","item":"https:\/\/parafiadebewielkie.pl\/?page_id=4945"},{"@type":"ListItem","position":3,"name":"Pluton r\u00f3\u017ca\u0144cowy"}]},{"@type":"WebSite","@id":"https:\/\/parafiadebewielkie.pl\/#website","url":"https:\/\/parafiadebewielkie.pl\/","name":"Parafia \u015awi\u0119tych Aposto\u0142\u00f3w Piotra i Paw\u0142a w D\u0119bem Wielkim","description":"","potentialAction":[{"@type":"SearchAction","target":{"@type":"EntryPoint","urlTemplate":"https:\/\/parafiadebewielkie.pl\/?s={search_term_string}"},"query-input":{"@type":"PropertyValueSpecification","valueRequired":true,"valueName":"search_term_string"}}],"inLanguage":"pl-PL"}]}},"ticketed":false,"_links":{"self":[{"href":"https:\/\/parafiadebewielkie.pl\/index.php?rest_route=\/wp\/v2\/pages\/5064","targetHints":{"allow":["GET"]}}],"collection":[{"href":"https:\/\/parafiadebewielkie.pl\/index.php?rest_route=\/wp\/v2\/pages"}],"about":[{"href":"https:\/\/parafiadebewielkie.pl\/index.php?rest_route=\/wp\/v2\/types\/page"}],"author":[{"embeddable":true,"href":"https:\/\/parafiadebewielkie.pl\/index.php?rest_route=\/wp\/v2\/users\/1"}],"replies":[{"embeddable":true,"href":"https:\/\/parafiadebewielkie.pl\/index.php?rest_route=%2Fwp%2Fv2%2Fcomments&post=5064"}],"version-history":[{"count":6,"href":"https:\/\/parafiadebewielkie.pl\/index.php?rest_route=\/wp\/v2\/pages\/5064\/revisions"}],"predecessor-version":[{"id":5633,"href":"https:\/\/parafiadebewielkie.pl\/index.php?rest_route=\/wp\/v2\/pages\/5064\/revisions\/5633"}],"up":[{"embeddable":true,"href":"https:\/\/parafiadebewielkie.pl\/index.php?rest_route=\/wp\/v2\/pages\/4945"}],"wp:attachment":[{"href":"https:\/\/parafiadebewielkie.pl\/index.php?rest_route=%2Fwp%2Fv2%2Fmedia&parent=5064"}],"curies":[{"name":"wp","href":"https:\/\/api.w.org\/{rel}","templated":true}]}}