{"id":5062,"date":"2020-10-26T10:48:51","date_gmt":"2020-10-26T09:48:51","guid":{"rendered":"https:\/\/create24.thecamels.pl\/parafiadebewielkie.pl\/new\/?page_id=5062"},"modified":"2021-03-16T10:59:39","modified_gmt":"2021-03-16T09:59:39","slug":"rodzinne-kola-rozancowe","status":"publish","type":"page","link":"https:\/\/parafiadebewielkie.pl\/?page_id=5062","title":{"rendered":"R\u00f3\u017ce Rodzinne"},"content":{"rendered":"<style type=\"text\/css\"><\/style>\n<figure class=\"wp-block-image size-large is-resized\"><img loading=\"lazy\" decoding=\"async\" src=\"https:\/\/parafiadebewielkie.pl\/wp-content\/uploads\/2021\/03\/roze-rodzinne.jpg\" alt=\"\" class=\"wp-image-5654\" width=\"236\" height=\"237\" srcset=\"https:\/\/parafiadebewielkie.pl\/wp-content\/uploads\/2021\/03\/roze-rodzinne.jpg 542w, https:\/\/parafiadebewielkie.pl\/wp-content\/uploads\/2021\/03\/roze-rodzinne-300x300.jpg 300w, https:\/\/parafiadebewielkie.pl\/wp-content\/uploads\/2021\/03\/roze-rodzinne-150x150.jpg 150w, https:\/\/parafiadebewielkie.pl\/wp-content\/uploads\/2021\/03\/roze-rodzinne-70x70.jpg 70w, https:\/\/parafiadebewielkie.pl\/wp-content\/uploads\/2021\/03\/roze-rodzinne-360x360.jpg 360w\" sizes=\"auto, (max-width: 236px) 100vw, 236px\" \/><\/figure>\n\n\n\n<p class=\"has-text-align-left\">&#8222;Ka\u017cde Zdrowa\u015b Maryjo jest spowijaniem w chwa\u0142\u0119 Maryi. S\u0105 to jakby r\u00f3\u017ce, a w ka\u017cdej r\u00f3\u017cyczce Jezus. (&#8230;) I chocia\u017c my\u015bli nasze, uczucia i s\u0142owa pozdrawiaj\u0105 Maryj\u0119, kieruj\u0105 si\u0119 jednak ku jej Synowi, raduj\u0105 si\u0119 Jezusem i rozwa\u017caj\u0105 Jego \u017cycie.&#8221; S\u0142uga Bo\u017cy ks. kard. Stefan Wyszy\u0144ski.<br>W naszej parafii czynnie dzia\u0142a i modli si\u0119 wsp\u00f3lnota R\u00f3\u017c Rodzinnych skupiaj\u0105ca w swych grupach doros\u0142ych, dzieci i m\u0142odzie\u017c. Pierwsza R\u00f3\u017ca powsta\u0142a w lutym 2014 roku, a ostania w listopadzie 2015 roku. Do parafialnej ksi\u0119gi \u017bywego R\u00f3\u017ca\u0144ca zosta\u0142y wpisane nast\u0119puj\u0105ce R\u00f3\u017ce:<\/p>\n\n\n\n<p class=\"has-text-align-left\"><br>R\u00f3\u017ca \u015bw. Rodziny<br>R\u00f3\u017ca \u015bw. Jana Paw\u0142a II<br>R\u00f3\u017ca \u015bw. Rity<br>R\u00f3\u017ca \u015bw. Anny<br>R\u00f3\u017ca \u015bw. Agnieszki<br>R\u00f3\u017ca \u015bw. Dominika Savio &#8211; m\u0142odzie\u017cowo-dzieci\u0119ca<br>R\u00f3\u017ca b\u0142. Karoliny Kozk\u00f3wny &#8211; m\u0142odzie\u017cowa<br>R\u00f3\u017ca \u015bw. s. Faustyny Kowalskiej<br><\/p>\n\n\n\n<p class=\"has-text-align-left\">G\u0142\u00f3wn\u0105 intencj\u0105 R\u00f3\u017c doros\u0142ych jest modlitwa &#8211; rodzic\u00f3w za swoje dzieci, o ochron\u0119 przed wszelkim z\u0142em, zw\u0142aszcza tym, kt\u00f3re mo\u017ce wyp\u0142ywa\u0107 ze s\u0142abo\u015bci i grzech\u00f3w rodzicielskich, ma\u0142\u017ce\u0144stw o dar rodzicielstwa, ma\u0142\u017ce\u0144stw zagro\u017conych rozpadem o mi\u0142o\u015b\u0107 i jedno\u015b\u0107 serc, os\u00f3b samotnych o \u0142ask\u0119 za\u0142o\u017cenia rodziny lub rozpoznanie Woli Bo\u017cej, chorych o uzdrowienie na duchu lub ciele, rodzin, borykaj\u0105cych si\u0119 z trudno\u015bciami dnia codziennego o B\u0142ogos\u0142awie\u0144stwo Bo\u017ce i potrzebne \u0142aski.<br>R\u00f3\u017ce m\u0142odzie\u017cowa i m\u0142odzie\u017cowo-dzieci\u0119ca modl\u0105 si\u0119 we w\u0142asnych intencjach np. za rodzic\u00f3w o wzajemn\u0105 mi\u0142o\u015b\u0107 dla nich, o szcz\u0119\u015bliwie zdanie egzamin\u00f3w na uczelni\u0119, o ch\u0119\u0107 do nauki , o dobrych przyjaci\u00f3\u0142, o Bo\u017ce prowadzenie i dojrza\u0142e decyzje na progu doros\u0142o\u015bci itp.<br>R\u00f3\u017ce zosta\u0142y uroczy\u015bcie zawierzone Matce Bo\u017cej pod opiek\u0119 i maj\u0105 swoich patron\u00f3w, kt\u00f3rzy dodatkowo or\u0119duj\u0105 w niebie, wypraszaj\u0105c \u0142aski swoim czcicielom. Ka\u017cda R\u00f3\u017ca posiada dwadzie\u015bcia os\u00f3b, z kt\u00f3rych ka\u017cda odmawia jeden dziesi\u0105tek r\u00f3\u017ca\u0144ca, czyli jedn\u0105 tajemnic\u0119 po\u0142\u0105czon\u0105 z kr\u00f3tkim rozwa\u017caniem. W ten spos\u00f3b codziennie jest odmawiany ca\u0142y R\u00f3\u017caniec &#8211; dwadzie\u015bcia tajemnic. Jest to &#8222;wieniec r\u00f3\u017cany&#8221; sk\u0142adany u st\u00f3p Maryi, Kr\u00f3lowej Rodzin. Ka\u017cda R\u00f3\u017ca ma swoj\u0105 zelatork\u0119, kt\u00f3ra opiekuje si\u0119 grup\u0105 i przygotowuje tajemnice w kopertach do comiesi\u0119cznej wymiany. Wymiana nast\u0119puje zawsze w pierwsz\u0105 niedziel\u0119 miesi\u0105ca o 10:15 na salkach przy plebanii. Wszystkie osoby, kt\u00f3re chc\u0105 z Maryj\u0105 i Jezusem i\u015b\u0107 przez \u015bwiat, podejmuj\u0105c modlitw\u0119 dziesi\u0105tkiem r\u00f3\u017ca\u0144ca, serdecznie zapraszamy do zapisywania si\u0119. Wszelkie informacje i kontakt do animatorki mo\u017cna uzyska\u0107 w zakrystii.<\/p>\n","protected":false},"excerpt":{"rendered":"<p>&#8222;Ka\u017cde Zdrowa\u015b Maryjo jest spowijaniem w chwa\u0142\u0119 Maryi. S\u0105 to jakby r\u00f3\u017ce, a w ka\u017cdej r\u00f3\u017cyczce Jezus. (&#8230;) I chocia\u017c my\u015bli nasze, uczucia i s\u0142owa pozdrawiaj\u0105 Maryj\u0119, kieruj\u0105 si\u0119 jednak ku jej Synowi, raduj\u0105 si\u0119 Jezusem i rozwa\u017caj\u0105 Jego \u017cycie.&#8221; S\u0142uga Bo\u017cy ks. kard. Stefan Wyszy\u0144ski.W naszej parafii czynnie dzia\u0142a i modli si\u0119 wsp\u00f3lnota R\u00f3\u017c&#8230;<\/p>\n","protected":false},"author":1,"featured_media":0,"parent":4945,"menu_order":0,"comment_status":"closed","ping_status":"closed","template":"","meta":{"_price":"","_stock":"","_tribe_ticket_header":"","_tribe_default_ticket_provider":"","_tribe_ticket_capacity":"0","_ticket_start_date":"","_ticket_end_date":"","_tribe_ticket_show_description":"","_tribe_ticket_show_not_going":false,"_tribe_ticket_use_global_stock":"","_tribe_ticket_global_stock_level":"","_global_stock_mode":"","_global_stock_cap":"","_tribe_rsvp_for_event":"","_tribe_ticket_going_count":"","_tribe_ticket_not_going_count":"","_tribe_tickets_list":"[]","_tribe_ticket_has_attendee_info_fields":false,"footnotes":""},"class_list":["post-5062","page","type-page","status-publish","hentry"],"yoast_head":"<!-- This site is optimized with the Yoast SEO plugin v27.4 - https:\/\/yoast.com\/product\/yoast-seo-wordpress\/ -->\n<title>R\u00f3\u017ce Rodzinne - Parafia \u015awi\u0119tych Aposto\u0142\u00f3w Piotra i Paw\u0142a w D\u0119bem Wielkim<\/title>\n<meta name=\"robots\" content=\"index, follow, max-snippet:-1, max-image-preview:large, max-video-preview:-1\" \/>\n<link rel=\"canonical\" href=\"https:\/\/parafiadebewielkie.pl\/?page_id=5062\" \/>\n<meta property=\"og:locale\" content=\"pl_PL\" \/>\n<meta property=\"og:type\" content=\"article\" \/>\n<meta property=\"og:title\" content=\"R\u00f3\u017ce Rodzinne - Parafia \u015awi\u0119tych Aposto\u0142\u00f3w Piotra i Paw\u0142a w D\u0119bem Wielkim\" \/>\n<meta property=\"og:description\" content=\"&#8222;Ka\u017cde Zdrowa\u015b Maryjo jest spowijaniem w chwa\u0142\u0119 Maryi. S\u0105 to jakby r\u00f3\u017ce, a w ka\u017cdej r\u00f3\u017cyczce Jezus. (&#8230;) I chocia\u017c my\u015bli nasze, uczucia i s\u0142owa pozdrawiaj\u0105 Maryj\u0119, kieruj\u0105 si\u0119 jednak ku jej Synowi, raduj\u0105 si\u0119 Jezusem i rozwa\u017caj\u0105 Jego \u017cycie.&#8221; S\u0142uga Bo\u017cy ks. kard. Stefan Wyszy\u0144ski.W naszej parafii czynnie dzia\u0142a i modli si\u0119 wsp\u00f3lnota R\u00f3\u017c...\" \/>\n<meta property=\"og:url\" content=\"https:\/\/parafiadebewielkie.pl\/?page_id=5062\" \/>\n<meta property=\"og:site_name\" content=\"Parafia \u015awi\u0119tych Aposto\u0142\u00f3w Piotra i Paw\u0142a w D\u0119bem Wielkim\" \/>\n<meta property=\"article:modified_time\" content=\"2021-03-16T09:59:39+00:00\" \/>\n<meta property=\"og:image\" content=\"https:\/\/parafiadebewielkie.pl\/wp-content\/uploads\/2021\/03\/roze-rodzinne.jpg\" \/>\n<meta name=\"twitter:card\" content=\"summary_large_image\" \/>\n<meta name=\"twitter:label1\" content=\"Szacowany czas czytania\" \/>\n\t<meta name=\"twitter:data1\" content=\"2 minuty\" \/>\n<script type=\"application\/ld+json\" class=\"yoast-schema-graph\">{\"@context\":\"https:\\\/\\\/schema.org\",\"@graph\":[{\"@type\":\"WebPage\",\"@id\":\"https:\\\/\\\/parafiadebewielkie.pl\\\/?page_id=5062\",\"url\":\"https:\\\/\\\/parafiadebewielkie.pl\\\/?page_id=5062\",\"name\":\"R\u00f3\u017ce Rodzinne - Parafia \u015awi\u0119tych Aposto\u0142\u00f3w Piotra i Paw\u0142a w D\u0119bem Wielkim\",\"isPartOf\":{\"@id\":\"https:\\\/\\\/parafiadebewielkie.pl\\\/#website\"},\"primaryImageOfPage\":{\"@id\":\"https:\\\/\\\/parafiadebewielkie.pl\\\/?page_id=5062#primaryimage\"},\"image\":{\"@id\":\"https:\\\/\\\/parafiadebewielkie.pl\\\/?page_id=5062#primaryimage\"},\"thumbnailUrl\":\"https:\\\/\\\/parafiadebewielkie.pl\\\/wp-content\\\/uploads\\\/2021\\\/03\\\/roze-rodzinne.jpg\",\"datePublished\":\"2020-10-26T09:48:51+00:00\",\"dateModified\":\"2021-03-16T09:59:39+00:00\",\"breadcrumb\":{\"@id\":\"https:\\\/\\\/parafiadebewielkie.pl\\\/?page_id=5062#breadcrumb\"},\"inLanguage\":\"pl-PL\",\"potentialAction\":[{\"@type\":\"ReadAction\",\"target\":[\"https:\\\/\\\/parafiadebewielkie.pl\\\/?page_id=5062\"]}]},{\"@type\":\"ImageObject\",\"inLanguage\":\"pl-PL\",\"@id\":\"https:\\\/\\\/parafiadebewielkie.pl\\\/?page_id=5062#primaryimage\",\"url\":\"https:\\\/\\\/parafiadebewielkie.pl\\\/wp-content\\\/uploads\\\/2021\\\/03\\\/roze-rodzinne.jpg\",\"contentUrl\":\"https:\\\/\\\/parafiadebewielkie.pl\\\/wp-content\\\/uploads\\\/2021\\\/03\\\/roze-rodzinne.jpg\",\"width\":542,\"height\":543},{\"@type\":\"BreadcrumbList\",\"@id\":\"https:\\\/\\\/parafiadebewielkie.pl\\\/?page_id=5062#breadcrumb\",\"itemListElement\":[{\"@type\":\"ListItem\",\"position\":1,\"name\":\"Home\",\"item\":\"https:\\\/\\\/parafiadebewielkie.pl\\\/\"},{\"@type\":\"ListItem\",\"position\":2,\"name\":\"Wsp\u00f3lnoty\",\"item\":\"https:\\\/\\\/parafiadebewielkie.pl\\\/?page_id=4945\"},{\"@type\":\"ListItem\",\"position\":3,\"name\":\"R\u00f3\u017ce Rodzinne\"}]},{\"@type\":\"WebSite\",\"@id\":\"https:\\\/\\\/parafiadebewielkie.pl\\\/#website\",\"url\":\"https:\\\/\\\/parafiadebewielkie.pl\\\/\",\"name\":\"Parafia \u015awi\u0119tych Aposto\u0142\u00f3w Piotra i Paw\u0142a w D\u0119bem Wielkim\",\"description\":\"\",\"potentialAction\":[{\"@type\":\"SearchAction\",\"target\":{\"@type\":\"EntryPoint\",\"urlTemplate\":\"https:\\\/\\\/parafiadebewielkie.pl\\\/?s={search_term_string}\"},\"query-input\":{\"@type\":\"PropertyValueSpecification\",\"valueRequired\":true,\"valueName\":\"search_term_string\"}}],\"inLanguage\":\"pl-PL\"}]}<\/script>\n<!-- \/ Yoast SEO plugin. -->","yoast_head_json":{"title":"R\u00f3\u017ce Rodzinne - Parafia \u015awi\u0119tych Aposto\u0142\u00f3w Piotra i Paw\u0142a w D\u0119bem Wielkim","robots":{"index":"index","follow":"follow","max-snippet":"max-snippet:-1","max-image-preview":"max-image-preview:large","max-video-preview":"max-video-preview:-1"},"canonical":"https:\/\/parafiadebewielkie.pl\/?page_id=5062","og_locale":"pl_PL","og_type":"article","og_title":"R\u00f3\u017ce Rodzinne - Parafia \u015awi\u0119tych Aposto\u0142\u00f3w Piotra i Paw\u0142a w D\u0119bem Wielkim","og_description":"&#8222;Ka\u017cde Zdrowa\u015b Maryjo jest spowijaniem w chwa\u0142\u0119 Maryi. S\u0105 to jakby r\u00f3\u017ce, a w ka\u017cdej r\u00f3\u017cyczce Jezus. (&#8230;) I chocia\u017c my\u015bli nasze, uczucia i s\u0142owa pozdrawiaj\u0105 Maryj\u0119, kieruj\u0105 si\u0119 jednak ku jej Synowi, raduj\u0105 si\u0119 Jezusem i rozwa\u017caj\u0105 Jego \u017cycie.&#8221; S\u0142uga Bo\u017cy ks. kard. Stefan Wyszy\u0144ski.W naszej parafii czynnie dzia\u0142a i modli si\u0119 wsp\u00f3lnota R\u00f3\u017c...","og_url":"https:\/\/parafiadebewielkie.pl\/?page_id=5062","og_site_name":"Parafia \u015awi\u0119tych Aposto\u0142\u00f3w Piotra i Paw\u0142a w D\u0119bem Wielkim","article_modified_time":"2021-03-16T09:59:39+00:00","og_image":[{"url":"https:\/\/parafiadebewielkie.pl\/wp-content\/uploads\/2021\/03\/roze-rodzinne.jpg","type":"","width":"","height":""}],"twitter_card":"summary_large_image","twitter_misc":{"Szacowany czas czytania":"2 minuty"},"schema":{"@context":"https:\/\/schema.org","@graph":[{"@type":"WebPage","@id":"https:\/\/parafiadebewielkie.pl\/?page_id=5062","url":"https:\/\/parafiadebewielkie.pl\/?page_id=5062","name":"R\u00f3\u017ce Rodzinne - Parafia \u015awi\u0119tych Aposto\u0142\u00f3w Piotra i Paw\u0142a w D\u0119bem Wielkim","isPartOf":{"@id":"https:\/\/parafiadebewielkie.pl\/#website"},"primaryImageOfPage":{"@id":"https:\/\/parafiadebewielkie.pl\/?page_id=5062#primaryimage"},"image":{"@id":"https:\/\/parafiadebewielkie.pl\/?page_id=5062#primaryimage"},"thumbnailUrl":"https:\/\/parafiadebewielkie.pl\/wp-content\/uploads\/2021\/03\/roze-rodzinne.jpg","datePublished":"2020-10-26T09:48:51+00:00","dateModified":"2021-03-16T09:59:39+00:00","breadcrumb":{"@id":"https:\/\/parafiadebewielkie.pl\/?page_id=5062#breadcrumb"},"inLanguage":"pl-PL","potentialAction":[{"@type":"ReadAction","target":["https:\/\/parafiadebewielkie.pl\/?page_id=5062"]}]},{"@type":"ImageObject","inLanguage":"pl-PL","@id":"https:\/\/parafiadebewielkie.pl\/?page_id=5062#primaryimage","url":"https:\/\/parafiadebewielkie.pl\/wp-content\/uploads\/2021\/03\/roze-rodzinne.jpg","contentUrl":"https:\/\/parafiadebewielkie.pl\/wp-content\/uploads\/2021\/03\/roze-rodzinne.jpg","width":542,"height":543},{"@type":"BreadcrumbList","@id":"https:\/\/parafiadebewielkie.pl\/?page_id=5062#breadcrumb","itemListElement":[{"@type":"ListItem","position":1,"name":"Home","item":"https:\/\/parafiadebewielkie.pl\/"},{"@type":"ListItem","position":2,"name":"Wsp\u00f3lnoty","item":"https:\/\/parafiadebewielkie.pl\/?page_id=4945"},{"@type":"ListItem","position":3,"name":"R\u00f3\u017ce Rodzinne"}]},{"@type":"WebSite","@id":"https:\/\/parafiadebewielkie.pl\/#website","url":"https:\/\/parafiadebewielkie.pl\/","name":"Parafia \u015awi\u0119tych Aposto\u0142\u00f3w Piotra i Paw\u0142a w D\u0119bem Wielkim","description":"","potentialAction":[{"@type":"SearchAction","target":{"@type":"EntryPoint","urlTemplate":"https:\/\/parafiadebewielkie.pl\/?s={search_term_string}"},"query-input":{"@type":"PropertyValueSpecification","valueRequired":true,"valueName":"search_term_string"}}],"inLanguage":"pl-PL"}]}},"ticketed":false,"_links":{"self":[{"href":"https:\/\/parafiadebewielkie.pl\/index.php?rest_route=\/wp\/v2\/pages\/5062","targetHints":{"allow":["GET"]}}],"collection":[{"href":"https:\/\/parafiadebewielkie.pl\/index.php?rest_route=\/wp\/v2\/pages"}],"about":[{"href":"https:\/\/parafiadebewielkie.pl\/index.php?rest_route=\/wp\/v2\/types\/page"}],"author":[{"embeddable":true,"href":"https:\/\/parafiadebewielkie.pl\/index.php?rest_route=\/wp\/v2\/users\/1"}],"replies":[{"embeddable":true,"href":"https:\/\/parafiadebewielkie.pl\/index.php?rest_route=%2Fwp%2Fv2%2Fcomments&post=5062"}],"version-history":[{"count":5,"href":"https:\/\/parafiadebewielkie.pl\/index.php?rest_route=\/wp\/v2\/pages\/5062\/revisions"}],"predecessor-version":[{"id":5655,"href":"https:\/\/parafiadebewielkie.pl\/index.php?rest_route=\/wp\/v2\/pages\/5062\/revisions\/5655"}],"up":[{"embeddable":true,"href":"https:\/\/parafiadebewielkie.pl\/index.php?rest_route=\/wp\/v2\/pages\/4945"}],"wp:attachment":[{"href":"https:\/\/parafiadebewielkie.pl\/index.php?rest_route=%2Fwp%2Fv2%2Fmedia&parent=5062"}],"curies":[{"name":"wp","href":"https:\/\/api.w.org\/{rel}","templated":true}]}}