{"id":5060,"date":"2020-10-26T10:48:51","date_gmt":"2020-10-26T09:48:51","guid":{"rendered":"https:\/\/create24.thecamels.pl\/parafiadebewielkie.pl\/new\/?page_id=5060"},"modified":"2021-03-16T10:53:32","modified_gmt":"2021-03-16T09:53:32","slug":"mlodziezowy-zespol-muzyczny","status":"publish","type":"page","link":"https:\/\/parafiadebewielkie.pl\/?page_id=5060","title":{"rendered":"Domowy Ko\u015bci\u00f3\u0142"},"content":{"rendered":"<style type=\"text\/css\"><\/style>\n<figure class=\"wp-block-image size-large\"><img loading=\"lazy\" decoding=\"async\" width=\"175\" height=\"175\" src=\"https:\/\/parafiadebewielkie.pl\/wp-content\/uploads\/2021\/03\/logodk.png\" alt=\"\" class=\"wp-image-5635\" srcset=\"https:\/\/parafiadebewielkie.pl\/wp-content\/uploads\/2021\/03\/logodk.png 175w, https:\/\/parafiadebewielkie.pl\/wp-content\/uploads\/2021\/03\/logodk-150x150.png 150w, https:\/\/parafiadebewielkie.pl\/wp-content\/uploads\/2021\/03\/logodk-70x70.png 70w\" sizes=\"auto, (max-width: 175px) 100vw, 175px\" \/><\/figure>\n\n\n\n<p>Domowy Ko\u015bci\u00f3\u0142<strong>,&nbsp;<\/strong>nazywany te\u017c cz\u0119stoOaz\u0105 Rodzin,&nbsp;jest ma\u0142\u017ce\u0144sko-rodzinnym ruchem \u015bwieckich w Ko\u015bciele, dzia\u0142aj\u0105cym od roku 1973 w ramach, za\u0142o\u017conego przez S\u0142ug\u0119 Bo\u017cego ksi\u0119dza Franciszka Blachnickiego,&nbsp;Ruchu \u015awiat\u0142o-\u017bycie.&nbsp;&nbsp;Wiele przej\u0105\u0142 z&nbsp; do\u015bwiadcze\u0144 mi\u0119dzynarodowego ruchu ma\u0142\u017ce\u0144stw katolickich&nbsp; Equipe Notre Dame.<\/p>\n\n\n\n<p>Domowy Ko\u015bci\u00f3\u0142 zwraca&nbsp; szczeg\u00f3ln\u0105 uwag\u0119 na duchowo\u015b\u0107 ma\u0142\u017ce\u0144sk\u0105, czyli d\u0105\u017cenie do bycia bli\u017cej Boga w jedno\u015bci ze wsp\u00f3\u0142ma\u0142\u017conkiem, co stwarza najlepsze warunki do dobrego wychowania dzieci w duchu chrze\u015bcija\u0144skim.<br>W Domowym Ko\u015bciele, ma\u0142\u017conkowie czerpi\u0105c z \u0142ask&nbsp; Sakramentu Ma\u0142\u017ce\u0144stwa, coraz bardziej otwieraj\u0105 si\u0119 na siebie nawzajem, na swoje dzieci, na cz\u0142onk\u00f3w rodziny, na ka\u017cdego cz\u0142owieka. Trwanie we wsp\u00f3lnocie, uczestniczenie w comiesi\u0119cznych spotkaniach kr\u0119gu &nbsp;pomaga ma\u0142\u017conkom podejmowa\u0107 zadania nazywane cz\u0119sto darami, szansami, aby rozwija\u0107 si\u0119 duchowo i by\u0107 coraz bli\u017cej Pana Boga&nbsp; i swojego wsp\u00f3\u0142ma\u0142\u017conka. Dlatego rodziny Domowego Ko\u015bcio\u0142a staraj\u0105 si\u0119 regularnie praktykowa\u0107:<\/p>\n\n\n\n<p>\u2013 modlitw\u0119 osobist\u0105,<br>\u2013 modlitw\u0119 ma\u0142\u017ce\u0144sk\u0105 i rodzinn\u0105,<br>\u2013 czytanie i poznawanie Pisma \u015bw.<br>\u2013 dialog ma\u0142\u017ce\u0144ski,<br>\u2013 osobist\u0105 prac\u0119 nad przemian\u0105 \u017cycia,<br>\u2013 korzystanie z r\u00f3\u017cnych form rekolekcji dla ma\u0142\u017ce\u0144stw i ca\u0142ych rodzin.<\/p>\n\n\n\n<p>Spotkania kr\u0119gu (od 4 do 7 ma\u0142\u017ce\u0144stw), na kt\u00f3rych obecny jest kap\u0142an, odbywaj\u0105 si\u0119 &nbsp;raz w miesi\u0105cu w domach rodzin, tworz\u0105cych dany kr\u0105g, dla podkre\u015blenia, \u017ce rodzina jest \u017cyw\u0105 cz\u0105stk\u0105 Ko\u015bcio\u0142a.<\/p>\n","protected":false},"excerpt":{"rendered":"<p>Domowy Ko\u015bci\u00f3\u0142,&nbsp;nazywany te\u017c cz\u0119stoOaz\u0105 Rodzin,&nbsp;jest ma\u0142\u017ce\u0144sko-rodzinnym ruchem \u015bwieckich w Ko\u015bciele, dzia\u0142aj\u0105cym od roku 1973 w ramach, za\u0142o\u017conego przez S\u0142ug\u0119 Bo\u017cego ksi\u0119dza Franciszka Blachnickiego,&nbsp;Ruchu \u015awiat\u0142o-\u017bycie.&nbsp;&nbsp;Wiele przej\u0105\u0142 z&nbsp; do\u015bwiadcze\u0144 mi\u0119dzynarodowego ruchu ma\u0142\u017ce\u0144stw katolickich&nbsp; Equipe Notre Dame. Domowy Ko\u015bci\u00f3\u0142 zwraca&nbsp; szczeg\u00f3ln\u0105 uwag\u0119 na duchowo\u015b\u0107 ma\u0142\u017ce\u0144sk\u0105, czyli d\u0105\u017cenie do bycia bli\u017cej Boga w jedno\u015bci ze wsp\u00f3\u0142ma\u0142\u017conkiem, co stwarza najlepsze&#8230;<\/p>\n","protected":false},"author":1,"featured_media":0,"parent":4945,"menu_order":0,"comment_status":"closed","ping_status":"closed","template":"","meta":{"_price":"","_stock":"","_tribe_ticket_header":"","_tribe_default_ticket_provider":"","_tribe_ticket_capacity":"0","_ticket_start_date":"","_ticket_end_date":"","_tribe_ticket_show_description":"","_tribe_ticket_show_not_going":false,"_tribe_ticket_use_global_stock":"","_tribe_ticket_global_stock_level":"","_global_stock_mode":"","_global_stock_cap":"","_tribe_rsvp_for_event":"","_tribe_ticket_going_count":"","_tribe_ticket_not_going_count":"","_tribe_tickets_list":"[]","_tribe_ticket_has_attendee_info_fields":false,"footnotes":""},"class_list":["post-5060","page","type-page","status-publish","hentry"],"yoast_head":"<!-- This site is optimized with the Yoast SEO plugin v27.4 - https:\/\/yoast.com\/product\/yoast-seo-wordpress\/ -->\n<title>Domowy Ko\u015bci\u00f3\u0142 - Parafia \u015awi\u0119tych Aposto\u0142\u00f3w Piotra i Paw\u0142a w D\u0119bem Wielkim<\/title>\n<meta name=\"robots\" content=\"index, follow, max-snippet:-1, max-image-preview:large, max-video-preview:-1\" \/>\n<link rel=\"canonical\" href=\"https:\/\/parafiadebewielkie.pl\/?page_id=5060\" \/>\n<meta property=\"og:locale\" content=\"pl_PL\" \/>\n<meta property=\"og:type\" content=\"article\" \/>\n<meta property=\"og:title\" content=\"Domowy Ko\u015bci\u00f3\u0142 - Parafia \u015awi\u0119tych Aposto\u0142\u00f3w Piotra i Paw\u0142a w D\u0119bem Wielkim\" \/>\n<meta property=\"og:description\" content=\"Domowy Ko\u015bci\u00f3\u0142,&nbsp;nazywany te\u017c cz\u0119stoOaz\u0105 Rodzin,&nbsp;jest ma\u0142\u017ce\u0144sko-rodzinnym ruchem \u015bwieckich w Ko\u015bciele, dzia\u0142aj\u0105cym od roku 1973 w ramach, za\u0142o\u017conego przez S\u0142ug\u0119 Bo\u017cego ksi\u0119dza Franciszka Blachnickiego,&nbsp;Ruchu \u015awiat\u0142o-\u017bycie.&nbsp;&nbsp;Wiele przej\u0105\u0142 z&nbsp; do\u015bwiadcze\u0144 mi\u0119dzynarodowego ruchu ma\u0142\u017ce\u0144stw katolickich&nbsp; Equipe Notre Dame. Domowy Ko\u015bci\u00f3\u0142 zwraca&nbsp; szczeg\u00f3ln\u0105 uwag\u0119 na duchowo\u015b\u0107 ma\u0142\u017ce\u0144sk\u0105, czyli d\u0105\u017cenie do bycia bli\u017cej Boga w jedno\u015bci ze wsp\u00f3\u0142ma\u0142\u017conkiem, co stwarza najlepsze...\" \/>\n<meta property=\"og:url\" content=\"https:\/\/parafiadebewielkie.pl\/?page_id=5060\" \/>\n<meta property=\"og:site_name\" content=\"Parafia \u015awi\u0119tych Aposto\u0142\u00f3w Piotra i Paw\u0142a w D\u0119bem Wielkim\" \/>\n<meta property=\"article:modified_time\" content=\"2021-03-16T09:53:32+00:00\" \/>\n<meta property=\"og:image\" content=\"https:\/\/parafiadebewielkie.pl\/wp-content\/uploads\/2021\/03\/logodk.png\" \/>\n<meta name=\"twitter:card\" content=\"summary_large_image\" \/>\n<meta name=\"twitter:label1\" content=\"Szacowany czas czytania\" \/>\n\t<meta name=\"twitter:data1\" content=\"2 minuty\" \/>\n<script type=\"application\/ld+json\" class=\"yoast-schema-graph\">{\"@context\":\"https:\\\/\\\/schema.org\",\"@graph\":[{\"@type\":\"WebPage\",\"@id\":\"https:\\\/\\\/parafiadebewielkie.pl\\\/?page_id=5060\",\"url\":\"https:\\\/\\\/parafiadebewielkie.pl\\\/?page_id=5060\",\"name\":\"Domowy Ko\u015bci\u00f3\u0142 - Parafia \u015awi\u0119tych Aposto\u0142\u00f3w Piotra i Paw\u0142a w D\u0119bem Wielkim\",\"isPartOf\":{\"@id\":\"https:\\\/\\\/parafiadebewielkie.pl\\\/#website\"},\"primaryImageOfPage\":{\"@id\":\"https:\\\/\\\/parafiadebewielkie.pl\\\/?page_id=5060#primaryimage\"},\"image\":{\"@id\":\"https:\\\/\\\/parafiadebewielkie.pl\\\/?page_id=5060#primaryimage\"},\"thumbnailUrl\":\"https:\\\/\\\/parafiadebewielkie.pl\\\/wp-content\\\/uploads\\\/2021\\\/03\\\/logodk.png\",\"datePublished\":\"2020-10-26T09:48:51+00:00\",\"dateModified\":\"2021-03-16T09:53:32+00:00\",\"breadcrumb\":{\"@id\":\"https:\\\/\\\/parafiadebewielkie.pl\\\/?page_id=5060#breadcrumb\"},\"inLanguage\":\"pl-PL\",\"potentialAction\":[{\"@type\":\"ReadAction\",\"target\":[\"https:\\\/\\\/parafiadebewielkie.pl\\\/?page_id=5060\"]}]},{\"@type\":\"ImageObject\",\"inLanguage\":\"pl-PL\",\"@id\":\"https:\\\/\\\/parafiadebewielkie.pl\\\/?page_id=5060#primaryimage\",\"url\":\"https:\\\/\\\/parafiadebewielkie.pl\\\/wp-content\\\/uploads\\\/2021\\\/03\\\/logodk.png\",\"contentUrl\":\"https:\\\/\\\/parafiadebewielkie.pl\\\/wp-content\\\/uploads\\\/2021\\\/03\\\/logodk.png\",\"width\":175,\"height\":175},{\"@type\":\"BreadcrumbList\",\"@id\":\"https:\\\/\\\/parafiadebewielkie.pl\\\/?page_id=5060#breadcrumb\",\"itemListElement\":[{\"@type\":\"ListItem\",\"position\":1,\"name\":\"Home\",\"item\":\"https:\\\/\\\/parafiadebewielkie.pl\\\/\"},{\"@type\":\"ListItem\",\"position\":2,\"name\":\"Wsp\u00f3lnoty\",\"item\":\"https:\\\/\\\/parafiadebewielkie.pl\\\/?page_id=4945\"},{\"@type\":\"ListItem\",\"position\":3,\"name\":\"Domowy Ko\u015bci\u00f3\u0142\"}]},{\"@type\":\"WebSite\",\"@id\":\"https:\\\/\\\/parafiadebewielkie.pl\\\/#website\",\"url\":\"https:\\\/\\\/parafiadebewielkie.pl\\\/\",\"name\":\"Parafia \u015awi\u0119tych Aposto\u0142\u00f3w Piotra i Paw\u0142a w D\u0119bem Wielkim\",\"description\":\"\",\"potentialAction\":[{\"@type\":\"SearchAction\",\"target\":{\"@type\":\"EntryPoint\",\"urlTemplate\":\"https:\\\/\\\/parafiadebewielkie.pl\\\/?s={search_term_string}\"},\"query-input\":{\"@type\":\"PropertyValueSpecification\",\"valueRequired\":true,\"valueName\":\"search_term_string\"}}],\"inLanguage\":\"pl-PL\"}]}<\/script>\n<!-- \/ Yoast SEO plugin. -->","yoast_head_json":{"title":"Domowy Ko\u015bci\u00f3\u0142 - Parafia \u015awi\u0119tych Aposto\u0142\u00f3w Piotra i Paw\u0142a w D\u0119bem Wielkim","robots":{"index":"index","follow":"follow","max-snippet":"max-snippet:-1","max-image-preview":"max-image-preview:large","max-video-preview":"max-video-preview:-1"},"canonical":"https:\/\/parafiadebewielkie.pl\/?page_id=5060","og_locale":"pl_PL","og_type":"article","og_title":"Domowy Ko\u015bci\u00f3\u0142 - Parafia \u015awi\u0119tych Aposto\u0142\u00f3w Piotra i Paw\u0142a w D\u0119bem Wielkim","og_description":"Domowy Ko\u015bci\u00f3\u0142,&nbsp;nazywany te\u017c cz\u0119stoOaz\u0105 Rodzin,&nbsp;jest ma\u0142\u017ce\u0144sko-rodzinnym ruchem \u015bwieckich w Ko\u015bciele, dzia\u0142aj\u0105cym od roku 1973 w ramach, za\u0142o\u017conego przez S\u0142ug\u0119 Bo\u017cego ksi\u0119dza Franciszka Blachnickiego,&nbsp;Ruchu \u015awiat\u0142o-\u017bycie.&nbsp;&nbsp;Wiele przej\u0105\u0142 z&nbsp; do\u015bwiadcze\u0144 mi\u0119dzynarodowego ruchu ma\u0142\u017ce\u0144stw katolickich&nbsp; Equipe Notre Dame. Domowy Ko\u015bci\u00f3\u0142 zwraca&nbsp; szczeg\u00f3ln\u0105 uwag\u0119 na duchowo\u015b\u0107 ma\u0142\u017ce\u0144sk\u0105, czyli d\u0105\u017cenie do bycia bli\u017cej Boga w jedno\u015bci ze wsp\u00f3\u0142ma\u0142\u017conkiem, co stwarza najlepsze...","og_url":"https:\/\/parafiadebewielkie.pl\/?page_id=5060","og_site_name":"Parafia \u015awi\u0119tych Aposto\u0142\u00f3w Piotra i Paw\u0142a w D\u0119bem Wielkim","article_modified_time":"2021-03-16T09:53:32+00:00","og_image":[{"url":"https:\/\/parafiadebewielkie.pl\/wp-content\/uploads\/2021\/03\/logodk.png","type":"","width":"","height":""}],"twitter_card":"summary_large_image","twitter_misc":{"Szacowany czas czytania":"2 minuty"},"schema":{"@context":"https:\/\/schema.org","@graph":[{"@type":"WebPage","@id":"https:\/\/parafiadebewielkie.pl\/?page_id=5060","url":"https:\/\/parafiadebewielkie.pl\/?page_id=5060","name":"Domowy Ko\u015bci\u00f3\u0142 - Parafia \u015awi\u0119tych Aposto\u0142\u00f3w Piotra i Paw\u0142a w D\u0119bem Wielkim","isPartOf":{"@id":"https:\/\/parafiadebewielkie.pl\/#website"},"primaryImageOfPage":{"@id":"https:\/\/parafiadebewielkie.pl\/?page_id=5060#primaryimage"},"image":{"@id":"https:\/\/parafiadebewielkie.pl\/?page_id=5060#primaryimage"},"thumbnailUrl":"https:\/\/parafiadebewielkie.pl\/wp-content\/uploads\/2021\/03\/logodk.png","datePublished":"2020-10-26T09:48:51+00:00","dateModified":"2021-03-16T09:53:32+00:00","breadcrumb":{"@id":"https:\/\/parafiadebewielkie.pl\/?page_id=5060#breadcrumb"},"inLanguage":"pl-PL","potentialAction":[{"@type":"ReadAction","target":["https:\/\/parafiadebewielkie.pl\/?page_id=5060"]}]},{"@type":"ImageObject","inLanguage":"pl-PL","@id":"https:\/\/parafiadebewielkie.pl\/?page_id=5060#primaryimage","url":"https:\/\/parafiadebewielkie.pl\/wp-content\/uploads\/2021\/03\/logodk.png","contentUrl":"https:\/\/parafiadebewielkie.pl\/wp-content\/uploads\/2021\/03\/logodk.png","width":175,"height":175},{"@type":"BreadcrumbList","@id":"https:\/\/parafiadebewielkie.pl\/?page_id=5060#breadcrumb","itemListElement":[{"@type":"ListItem","position":1,"name":"Home","item":"https:\/\/parafiadebewielkie.pl\/"},{"@type":"ListItem","position":2,"name":"Wsp\u00f3lnoty","item":"https:\/\/parafiadebewielkie.pl\/?page_id=4945"},{"@type":"ListItem","position":3,"name":"Domowy Ko\u015bci\u00f3\u0142"}]},{"@type":"WebSite","@id":"https:\/\/parafiadebewielkie.pl\/#website","url":"https:\/\/parafiadebewielkie.pl\/","name":"Parafia \u015awi\u0119tych Aposto\u0142\u00f3w Piotra i Paw\u0142a w D\u0119bem Wielkim","description":"","potentialAction":[{"@type":"SearchAction","target":{"@type":"EntryPoint","urlTemplate":"https:\/\/parafiadebewielkie.pl\/?s={search_term_string}"},"query-input":{"@type":"PropertyValueSpecification","valueRequired":true,"valueName":"search_term_string"}}],"inLanguage":"pl-PL"}]}},"ticketed":false,"_links":{"self":[{"href":"https:\/\/parafiadebewielkie.pl\/index.php?rest_route=\/wp\/v2\/pages\/5060","targetHints":{"allow":["GET"]}}],"collection":[{"href":"https:\/\/parafiadebewielkie.pl\/index.php?rest_route=\/wp\/v2\/pages"}],"about":[{"href":"https:\/\/parafiadebewielkie.pl\/index.php?rest_route=\/wp\/v2\/types\/page"}],"author":[{"embeddable":true,"href":"https:\/\/parafiadebewielkie.pl\/index.php?rest_route=\/wp\/v2\/users\/1"}],"replies":[{"embeddable":true,"href":"https:\/\/parafiadebewielkie.pl\/index.php?rest_route=%2Fwp%2Fv2%2Fcomments&post=5060"}],"version-history":[{"count":6,"href":"https:\/\/parafiadebewielkie.pl\/index.php?rest_route=\/wp\/v2\/pages\/5060\/revisions"}],"predecessor-version":[{"id":5648,"href":"https:\/\/parafiadebewielkie.pl\/index.php?rest_route=\/wp\/v2\/pages\/5060\/revisions\/5648"}],"up":[{"embeddable":true,"href":"https:\/\/parafiadebewielkie.pl\/index.php?rest_route=\/wp\/v2\/pages\/4945"}],"wp:attachment":[{"href":"https:\/\/parafiadebewielkie.pl\/index.php?rest_route=%2Fwp%2Fv2%2Fmedia&parent=5060"}],"curies":[{"name":"wp","href":"https:\/\/api.w.org\/{rel}","templated":true}]}}