{"id":5056,"date":"2020-10-26T10:48:51","date_gmt":"2020-10-26T09:48:51","guid":{"rendered":"https:\/\/create24.thecamels.pl\/parafiadebewielkie.pl\/new\/?page_id=5056"},"modified":"2021-03-14T12:57:18","modified_gmt":"2021-03-14T11:57:18","slug":"chor-parafialny","status":"publish","type":"page","link":"https:\/\/parafiadebewielkie.pl\/?page_id=5056","title":{"rendered":"Ch\u00f3r parafialny Quercetum Dei"},"content":{"rendered":"<style type=\"text\/css\"><\/style>\n<figure class=\"wp-block-image size-large\"><img loading=\"lazy\" decoding=\"async\" width=\"296\" height=\"296\" src=\"https:\/\/parafiadebewielkie.pl\/wp-content\/uploads\/2020\/10\/chor-parafialny.png\" alt=\"\" class=\"wp-image-5251\" srcset=\"https:\/\/parafiadebewielkie.pl\/wp-content\/uploads\/2020\/10\/chor-parafialny.png 296w, https:\/\/parafiadebewielkie.pl\/wp-content\/uploads\/2020\/10\/chor-parafialny-150x150.png 150w, https:\/\/parafiadebewielkie.pl\/wp-content\/uploads\/2020\/10\/chor-parafialny-70x70.png 70w\" sizes=\"auto, (max-width: 296px) 100vw, 296px\" \/><\/figure>\n\n\n\n<figure class=\"wp-block-image size-large\"><img loading=\"lazy\" decoding=\"async\" width=\"1024\" height=\"684\" src=\"https:\/\/parafiadebewielkie.pl\/wp-content\/uploads\/2021\/03\/e4db9a0436dda6480499a7dc3a16c309_47307591_309552886319129_3096246411927224320_o-1024x684.jpg\" alt=\"\" class=\"wp-image-5603\" srcset=\"https:\/\/parafiadebewielkie.pl\/wp-content\/uploads\/2021\/03\/e4db9a0436dda6480499a7dc3a16c309_47307591_309552886319129_3096246411927224320_o-1024x684.jpg 1024w, https:\/\/parafiadebewielkie.pl\/wp-content\/uploads\/2021\/03\/e4db9a0436dda6480499a7dc3a16c309_47307591_309552886319129_3096246411927224320_o-300x200.jpg 300w, https:\/\/parafiadebewielkie.pl\/wp-content\/uploads\/2021\/03\/e4db9a0436dda6480499a7dc3a16c309_47307591_309552886319129_3096246411927224320_o-768x513.jpg 768w, https:\/\/parafiadebewielkie.pl\/wp-content\/uploads\/2021\/03\/e4db9a0436dda6480499a7dc3a16c309_47307591_309552886319129_3096246411927224320_o-1536x1025.jpg 1536w, https:\/\/parafiadebewielkie.pl\/wp-content\/uploads\/2021\/03\/e4db9a0436dda6480499a7dc3a16c309_47307591_309552886319129_3096246411927224320_o-580x387.jpg 580w, https:\/\/parafiadebewielkie.pl\/wp-content\/uploads\/2021\/03\/e4db9a0436dda6480499a7dc3a16c309_47307591_309552886319129_3096246411927224320_o-860x574.jpg 860w, https:\/\/parafiadebewielkie.pl\/wp-content\/uploads\/2021\/03\/e4db9a0436dda6480499a7dc3a16c309_47307591_309552886319129_3096246411927224320_o-1160x774.jpg 1160w, https:\/\/parafiadebewielkie.pl\/wp-content\/uploads\/2021\/03\/e4db9a0436dda6480499a7dc3a16c309_47307591_309552886319129_3096246411927224320_o-1320x881.jpg 1320w, https:\/\/parafiadebewielkie.pl\/wp-content\/uploads\/2021\/03\/e4db9a0436dda6480499a7dc3a16c309_47307591_309552886319129_3096246411927224320_o.jpg 2048w\" sizes=\"auto, (max-width: 1024px) 100vw, 1024px\" \/><figcaption>Nasz Ch\u00f3r przy pracy<\/figcaption><\/figure>\n\n\n\n<p>Nasz ch\u00f3r parafialny powsta\u0142 w marcu 2016 roku z inicjatywy proboszcza &#8211; ks. gen. S\u0142awomira \u017barskiego przy udziale m\u0142odej dyrygentki, Zuzanny Gulewicz, absolwentki Dyrygentury Ch\u00f3ralnej na Uniwersytecie Muzycznym Fryderyka Chopina.Pierwszy raz zabrzmieli\u015bmy w ko\u015bciele jako ch\u00f3r w niedziel\u0119 Zmartwychwstania Pa\u0144skiego 27 marca 2016 roku. Od tego czasu s\u0142u\u017cymy \u015bpiewem w liturgii podczas pierwszych niedziel miesi\u0105ca, a tak\u017ce wa\u017cniejszych uroczysto\u015bci ko\u015bcielnych i parafialnych. Dzia\u0142amy tak\u017ce poza liturgi\u0105. Za\u015bpiewali\u015bmy kilka koncert\u00f3w z repertuarem kol\u0119dowym, pasyjnym, liturgicznym oraz patriotycznym. Cz\u0119\u015b\u0107 z nich odby\u0142a si\u0119 poza granicami naszej parafii przy udziale zaprzyja\u017anionych ch\u00f3r\u00f3w z Mi\u0144ska Mazowieckiego, Mroz\u00f3w i Sulej\u00f3wka oraz warszawskiej orkiestry smyczkowej.<\/p>\n\n\n\n<p>Dzia\u0142alno\u015b\u0107 koncertowa zmotywowa\u0142a nas do utworzenia w\u0142asnej nazwy zespo\u0142u. \u201cQuercetum Dei\u201d oznacza po \u0142acinie d\u0105brow\u0119 Boga. Tak jak D\u0119be Wielkie ma swoje d\u0119by, tak my, jak one, chcemy wzrasta\u0107 ku Bogu ofiaruj\u0105c Mu sw\u00f3j \u015bpiew. Zale\u017cy nam te\u017c, by nasza d\u0105browa si\u0119 rozrasta\u0142a, dlatego zapraszamy do ch\u00f3ru wszystkich mi\u0142o\u015bnik\u00f3w \u015bpiewu &#8211; ceni\u0105cych sobie przyjazn\u0105 atmosfer\u0119, ale i intensywny rozw\u00f3j.<\/p>\n\n\n\n<p>Spotykamy si\u0119 w poniedzia\u0142ki w godzinach 19:15 &#8211; 21:30 w jednej z dost\u0119pnych sal domu parafialnego.\u00a0Zapraszamy serdecznie ka\u017cdego, kto chce spr\u00f3bowa\u0107 si\u0142 w \u015bpiewie wielog\u0142osowym, bez wzgl\u0119du na wiek, do\u015bwiadczenie muzyczne lub p\u0142e\u0107.<\/p>\n\n\n\n<p>Zapraszamy r\u00f3wnie\u017c na nasz\u0105 na nasz\u0105 stron\u0119 na <a href=\"https:\/\/www.facebook.com\/QuercetumDei\/\" target=\"_blank\" rel=\"noreferrer noopener\">Facebooku<\/a> <\/p>\n\n\n\n<p>SOPRANY:Monika Stel\u0119gowska, Aldona Wieczorek, Renata B\u0105k, Marzena Borcuch, Ewa Wo\u017anica,<\/p>\n\n\n\n<p>ALTY:Ma\u0142gorzata Ga\u0144ko, Magdalena Komorowska, Gra\u017cyna Tkaczyk, Rozalia Bu\u0142a\u015b<\/p>\n\n\n\n<p>TENORY:Robert Ga\u0144ko<\/p>\n\n\n\n<p>BASY:Marian Ga\u0144ko, Tadeusz Brudkowski<\/p>\n\n\n\n<figure class=\"wp-block-video\"><video height=\"720\" style=\"aspect-ratio: 1280 \/ 720;\" width=\"1280\" controls src=\"https:\/\/parafiadebewielkie.pl\/wp-content\/uploads\/2021\/03\/10000000_3884917351577427_6817844361226024251_n.mp4\"><\/video><figcaption>A oto pr\u00f3bka naszych umiejetno\u015bci. Mi\u0142ego s\u0142uchania \ud83d\ude42<\/figcaption><\/figure>\n\n\n\n<figure class=\"wp-block-image size-large\"><img loading=\"lazy\" decoding=\"async\" width=\"1024\" height=\"684\" src=\"https:\/\/parafiadebewielkie.pl\/wp-content\/uploads\/2021\/03\/47388911_309501539657597_9075253758870421504_o-1024x684.jpg\" alt=\"\" class=\"wp-image-5604\" srcset=\"https:\/\/parafiadebewielkie.pl\/wp-content\/uploads\/2021\/03\/47388911_309501539657597_9075253758870421504_o-1024x684.jpg 1024w, https:\/\/parafiadebewielkie.pl\/wp-content\/uploads\/2021\/03\/47388911_309501539657597_9075253758870421504_o-300x200.jpg 300w, https:\/\/parafiadebewielkie.pl\/wp-content\/uploads\/2021\/03\/47388911_309501539657597_9075253758870421504_o-768x513.jpg 768w, https:\/\/parafiadebewielkie.pl\/wp-content\/uploads\/2021\/03\/47388911_309501539657597_9075253758870421504_o-1536x1025.jpg 1536w, https:\/\/parafiadebewielkie.pl\/wp-content\/uploads\/2021\/03\/47388911_309501539657597_9075253758870421504_o-580x387.jpg 580w, https:\/\/parafiadebewielkie.pl\/wp-content\/uploads\/2021\/03\/47388911_309501539657597_9075253758870421504_o-860x574.jpg 860w, https:\/\/parafiadebewielkie.pl\/wp-content\/uploads\/2021\/03\/47388911_309501539657597_9075253758870421504_o-1160x774.jpg 1160w, https:\/\/parafiadebewielkie.pl\/wp-content\/uploads\/2021\/03\/47388911_309501539657597_9075253758870421504_o-1320x881.jpg 1320w, https:\/\/parafiadebewielkie.pl\/wp-content\/uploads\/2021\/03\/47388911_309501539657597_9075253758870421504_o.jpg 2048w\" sizes=\"auto, (max-width: 1024px) 100vw, 1024px\" \/><\/figure>\n","protected":false},"excerpt":{"rendered":"<p>Nasz ch\u00f3r parafialny powsta\u0142 w marcu 2016 roku z inicjatywy proboszcza &#8211; ks. gen. S\u0142awomira \u017barskiego przy udziale m\u0142odej dyrygentki, Zuzanny Gulewicz, absolwentki Dyrygentury Ch\u00f3ralnej na Uniwersytecie Muzycznym Fryderyka Chopina.Pierwszy raz zabrzmieli\u015bmy w ko\u015bciele jako ch\u00f3r w niedziel\u0119 Zmartwychwstania Pa\u0144skiego 27 marca 2016 roku. Od tego czasu s\u0142u\u017cymy \u015bpiewem w liturgii podczas pierwszych niedziel miesi\u0105ca,&#8230;<\/p>\n","protected":false},"author":1,"featured_media":0,"parent":4945,"menu_order":0,"comment_status":"closed","ping_status":"closed","template":"","meta":{"_price":"","_stock":"","_tribe_ticket_header":"","_tribe_default_ticket_provider":"","_tribe_ticket_capacity":"0","_ticket_start_date":"","_ticket_end_date":"","_tribe_ticket_show_description":"","_tribe_ticket_show_not_going":false,"_tribe_ticket_use_global_stock":"","_tribe_ticket_global_stock_level":"","_global_stock_mode":"","_global_stock_cap":"","_tribe_rsvp_for_event":"","_tribe_ticket_going_count":"","_tribe_ticket_not_going_count":"","_tribe_tickets_list":"[]","_tribe_ticket_has_attendee_info_fields":false,"footnotes":""},"class_list":["post-5056","page","type-page","status-publish","hentry"],"yoast_head":"<!-- This site is optimized with the Yoast SEO plugin v27.4 - https:\/\/yoast.com\/product\/yoast-seo-wordpress\/ -->\n<title>Ch\u00f3r parafialny Quercetum Dei - Parafia \u015awi\u0119tych Aposto\u0142\u00f3w Piotra i Paw\u0142a w D\u0119bem Wielkim<\/title>\n<meta name=\"robots\" content=\"index, follow, max-snippet:-1, max-image-preview:large, max-video-preview:-1\" \/>\n<link rel=\"canonical\" href=\"https:\/\/parafiadebewielkie.pl\/?page_id=5056\" \/>\n<meta property=\"og:locale\" content=\"pl_PL\" \/>\n<meta property=\"og:type\" content=\"article\" \/>\n<meta property=\"og:title\" content=\"Ch\u00f3r parafialny Quercetum Dei - Parafia \u015awi\u0119tych Aposto\u0142\u00f3w Piotra i Paw\u0142a w D\u0119bem Wielkim\" \/>\n<meta property=\"og:description\" content=\"Nasz ch\u00f3r parafialny powsta\u0142 w marcu 2016 roku z inicjatywy proboszcza &#8211; ks. gen. S\u0142awomira \u017barskiego przy udziale m\u0142odej dyrygentki, Zuzanny Gulewicz, absolwentki Dyrygentury Ch\u00f3ralnej na Uniwersytecie Muzycznym Fryderyka Chopina.Pierwszy raz zabrzmieli\u015bmy w ko\u015bciele jako ch\u00f3r w niedziel\u0119 Zmartwychwstania Pa\u0144skiego 27 marca 2016 roku. Od tego czasu s\u0142u\u017cymy \u015bpiewem w liturgii podczas pierwszych niedziel miesi\u0105ca,...\" \/>\n<meta property=\"og:url\" content=\"https:\/\/parafiadebewielkie.pl\/?page_id=5056\" \/>\n<meta property=\"og:site_name\" content=\"Parafia \u015awi\u0119tych Aposto\u0142\u00f3w Piotra i Paw\u0142a w D\u0119bem Wielkim\" \/>\n<meta property=\"article:modified_time\" content=\"2021-03-14T11:57:18+00:00\" \/>\n<meta property=\"og:image\" content=\"https:\/\/parafiadebewielkie.pl\/wp-content\/uploads\/2020\/10\/chor-parafialny.png\" \/>\n<meta name=\"twitter:card\" content=\"summary_large_image\" \/>\n<meta name=\"twitter:label1\" content=\"Szacowany czas czytania\" \/>\n\t<meta name=\"twitter:data1\" content=\"2 minuty\" \/>\n<script type=\"application\/ld+json\" class=\"yoast-schema-graph\">{\"@context\":\"https:\\\/\\\/schema.org\",\"@graph\":[{\"@type\":\"WebPage\",\"@id\":\"https:\\\/\\\/parafiadebewielkie.pl\\\/?page_id=5056\",\"url\":\"https:\\\/\\\/parafiadebewielkie.pl\\\/?page_id=5056\",\"name\":\"Ch\u00f3r parafialny Quercetum Dei - Parafia \u015awi\u0119tych Aposto\u0142\u00f3w Piotra i Paw\u0142a w D\u0119bem Wielkim\",\"isPartOf\":{\"@id\":\"https:\\\/\\\/parafiadebewielkie.pl\\\/#website\"},\"primaryImageOfPage\":{\"@id\":\"https:\\\/\\\/parafiadebewielkie.pl\\\/?page_id=5056#primaryimage\"},\"image\":{\"@id\":\"https:\\\/\\\/parafiadebewielkie.pl\\\/?page_id=5056#primaryimage\"},\"thumbnailUrl\":\"https:\\\/\\\/parafiadebewielkie.pl\\\/wp-content\\\/uploads\\\/2020\\\/10\\\/chor-parafialny.png\",\"datePublished\":\"2020-10-26T09:48:51+00:00\",\"dateModified\":\"2021-03-14T11:57:18+00:00\",\"breadcrumb\":{\"@id\":\"https:\\\/\\\/parafiadebewielkie.pl\\\/?page_id=5056#breadcrumb\"},\"inLanguage\":\"pl-PL\",\"potentialAction\":[{\"@type\":\"ReadAction\",\"target\":[\"https:\\\/\\\/parafiadebewielkie.pl\\\/?page_id=5056\"]}]},{\"@type\":\"ImageObject\",\"inLanguage\":\"pl-PL\",\"@id\":\"https:\\\/\\\/parafiadebewielkie.pl\\\/?page_id=5056#primaryimage\",\"url\":\"https:\\\/\\\/parafiadebewielkie.pl\\\/wp-content\\\/uploads\\\/2020\\\/10\\\/chor-parafialny.png\",\"contentUrl\":\"https:\\\/\\\/parafiadebewielkie.pl\\\/wp-content\\\/uploads\\\/2020\\\/10\\\/chor-parafialny.png\",\"width\":296,\"height\":296},{\"@type\":\"BreadcrumbList\",\"@id\":\"https:\\\/\\\/parafiadebewielkie.pl\\\/?page_id=5056#breadcrumb\",\"itemListElement\":[{\"@type\":\"ListItem\",\"position\":1,\"name\":\"Home\",\"item\":\"https:\\\/\\\/parafiadebewielkie.pl\\\/\"},{\"@type\":\"ListItem\",\"position\":2,\"name\":\"Wsp\u00f3lnoty\",\"item\":\"https:\\\/\\\/parafiadebewielkie.pl\\\/?page_id=4945\"},{\"@type\":\"ListItem\",\"position\":3,\"name\":\"Ch\u00f3r parafialny Quercetum Dei\"}]},{\"@type\":\"WebSite\",\"@id\":\"https:\\\/\\\/parafiadebewielkie.pl\\\/#website\",\"url\":\"https:\\\/\\\/parafiadebewielkie.pl\\\/\",\"name\":\"Parafia \u015awi\u0119tych Aposto\u0142\u00f3w Piotra i Paw\u0142a w D\u0119bem Wielkim\",\"description\":\"\",\"potentialAction\":[{\"@type\":\"SearchAction\",\"target\":{\"@type\":\"EntryPoint\",\"urlTemplate\":\"https:\\\/\\\/parafiadebewielkie.pl\\\/?s={search_term_string}\"},\"query-input\":{\"@type\":\"PropertyValueSpecification\",\"valueRequired\":true,\"valueName\":\"search_term_string\"}}],\"inLanguage\":\"pl-PL\"}]}<\/script>\n<!-- \/ Yoast SEO plugin. -->","yoast_head_json":{"title":"Ch\u00f3r parafialny Quercetum Dei - Parafia \u015awi\u0119tych Aposto\u0142\u00f3w Piotra i Paw\u0142a w D\u0119bem Wielkim","robots":{"index":"index","follow":"follow","max-snippet":"max-snippet:-1","max-image-preview":"max-image-preview:large","max-video-preview":"max-video-preview:-1"},"canonical":"https:\/\/parafiadebewielkie.pl\/?page_id=5056","og_locale":"pl_PL","og_type":"article","og_title":"Ch\u00f3r parafialny Quercetum Dei - Parafia \u015awi\u0119tych Aposto\u0142\u00f3w Piotra i Paw\u0142a w D\u0119bem Wielkim","og_description":"Nasz ch\u00f3r parafialny powsta\u0142 w marcu 2016 roku z inicjatywy proboszcza &#8211; ks. gen. S\u0142awomira \u017barskiego przy udziale m\u0142odej dyrygentki, Zuzanny Gulewicz, absolwentki Dyrygentury Ch\u00f3ralnej na Uniwersytecie Muzycznym Fryderyka Chopina.Pierwszy raz zabrzmieli\u015bmy w ko\u015bciele jako ch\u00f3r w niedziel\u0119 Zmartwychwstania Pa\u0144skiego 27 marca 2016 roku. Od tego czasu s\u0142u\u017cymy \u015bpiewem w liturgii podczas pierwszych niedziel miesi\u0105ca,...","og_url":"https:\/\/parafiadebewielkie.pl\/?page_id=5056","og_site_name":"Parafia \u015awi\u0119tych Aposto\u0142\u00f3w Piotra i Paw\u0142a w D\u0119bem Wielkim","article_modified_time":"2021-03-14T11:57:18+00:00","og_image":[{"url":"https:\/\/parafiadebewielkie.pl\/wp-content\/uploads\/2020\/10\/chor-parafialny.png","type":"","width":"","height":""}],"twitter_card":"summary_large_image","twitter_misc":{"Szacowany czas czytania":"2 minuty"},"schema":{"@context":"https:\/\/schema.org","@graph":[{"@type":"WebPage","@id":"https:\/\/parafiadebewielkie.pl\/?page_id=5056","url":"https:\/\/parafiadebewielkie.pl\/?page_id=5056","name":"Ch\u00f3r parafialny Quercetum Dei - Parafia \u015awi\u0119tych Aposto\u0142\u00f3w Piotra i Paw\u0142a w D\u0119bem Wielkim","isPartOf":{"@id":"https:\/\/parafiadebewielkie.pl\/#website"},"primaryImageOfPage":{"@id":"https:\/\/parafiadebewielkie.pl\/?page_id=5056#primaryimage"},"image":{"@id":"https:\/\/parafiadebewielkie.pl\/?page_id=5056#primaryimage"},"thumbnailUrl":"https:\/\/parafiadebewielkie.pl\/wp-content\/uploads\/2020\/10\/chor-parafialny.png","datePublished":"2020-10-26T09:48:51+00:00","dateModified":"2021-03-14T11:57:18+00:00","breadcrumb":{"@id":"https:\/\/parafiadebewielkie.pl\/?page_id=5056#breadcrumb"},"inLanguage":"pl-PL","potentialAction":[{"@type":"ReadAction","target":["https:\/\/parafiadebewielkie.pl\/?page_id=5056"]}]},{"@type":"ImageObject","inLanguage":"pl-PL","@id":"https:\/\/parafiadebewielkie.pl\/?page_id=5056#primaryimage","url":"https:\/\/parafiadebewielkie.pl\/wp-content\/uploads\/2020\/10\/chor-parafialny.png","contentUrl":"https:\/\/parafiadebewielkie.pl\/wp-content\/uploads\/2020\/10\/chor-parafialny.png","width":296,"height":296},{"@type":"BreadcrumbList","@id":"https:\/\/parafiadebewielkie.pl\/?page_id=5056#breadcrumb","itemListElement":[{"@type":"ListItem","position":1,"name":"Home","item":"https:\/\/parafiadebewielkie.pl\/"},{"@type":"ListItem","position":2,"name":"Wsp\u00f3lnoty","item":"https:\/\/parafiadebewielkie.pl\/?page_id=4945"},{"@type":"ListItem","position":3,"name":"Ch\u00f3r parafialny Quercetum Dei"}]},{"@type":"WebSite","@id":"https:\/\/parafiadebewielkie.pl\/#website","url":"https:\/\/parafiadebewielkie.pl\/","name":"Parafia \u015awi\u0119tych Aposto\u0142\u00f3w Piotra i Paw\u0142a w D\u0119bem Wielkim","description":"","potentialAction":[{"@type":"SearchAction","target":{"@type":"EntryPoint","urlTemplate":"https:\/\/parafiadebewielkie.pl\/?s={search_term_string}"},"query-input":{"@type":"PropertyValueSpecification","valueRequired":true,"valueName":"search_term_string"}}],"inLanguage":"pl-PL"}]}},"ticketed":false,"_links":{"self":[{"href":"https:\/\/parafiadebewielkie.pl\/index.php?rest_route=\/wp\/v2\/pages\/5056","targetHints":{"allow":["GET"]}}],"collection":[{"href":"https:\/\/parafiadebewielkie.pl\/index.php?rest_route=\/wp\/v2\/pages"}],"about":[{"href":"https:\/\/parafiadebewielkie.pl\/index.php?rest_route=\/wp\/v2\/types\/page"}],"author":[{"embeddable":true,"href":"https:\/\/parafiadebewielkie.pl\/index.php?rest_route=\/wp\/v2\/users\/1"}],"replies":[{"embeddable":true,"href":"https:\/\/parafiadebewielkie.pl\/index.php?rest_route=%2Fwp%2Fv2%2Fcomments&post=5056"}],"version-history":[{"count":7,"href":"https:\/\/parafiadebewielkie.pl\/index.php?rest_route=\/wp\/v2\/pages\/5056\/revisions"}],"predecessor-version":[{"id":5611,"href":"https:\/\/parafiadebewielkie.pl\/index.php?rest_route=\/wp\/v2\/pages\/5056\/revisions\/5611"}],"up":[{"embeddable":true,"href":"https:\/\/parafiadebewielkie.pl\/index.php?rest_route=\/wp\/v2\/pages\/4945"}],"wp:attachment":[{"href":"https:\/\/parafiadebewielkie.pl\/index.php?rest_route=%2Fwp%2Fv2%2Fmedia&parent=5056"}],"curies":[{"name":"wp","href":"https:\/\/api.w.org\/{rel}","templated":true}]}}