{"id":5050,"date":"2020-10-26T10:48:51","date_gmt":"2020-10-26T09:48:51","guid":{"rendered":"https:\/\/create24.thecamels.pl\/parafiadebewielkie.pl\/new\/?page_id=5050"},"modified":"2022-10-29T11:40:45","modified_gmt":"2022-10-29T09:40:45","slug":"caritas","status":"publish","type":"page","link":"https:\/\/parafiadebewielkie.pl\/?page_id=5050","title":{"rendered":"Caritas"},"content":{"rendered":"<style type=\"text\/css\"><\/style>\n<h2 class=\"wp-block-heading\">Parafialny Zesp\u00f3\u0142 Caritas \/ Szkolny Zesp\u00f3\u0142 Caritas<\/h2>\n\n\n\n<figure class=\"wp-block-image size-large\"><img loading=\"lazy\" decoding=\"async\" width=\"296\" height=\"296\" src=\"https:\/\/parafiadebewielkie.pl\/wp-content\/uploads\/2020\/10\/caritas.png\" alt=\"\" class=\"wp-image-5241\" srcset=\"https:\/\/parafiadebewielkie.pl\/wp-content\/uploads\/2020\/10\/caritas.png 296w, https:\/\/parafiadebewielkie.pl\/wp-content\/uploads\/2020\/10\/caritas-150x150.png 150w, https:\/\/parafiadebewielkie.pl\/wp-content\/uploads\/2020\/10\/caritas-70x70.png 70w\" sizes=\"auto, (max-width: 296px) 100vw, 296px\" \/><\/figure>\n\n\n\n<h3 class=\"has-text-align-center wp-block-heading\"><em>&#8222;Caritas to mi\u0142o\u015b\u0107 oparta na bezinteresownej pomocy drugiemu cz\u0142owiekowi maj\u0105ca na celu podnosi\u0107, wspiera\u0107 i akceptowa\u0107 potrzebuj\u0105cych, podupad\u0142ych, ubogich, s\u0142abych i samotnych w trudnych sytuacjach losowych i \u017cyciowych. Mi\u0142o\u015b\u0107 ta wzywa, a jej cel uzdrawia chrze\u015bcijanina przez \u0142ask\u0119 samego Jezusa Chrystusa. Caritas tworz\u0105 ludzie o wra\u017cliwym sercu na potrzeby bliskich, podejmuj\u0105cych konkretne dzia\u0142ania, by uczyni\u0107 \u015bwiat lepszym.&#8221;<\/em><\/h3>\n\n\n\n<hr class=\"wp-block-separator has-css-opacity\"\/>\n\n\n\n<p class=\"has-text-align-center\"><strong>Prezes Parafialnego Zespo\u0142u Caritas<\/strong> <br>Agnieszka Ryniewicz<br>tel. +48 608 354 625<br>email: <a href=\"mailto:pzc.debewielkie1@caritas.pl\">pzc.debewielkie1@caritas.pl<\/a><\/p>\n\n\n\n<figure class=\"wp-block-image size-large\"><a href=\"https:\/\/www.facebook.com\/caritasdebewielkie\/\" target=\"_blank\" rel=\"noopener noreferrer\"><img loading=\"lazy\" decoding=\"async\" width=\"300\" height=\"100\" src=\"https:\/\/parafiadebewielkie.pl\/wp-content\/uploads\/2020\/10\/facebook.png\" alt=\"\" class=\"wp-image-5245\"\/><\/a><\/figure>\n\n\n\n<hr class=\"wp-block-separator has-css-opacity\"\/>\n\n\n\n<figure class=\"wp-block-image size-large\"><img loading=\"lazy\" decoding=\"async\" width=\"1024\" height=\"768\" src=\"https:\/\/parafiadebewielkie.pl\/wp-content\/uploads\/2020\/10\/caritas1-1024x768.jpg\" alt=\"\" class=\"wp-image-5242\" srcset=\"https:\/\/parafiadebewielkie.pl\/wp-content\/uploads\/2020\/10\/caritas1-1024x768.jpg 1024w, https:\/\/parafiadebewielkie.pl\/wp-content\/uploads\/2020\/10\/caritas1-300x225.jpg 300w, https:\/\/parafiadebewielkie.pl\/wp-content\/uploads\/2020\/10\/caritas1-768x576.jpg 768w, https:\/\/parafiadebewielkie.pl\/wp-content\/uploads\/2020\/10\/caritas1-1536x1152.jpg 1536w, https:\/\/parafiadebewielkie.pl\/wp-content\/uploads\/2020\/10\/caritas1-2048x1536.jpg 2048w, https:\/\/parafiadebewielkie.pl\/wp-content\/uploads\/2020\/10\/caritas1-580x435.jpg 580w, https:\/\/parafiadebewielkie.pl\/wp-content\/uploads\/2020\/10\/caritas1-860x645.jpg 860w, https:\/\/parafiadebewielkie.pl\/wp-content\/uploads\/2020\/10\/caritas1-1160x870.jpg 1160w, https:\/\/parafiadebewielkie.pl\/wp-content\/uploads\/2020\/10\/caritas1-1320x990.jpg 1320w\" sizes=\"auto, (max-width: 1024px) 100vw, 1024px\" \/><\/figure>\n\n\n\n<figure class=\"wp-block-image size-large\"><img loading=\"lazy\" decoding=\"async\" width=\"960\" height=\"719\" src=\"https:\/\/parafiadebewielkie.pl\/wp-content\/uploads\/2020\/10\/caritas2.jpg\" alt=\"\" class=\"wp-image-5243\" srcset=\"https:\/\/parafiadebewielkie.pl\/wp-content\/uploads\/2020\/10\/caritas2.jpg 960w, https:\/\/parafiadebewielkie.pl\/wp-content\/uploads\/2020\/10\/caritas2-300x225.jpg 300w, https:\/\/parafiadebewielkie.pl\/wp-content\/uploads\/2020\/10\/caritas2-768x575.jpg 768w, https:\/\/parafiadebewielkie.pl\/wp-content\/uploads\/2020\/10\/caritas2-580x434.jpg 580w, https:\/\/parafiadebewielkie.pl\/wp-content\/uploads\/2020\/10\/caritas2-860x644.jpg 860w\" sizes=\"auto, (max-width: 960px) 100vw, 960px\" \/><\/figure>\n","protected":false},"excerpt":{"rendered":"<p>Parafialny Zesp\u00f3\u0142 Caritas \/ Szkolny Zesp\u00f3\u0142 Caritas &#8222;Caritas to mi\u0142o\u015b\u0107 oparta na bezinteresownej pomocy drugiemu cz\u0142owiekowi maj\u0105ca na celu podnosi\u0107, wspiera\u0107 i akceptowa\u0107 potrzebuj\u0105cych, podupad\u0142ych, ubogich, s\u0142abych i samotnych w trudnych sytuacjach losowych i \u017cyciowych. Mi\u0142o\u015b\u0107 ta wzywa, a jej cel uzdrawia chrze\u015bcijanina przez \u0142ask\u0119 samego Jezusa Chrystusa. Caritas tworz\u0105 ludzie o wra\u017cliwym sercu na&#8230;<\/p>\n","protected":false},"author":1,"featured_media":0,"parent":4945,"menu_order":0,"comment_status":"closed","ping_status":"closed","template":"","meta":{"_price":"","_stock":"","_tribe_ticket_header":"","_tribe_default_ticket_provider":"","_tribe_ticket_capacity":"0","_ticket_start_date":"","_ticket_end_date":"","_tribe_ticket_show_description":"","_tribe_ticket_show_not_going":false,"_tribe_ticket_use_global_stock":"","_tribe_ticket_global_stock_level":"","_global_stock_mode":"","_global_stock_cap":"","_tribe_rsvp_for_event":"","_tribe_ticket_going_count":"","_tribe_ticket_not_going_count":"","_tribe_tickets_list":"[]","_tribe_ticket_has_attendee_info_fields":false,"footnotes":""},"class_list":["post-5050","page","type-page","status-publish","hentry"],"yoast_head":"<!-- This site is optimized with the Yoast SEO plugin v27.4 - https:\/\/yoast.com\/product\/yoast-seo-wordpress\/ -->\n<title>Caritas - Parafia \u015awi\u0119tych Aposto\u0142\u00f3w Piotra i Paw\u0142a w D\u0119bem Wielkim<\/title>\n<meta name=\"robots\" content=\"index, follow, max-snippet:-1, max-image-preview:large, max-video-preview:-1\" \/>\n<link rel=\"canonical\" href=\"https:\/\/parafiadebewielkie.pl\/?page_id=5050\" \/>\n<meta property=\"og:locale\" content=\"pl_PL\" \/>\n<meta property=\"og:type\" content=\"article\" \/>\n<meta property=\"og:title\" content=\"Caritas - Parafia \u015awi\u0119tych Aposto\u0142\u00f3w Piotra i Paw\u0142a w D\u0119bem Wielkim\" \/>\n<meta property=\"og:description\" content=\"Parafialny Zesp\u00f3\u0142 Caritas \/ Szkolny Zesp\u00f3\u0142 Caritas &#8222;Caritas to mi\u0142o\u015b\u0107 oparta na bezinteresownej pomocy drugiemu cz\u0142owiekowi maj\u0105ca na celu podnosi\u0107, wspiera\u0107 i akceptowa\u0107 potrzebuj\u0105cych, podupad\u0142ych, ubogich, s\u0142abych i samotnych w trudnych sytuacjach losowych i \u017cyciowych. Mi\u0142o\u015b\u0107 ta wzywa, a jej cel uzdrawia chrze\u015bcijanina przez \u0142ask\u0119 samego Jezusa Chrystusa. Caritas tworz\u0105 ludzie o wra\u017cliwym sercu na...\" \/>\n<meta property=\"og:url\" content=\"https:\/\/parafiadebewielkie.pl\/?page_id=5050\" \/>\n<meta property=\"og:site_name\" content=\"Parafia \u015awi\u0119tych Aposto\u0142\u00f3w Piotra i Paw\u0142a w D\u0119bem Wielkim\" \/>\n<meta property=\"article:modified_time\" content=\"2022-10-29T09:40:45+00:00\" \/>\n<meta property=\"og:image\" content=\"https:\/\/parafiadebewielkie.pl\/wp-content\/uploads\/2020\/10\/caritas.png\" \/>\n<meta name=\"twitter:card\" content=\"summary_large_image\" \/>\n<meta name=\"twitter:label1\" content=\"Szacowany czas czytania\" \/>\n\t<meta name=\"twitter:data1\" content=\"2 minuty\" \/>\n<script type=\"application\/ld+json\" class=\"yoast-schema-graph\">{\"@context\":\"https:\\\/\\\/schema.org\",\"@graph\":[{\"@type\":\"WebPage\",\"@id\":\"https:\\\/\\\/parafiadebewielkie.pl\\\/?page_id=5050\",\"url\":\"https:\\\/\\\/parafiadebewielkie.pl\\\/?page_id=5050\",\"name\":\"Caritas - Parafia \u015awi\u0119tych Aposto\u0142\u00f3w Piotra i Paw\u0142a w D\u0119bem Wielkim\",\"isPartOf\":{\"@id\":\"https:\\\/\\\/parafiadebewielkie.pl\\\/#website\"},\"primaryImageOfPage\":{\"@id\":\"https:\\\/\\\/parafiadebewielkie.pl\\\/?page_id=5050#primaryimage\"},\"image\":{\"@id\":\"https:\\\/\\\/parafiadebewielkie.pl\\\/?page_id=5050#primaryimage\"},\"thumbnailUrl\":\"https:\\\/\\\/parafiadebewielkie.pl\\\/wp-content\\\/uploads\\\/2020\\\/10\\\/caritas.png\",\"datePublished\":\"2020-10-26T09:48:51+00:00\",\"dateModified\":\"2022-10-29T09:40:45+00:00\",\"breadcrumb\":{\"@id\":\"https:\\\/\\\/parafiadebewielkie.pl\\\/?page_id=5050#breadcrumb\"},\"inLanguage\":\"pl-PL\",\"potentialAction\":[{\"@type\":\"ReadAction\",\"target\":[\"https:\\\/\\\/parafiadebewielkie.pl\\\/?page_id=5050\"]}]},{\"@type\":\"ImageObject\",\"inLanguage\":\"pl-PL\",\"@id\":\"https:\\\/\\\/parafiadebewielkie.pl\\\/?page_id=5050#primaryimage\",\"url\":\"https:\\\/\\\/parafiadebewielkie.pl\\\/wp-content\\\/uploads\\\/2020\\\/10\\\/caritas.png\",\"contentUrl\":\"https:\\\/\\\/parafiadebewielkie.pl\\\/wp-content\\\/uploads\\\/2020\\\/10\\\/caritas.png\",\"width\":296,\"height\":296},{\"@type\":\"BreadcrumbList\",\"@id\":\"https:\\\/\\\/parafiadebewielkie.pl\\\/?page_id=5050#breadcrumb\",\"itemListElement\":[{\"@type\":\"ListItem\",\"position\":1,\"name\":\"Home\",\"item\":\"https:\\\/\\\/parafiadebewielkie.pl\\\/\"},{\"@type\":\"ListItem\",\"position\":2,\"name\":\"Wsp\u00f3lnoty\",\"item\":\"https:\\\/\\\/parafiadebewielkie.pl\\\/?page_id=4945\"},{\"@type\":\"ListItem\",\"position\":3,\"name\":\"Caritas\"}]},{\"@type\":\"WebSite\",\"@id\":\"https:\\\/\\\/parafiadebewielkie.pl\\\/#website\",\"url\":\"https:\\\/\\\/parafiadebewielkie.pl\\\/\",\"name\":\"Parafia \u015awi\u0119tych Aposto\u0142\u00f3w Piotra i Paw\u0142a w D\u0119bem Wielkim\",\"description\":\"\",\"potentialAction\":[{\"@type\":\"SearchAction\",\"target\":{\"@type\":\"EntryPoint\",\"urlTemplate\":\"https:\\\/\\\/parafiadebewielkie.pl\\\/?s={search_term_string}\"},\"query-input\":{\"@type\":\"PropertyValueSpecification\",\"valueRequired\":true,\"valueName\":\"search_term_string\"}}],\"inLanguage\":\"pl-PL\"}]}<\/script>\n<!-- \/ Yoast SEO plugin. -->","yoast_head_json":{"title":"Caritas - Parafia \u015awi\u0119tych Aposto\u0142\u00f3w Piotra i Paw\u0142a w D\u0119bem Wielkim","robots":{"index":"index","follow":"follow","max-snippet":"max-snippet:-1","max-image-preview":"max-image-preview:large","max-video-preview":"max-video-preview:-1"},"canonical":"https:\/\/parafiadebewielkie.pl\/?page_id=5050","og_locale":"pl_PL","og_type":"article","og_title":"Caritas - Parafia \u015awi\u0119tych Aposto\u0142\u00f3w Piotra i Paw\u0142a w D\u0119bem Wielkim","og_description":"Parafialny Zesp\u00f3\u0142 Caritas \/ Szkolny Zesp\u00f3\u0142 Caritas &#8222;Caritas to mi\u0142o\u015b\u0107 oparta na bezinteresownej pomocy drugiemu cz\u0142owiekowi maj\u0105ca na celu podnosi\u0107, wspiera\u0107 i akceptowa\u0107 potrzebuj\u0105cych, podupad\u0142ych, ubogich, s\u0142abych i samotnych w trudnych sytuacjach losowych i \u017cyciowych. Mi\u0142o\u015b\u0107 ta wzywa, a jej cel uzdrawia chrze\u015bcijanina przez \u0142ask\u0119 samego Jezusa Chrystusa. Caritas tworz\u0105 ludzie o wra\u017cliwym sercu na...","og_url":"https:\/\/parafiadebewielkie.pl\/?page_id=5050","og_site_name":"Parafia \u015awi\u0119tych Aposto\u0142\u00f3w Piotra i Paw\u0142a w D\u0119bem Wielkim","article_modified_time":"2022-10-29T09:40:45+00:00","og_image":[{"url":"https:\/\/parafiadebewielkie.pl\/wp-content\/uploads\/2020\/10\/caritas.png","type":"","width":"","height":""}],"twitter_card":"summary_large_image","twitter_misc":{"Szacowany czas czytania":"2 minuty"},"schema":{"@context":"https:\/\/schema.org","@graph":[{"@type":"WebPage","@id":"https:\/\/parafiadebewielkie.pl\/?page_id=5050","url":"https:\/\/parafiadebewielkie.pl\/?page_id=5050","name":"Caritas - Parafia \u015awi\u0119tych Aposto\u0142\u00f3w Piotra i Paw\u0142a w D\u0119bem Wielkim","isPartOf":{"@id":"https:\/\/parafiadebewielkie.pl\/#website"},"primaryImageOfPage":{"@id":"https:\/\/parafiadebewielkie.pl\/?page_id=5050#primaryimage"},"image":{"@id":"https:\/\/parafiadebewielkie.pl\/?page_id=5050#primaryimage"},"thumbnailUrl":"https:\/\/parafiadebewielkie.pl\/wp-content\/uploads\/2020\/10\/caritas.png","datePublished":"2020-10-26T09:48:51+00:00","dateModified":"2022-10-29T09:40:45+00:00","breadcrumb":{"@id":"https:\/\/parafiadebewielkie.pl\/?page_id=5050#breadcrumb"},"inLanguage":"pl-PL","potentialAction":[{"@type":"ReadAction","target":["https:\/\/parafiadebewielkie.pl\/?page_id=5050"]}]},{"@type":"ImageObject","inLanguage":"pl-PL","@id":"https:\/\/parafiadebewielkie.pl\/?page_id=5050#primaryimage","url":"https:\/\/parafiadebewielkie.pl\/wp-content\/uploads\/2020\/10\/caritas.png","contentUrl":"https:\/\/parafiadebewielkie.pl\/wp-content\/uploads\/2020\/10\/caritas.png","width":296,"height":296},{"@type":"BreadcrumbList","@id":"https:\/\/parafiadebewielkie.pl\/?page_id=5050#breadcrumb","itemListElement":[{"@type":"ListItem","position":1,"name":"Home","item":"https:\/\/parafiadebewielkie.pl\/"},{"@type":"ListItem","position":2,"name":"Wsp\u00f3lnoty","item":"https:\/\/parafiadebewielkie.pl\/?page_id=4945"},{"@type":"ListItem","position":3,"name":"Caritas"}]},{"@type":"WebSite","@id":"https:\/\/parafiadebewielkie.pl\/#website","url":"https:\/\/parafiadebewielkie.pl\/","name":"Parafia \u015awi\u0119tych Aposto\u0142\u00f3w Piotra i Paw\u0142a w D\u0119bem Wielkim","description":"","potentialAction":[{"@type":"SearchAction","target":{"@type":"EntryPoint","urlTemplate":"https:\/\/parafiadebewielkie.pl\/?s={search_term_string}"},"query-input":{"@type":"PropertyValueSpecification","valueRequired":true,"valueName":"search_term_string"}}],"inLanguage":"pl-PL"}]}},"ticketed":false,"_links":{"self":[{"href":"https:\/\/parafiadebewielkie.pl\/index.php?rest_route=\/wp\/v2\/pages\/5050","targetHints":{"allow":["GET"]}}],"collection":[{"href":"https:\/\/parafiadebewielkie.pl\/index.php?rest_route=\/wp\/v2\/pages"}],"about":[{"href":"https:\/\/parafiadebewielkie.pl\/index.php?rest_route=\/wp\/v2\/types\/page"}],"author":[{"embeddable":true,"href":"https:\/\/parafiadebewielkie.pl\/index.php?rest_route=\/wp\/v2\/users\/1"}],"replies":[{"embeddable":true,"href":"https:\/\/parafiadebewielkie.pl\/index.php?rest_route=%2Fwp%2Fv2%2Fcomments&post=5050"}],"version-history":[{"count":9,"href":"https:\/\/parafiadebewielkie.pl\/index.php?rest_route=\/wp\/v2\/pages\/5050\/revisions"}],"predecessor-version":[{"id":5984,"href":"https:\/\/parafiadebewielkie.pl\/index.php?rest_route=\/wp\/v2\/pages\/5050\/revisions\/5984"}],"up":[{"embeddable":true,"href":"https:\/\/parafiadebewielkie.pl\/index.php?rest_route=\/wp\/v2\/pages\/4945"}],"wp:attachment":[{"href":"https:\/\/parafiadebewielkie.pl\/index.php?rest_route=%2Fwp%2Fv2%2Fmedia&parent=5050"}],"curies":[{"name":"wp","href":"https:\/\/api.w.org\/{rel}","templated":true}]}}