{"id":5031,"date":"2020-10-26T10:48:51","date_gmt":"2020-10-26T09:48:51","guid":{"rendered":"https:\/\/create24.thecamels.pl\/parafiadebewielkie.pl\/new\/?page_id=5031"},"modified":"2020-10-27T14:18:51","modified_gmt":"2020-10-27T13:18:51","slug":"wspolnota-sw-piotra-i-pawla","status":"publish","type":"page","link":"https:\/\/parafiadebewielkie.pl\/?page_id=5031","title":{"rendered":"Wsp\u00f3lnota \u015bw. Piotra i Paw\u0142a"},"content":{"rendered":"<style type=\"text\/css\"><\/style>\n<figure class=\"wp-block-image size-large\"><img loading=\"lazy\" decoding=\"async\" width=\"296\" height=\"296\" src=\"https:\/\/parafiadebewielkie.pl\/wp-content\/uploads\/2020\/10\/wspolnota-sw-piotra-i-pawla.png\" alt=\"\" class=\"wp-image-5229\" srcset=\"https:\/\/parafiadebewielkie.pl\/wp-content\/uploads\/2020\/10\/wspolnota-sw-piotra-i-pawla.png 296w, https:\/\/parafiadebewielkie.pl\/wp-content\/uploads\/2020\/10\/wspolnota-sw-piotra-i-pawla-150x150.png 150w, https:\/\/parafiadebewielkie.pl\/wp-content\/uploads\/2020\/10\/wspolnota-sw-piotra-i-pawla-70x70.png 70w\" sizes=\"auto, (max-width: 296px) 100vw, 296px\" \/><\/figure>\n\n\n\n<h2 class=\"wp-block-heading\">O nas<\/h2>\n\n\n\n<p>Jeste\u015bmy grup\u0105 os\u00f3b \u015bwieckich dzia\u0142aj\u0105c\u0105 przy Parafii \u015aw.Aposto\u0142\u00f3w Piotra i Paw\u0142a w D\u0119bem Wielkim.<\/p>\n\n\n\n<p>Spotykamy si\u0119 dwa razy w miesi\u0105cu na spotkaniach w salkach przyparafialnych w <strong>II i IV niedziel\u0119 miesi\u0105ca<\/strong>&nbsp;<br>oraz zawsze w<strong> pierwszy pi\u0105tek miesi\u0105ca w ko\u015bciele podczas wieczor\u00f3w modlitewnych po mszy \u015bwi\u0119tej o godz. 18.00<\/strong>.<\/p>\n\n\n\n<div class=\"wp-block-columns is-layout-flex wp-container-core-columns-is-layout-9d6595d7 wp-block-columns-is-layout-flex\">\n<div class=\"wp-block-column is-layout-flow wp-block-column-is-layout-flow\">\n<p>Odpowiedzialna Wsp\u00f3lnoty:<br>Magda tel.: 602 877 968<\/p>\n<\/div>\n\n\n\n<div class=\"wp-block-column is-layout-flow wp-block-column-is-layout-flow\">\n<p>Kontakt e-mail:&nbsp;&nbsp;<br><a href=\"mailto:wspolnotadebewielkie@gmail.com\">wspolnotadebewielkie@gmail.com<\/a><\/p>\n<\/div>\n<\/div>\n\n\n\n<figure class=\"wp-block-image size-large\"><img loading=\"lazy\" decoding=\"async\" width=\"1024\" height=\"917\" src=\"https:\/\/parafiadebewielkie.pl\/wp-content\/uploads\/2020\/10\/wspolnota1-1024x917.jpg\" alt=\"\" class=\"wp-image-5230\" srcset=\"https:\/\/parafiadebewielkie.pl\/wp-content\/uploads\/2020\/10\/wspolnota1-1024x917.jpg 1024w, https:\/\/parafiadebewielkie.pl\/wp-content\/uploads\/2020\/10\/wspolnota1-300x269.jpg 300w, https:\/\/parafiadebewielkie.pl\/wp-content\/uploads\/2020\/10\/wspolnota1-768x688.jpg 768w, https:\/\/parafiadebewielkie.pl\/wp-content\/uploads\/2020\/10\/wspolnota1-1536x1376.jpg 1536w, https:\/\/parafiadebewielkie.pl\/wp-content\/uploads\/2020\/10\/wspolnota1-580x519.jpg 580w, https:\/\/parafiadebewielkie.pl\/wp-content\/uploads\/2020\/10\/wspolnota1-860x770.jpg 860w, https:\/\/parafiadebewielkie.pl\/wp-content\/uploads\/2020\/10\/wspolnota1-1160x1039.jpg 1160w, https:\/\/parafiadebewielkie.pl\/wp-content\/uploads\/2020\/10\/wspolnota1-1320x1182.jpg 1320w, https:\/\/parafiadebewielkie.pl\/wp-content\/uploads\/2020\/10\/wspolnota1.jpg 1600w\" sizes=\"auto, (max-width: 1024px) 100vw, 1024px\" \/><\/figure>\n\n\n\n<div class=\"wp-block-buttons aligncenter is-layout-flex wp-block-buttons-is-layout-flex\">\n<div class=\"wp-block-button is-style-fill\"><a class=\"wp-block-button__link\" href=\"https:\/\/wspip.com\/\" target=\"_blank\" rel=\"noreferrer noopener\">STRONA WSP\u00d3LNOTY<\/a><\/div>\n<\/div>\n","protected":false},"excerpt":{"rendered":"<p>O nas Jeste\u015bmy grup\u0105 os\u00f3b \u015bwieckich dzia\u0142aj\u0105c\u0105 przy Parafii \u015aw.Aposto\u0142\u00f3w Piotra i Paw\u0142a w D\u0119bem Wielkim. Spotykamy si\u0119 dwa razy w miesi\u0105cu na spotkaniach w salkach przyparafialnych w II i IV niedziel\u0119 miesi\u0105ca&nbsp;oraz zawsze w pierwszy pi\u0105tek miesi\u0105ca w ko\u015bciele podczas wieczor\u00f3w modlitewnych po mszy \u015bwi\u0119tej o godz. 18.00. Odpowiedzialna Wsp\u00f3lnoty:Magda tel.: 602 877 968&#8230;<\/p>\n","protected":false},"author":1,"featured_media":0,"parent":4945,"menu_order":0,"comment_status":"closed","ping_status":"closed","template":"","meta":{"_price":"","_stock":"","_tribe_ticket_header":"","_tribe_default_ticket_provider":"","_tribe_ticket_capacity":"0","_ticket_start_date":"","_ticket_end_date":"","_tribe_ticket_show_description":"","_tribe_ticket_show_not_going":false,"_tribe_ticket_use_global_stock":"","_tribe_ticket_global_stock_level":"","_global_stock_mode":"","_global_stock_cap":"","_tribe_rsvp_for_event":"","_tribe_ticket_going_count":"","_tribe_ticket_not_going_count":"","_tribe_tickets_list":"[]","_tribe_ticket_has_attendee_info_fields":false,"footnotes":""},"class_list":["post-5031","page","type-page","status-publish","hentry"],"yoast_head":"<!-- This site is optimized with the Yoast SEO plugin v27.4 - https:\/\/yoast.com\/product\/yoast-seo-wordpress\/ -->\n<title>Wsp\u00f3lnota \u015bw. Piotra i Paw\u0142a - Parafia \u015awi\u0119tych Aposto\u0142\u00f3w Piotra i Paw\u0142a w D\u0119bem Wielkim<\/title>\n<meta name=\"robots\" content=\"index, follow, max-snippet:-1, max-image-preview:large, max-video-preview:-1\" \/>\n<link rel=\"canonical\" href=\"https:\/\/parafiadebewielkie.pl\/?page_id=5031\" \/>\n<meta property=\"og:locale\" content=\"pl_PL\" \/>\n<meta property=\"og:type\" content=\"article\" \/>\n<meta property=\"og:title\" content=\"Wsp\u00f3lnota \u015bw. Piotra i Paw\u0142a - Parafia \u015awi\u0119tych Aposto\u0142\u00f3w Piotra i Paw\u0142a w D\u0119bem Wielkim\" \/>\n<meta property=\"og:description\" content=\"O nas Jeste\u015bmy grup\u0105 os\u00f3b \u015bwieckich dzia\u0142aj\u0105c\u0105 przy Parafii \u015aw.Aposto\u0142\u00f3w Piotra i Paw\u0142a w D\u0119bem Wielkim. Spotykamy si\u0119 dwa razy w miesi\u0105cu na spotkaniach w salkach przyparafialnych w II i IV niedziel\u0119 miesi\u0105ca&nbsp;oraz zawsze w pierwszy pi\u0105tek miesi\u0105ca w ko\u015bciele podczas wieczor\u00f3w modlitewnych po mszy \u015bwi\u0119tej o godz. 18.00. Odpowiedzialna Wsp\u00f3lnoty:Magda tel.: 602 877 968...\" \/>\n<meta property=\"og:url\" content=\"https:\/\/parafiadebewielkie.pl\/?page_id=5031\" \/>\n<meta property=\"og:site_name\" content=\"Parafia \u015awi\u0119tych Aposto\u0142\u00f3w Piotra i Paw\u0142a w D\u0119bem Wielkim\" \/>\n<meta property=\"article:modified_time\" content=\"2020-10-27T13:18:51+00:00\" \/>\n<meta property=\"og:image\" content=\"https:\/\/parafiadebewielkie.pl\/wp-content\/uploads\/2020\/10\/wspolnota-sw-piotra-i-pawla.png\" \/>\n<meta name=\"twitter:card\" content=\"summary_large_image\" \/>\n<script type=\"application\/ld+json\" class=\"yoast-schema-graph\">{\"@context\":\"https:\\\/\\\/schema.org\",\"@graph\":[{\"@type\":\"WebPage\",\"@id\":\"https:\\\/\\\/parafiadebewielkie.pl\\\/?page_id=5031\",\"url\":\"https:\\\/\\\/parafiadebewielkie.pl\\\/?page_id=5031\",\"name\":\"Wsp\u00f3lnota \u015bw. Piotra i Paw\u0142a - Parafia \u015awi\u0119tych Aposto\u0142\u00f3w Piotra i Paw\u0142a w D\u0119bem Wielkim\",\"isPartOf\":{\"@id\":\"https:\\\/\\\/parafiadebewielkie.pl\\\/#website\"},\"primaryImageOfPage\":{\"@id\":\"https:\\\/\\\/parafiadebewielkie.pl\\\/?page_id=5031#primaryimage\"},\"image\":{\"@id\":\"https:\\\/\\\/parafiadebewielkie.pl\\\/?page_id=5031#primaryimage\"},\"thumbnailUrl\":\"https:\\\/\\\/parafiadebewielkie.pl\\\/wp-content\\\/uploads\\\/2020\\\/10\\\/wspolnota-sw-piotra-i-pawla.png\",\"datePublished\":\"2020-10-26T09:48:51+00:00\",\"dateModified\":\"2020-10-27T13:18:51+00:00\",\"breadcrumb\":{\"@id\":\"https:\\\/\\\/parafiadebewielkie.pl\\\/?page_id=5031#breadcrumb\"},\"inLanguage\":\"pl-PL\",\"potentialAction\":[{\"@type\":\"ReadAction\",\"target\":[\"https:\\\/\\\/parafiadebewielkie.pl\\\/?page_id=5031\"]}]},{\"@type\":\"ImageObject\",\"inLanguage\":\"pl-PL\",\"@id\":\"https:\\\/\\\/parafiadebewielkie.pl\\\/?page_id=5031#primaryimage\",\"url\":\"https:\\\/\\\/parafiadebewielkie.pl\\\/wp-content\\\/uploads\\\/2020\\\/10\\\/wspolnota-sw-piotra-i-pawla.png\",\"contentUrl\":\"https:\\\/\\\/parafiadebewielkie.pl\\\/wp-content\\\/uploads\\\/2020\\\/10\\\/wspolnota-sw-piotra-i-pawla.png\",\"width\":296,\"height\":296},{\"@type\":\"BreadcrumbList\",\"@id\":\"https:\\\/\\\/parafiadebewielkie.pl\\\/?page_id=5031#breadcrumb\",\"itemListElement\":[{\"@type\":\"ListItem\",\"position\":1,\"name\":\"Home\",\"item\":\"https:\\\/\\\/parafiadebewielkie.pl\\\/\"},{\"@type\":\"ListItem\",\"position\":2,\"name\":\"Wsp\u00f3lnoty\",\"item\":\"https:\\\/\\\/parafiadebewielkie.pl\\\/?page_id=4945\"},{\"@type\":\"ListItem\",\"position\":3,\"name\":\"Wsp\u00f3lnota \u015bw. Piotra i Paw\u0142a\"}]},{\"@type\":\"WebSite\",\"@id\":\"https:\\\/\\\/parafiadebewielkie.pl\\\/#website\",\"url\":\"https:\\\/\\\/parafiadebewielkie.pl\\\/\",\"name\":\"Parafia \u015awi\u0119tych Aposto\u0142\u00f3w Piotra i Paw\u0142a w D\u0119bem Wielkim\",\"description\":\"\",\"potentialAction\":[{\"@type\":\"SearchAction\",\"target\":{\"@type\":\"EntryPoint\",\"urlTemplate\":\"https:\\\/\\\/parafiadebewielkie.pl\\\/?s={search_term_string}\"},\"query-input\":{\"@type\":\"PropertyValueSpecification\",\"valueRequired\":true,\"valueName\":\"search_term_string\"}}],\"inLanguage\":\"pl-PL\"}]}<\/script>\n<!-- \/ Yoast SEO plugin. -->","yoast_head_json":{"title":"Wsp\u00f3lnota \u015bw. Piotra i Paw\u0142a - Parafia \u015awi\u0119tych Aposto\u0142\u00f3w Piotra i Paw\u0142a w D\u0119bem Wielkim","robots":{"index":"index","follow":"follow","max-snippet":"max-snippet:-1","max-image-preview":"max-image-preview:large","max-video-preview":"max-video-preview:-1"},"canonical":"https:\/\/parafiadebewielkie.pl\/?page_id=5031","og_locale":"pl_PL","og_type":"article","og_title":"Wsp\u00f3lnota \u015bw. Piotra i Paw\u0142a - Parafia \u015awi\u0119tych Aposto\u0142\u00f3w Piotra i Paw\u0142a w D\u0119bem Wielkim","og_description":"O nas Jeste\u015bmy grup\u0105 os\u00f3b \u015bwieckich dzia\u0142aj\u0105c\u0105 przy Parafii \u015aw.Aposto\u0142\u00f3w Piotra i Paw\u0142a w D\u0119bem Wielkim. Spotykamy si\u0119 dwa razy w miesi\u0105cu na spotkaniach w salkach przyparafialnych w II i IV niedziel\u0119 miesi\u0105ca&nbsp;oraz zawsze w pierwszy pi\u0105tek miesi\u0105ca w ko\u015bciele podczas wieczor\u00f3w modlitewnych po mszy \u015bwi\u0119tej o godz. 18.00. Odpowiedzialna Wsp\u00f3lnoty:Magda tel.: 602 877 968...","og_url":"https:\/\/parafiadebewielkie.pl\/?page_id=5031","og_site_name":"Parafia \u015awi\u0119tych Aposto\u0142\u00f3w Piotra i Paw\u0142a w D\u0119bem Wielkim","article_modified_time":"2020-10-27T13:18:51+00:00","og_image":[{"url":"https:\/\/parafiadebewielkie.pl\/wp-content\/uploads\/2020\/10\/wspolnota-sw-piotra-i-pawla.png","type":"","width":"","height":""}],"twitter_card":"summary_large_image","schema":{"@context":"https:\/\/schema.org","@graph":[{"@type":"WebPage","@id":"https:\/\/parafiadebewielkie.pl\/?page_id=5031","url":"https:\/\/parafiadebewielkie.pl\/?page_id=5031","name":"Wsp\u00f3lnota \u015bw. Piotra i Paw\u0142a - Parafia \u015awi\u0119tych Aposto\u0142\u00f3w Piotra i Paw\u0142a w D\u0119bem Wielkim","isPartOf":{"@id":"https:\/\/parafiadebewielkie.pl\/#website"},"primaryImageOfPage":{"@id":"https:\/\/parafiadebewielkie.pl\/?page_id=5031#primaryimage"},"image":{"@id":"https:\/\/parafiadebewielkie.pl\/?page_id=5031#primaryimage"},"thumbnailUrl":"https:\/\/parafiadebewielkie.pl\/wp-content\/uploads\/2020\/10\/wspolnota-sw-piotra-i-pawla.png","datePublished":"2020-10-26T09:48:51+00:00","dateModified":"2020-10-27T13:18:51+00:00","breadcrumb":{"@id":"https:\/\/parafiadebewielkie.pl\/?page_id=5031#breadcrumb"},"inLanguage":"pl-PL","potentialAction":[{"@type":"ReadAction","target":["https:\/\/parafiadebewielkie.pl\/?page_id=5031"]}]},{"@type":"ImageObject","inLanguage":"pl-PL","@id":"https:\/\/parafiadebewielkie.pl\/?page_id=5031#primaryimage","url":"https:\/\/parafiadebewielkie.pl\/wp-content\/uploads\/2020\/10\/wspolnota-sw-piotra-i-pawla.png","contentUrl":"https:\/\/parafiadebewielkie.pl\/wp-content\/uploads\/2020\/10\/wspolnota-sw-piotra-i-pawla.png","width":296,"height":296},{"@type":"BreadcrumbList","@id":"https:\/\/parafiadebewielkie.pl\/?page_id=5031#breadcrumb","itemListElement":[{"@type":"ListItem","position":1,"name":"Home","item":"https:\/\/parafiadebewielkie.pl\/"},{"@type":"ListItem","position":2,"name":"Wsp\u00f3lnoty","item":"https:\/\/parafiadebewielkie.pl\/?page_id=4945"},{"@type":"ListItem","position":3,"name":"Wsp\u00f3lnota \u015bw. Piotra i Paw\u0142a"}]},{"@type":"WebSite","@id":"https:\/\/parafiadebewielkie.pl\/#website","url":"https:\/\/parafiadebewielkie.pl\/","name":"Parafia \u015awi\u0119tych Aposto\u0142\u00f3w Piotra i Paw\u0142a w D\u0119bem Wielkim","description":"","potentialAction":[{"@type":"SearchAction","target":{"@type":"EntryPoint","urlTemplate":"https:\/\/parafiadebewielkie.pl\/?s={search_term_string}"},"query-input":{"@type":"PropertyValueSpecification","valueRequired":true,"valueName":"search_term_string"}}],"inLanguage":"pl-PL"}]}},"ticketed":false,"_links":{"self":[{"href":"https:\/\/parafiadebewielkie.pl\/index.php?rest_route=\/wp\/v2\/pages\/5031","targetHints":{"allow":["GET"]}}],"collection":[{"href":"https:\/\/parafiadebewielkie.pl\/index.php?rest_route=\/wp\/v2\/pages"}],"about":[{"href":"https:\/\/parafiadebewielkie.pl\/index.php?rest_route=\/wp\/v2\/types\/page"}],"author":[{"embeddable":true,"href":"https:\/\/parafiadebewielkie.pl\/index.php?rest_route=\/wp\/v2\/users\/1"}],"replies":[{"embeddable":true,"href":"https:\/\/parafiadebewielkie.pl\/index.php?rest_route=%2Fwp%2Fv2%2Fcomments&post=5031"}],"version-history":[{"count":6,"href":"https:\/\/parafiadebewielkie.pl\/index.php?rest_route=\/wp\/v2\/pages\/5031\/revisions"}],"predecessor-version":[{"id":5316,"href":"https:\/\/parafiadebewielkie.pl\/index.php?rest_route=\/wp\/v2\/pages\/5031\/revisions\/5316"}],"up":[{"embeddable":true,"href":"https:\/\/parafiadebewielkie.pl\/index.php?rest_route=\/wp\/v2\/pages\/4945"}],"wp:attachment":[{"href":"https:\/\/parafiadebewielkie.pl\/index.php?rest_route=%2Fwp%2Fv2%2Fmedia&parent=5031"}],"curies":[{"name":"wp","href":"https:\/\/api.w.org\/{rel}","templated":true}]}}