{"id":5027,"date":"2020-10-26T09:56:18","date_gmt":"2020-10-26T08:56:18","guid":{"rendered":"https:\/\/create24.thecamels.pl\/parafiadebewielkie.pl\/new\/?page_id=5027"},"modified":"2020-11-26T09:09:05","modified_gmt":"2020-11-26T08:09:05","slug":"chrzest","status":"publish","type":"page","link":"https:\/\/parafiadebewielkie.pl\/?page_id=5027","title":{"rendered":"Chrzest"},"content":{"rendered":"<style type=\"text\/css\"><\/style><div id=\"cmsmasters_row_69e28b5e4b5f79_15195836\" class=\"cmsmasters_row cmsmasters_color_scheme_default cmsmasters_row_top_default cmsmasters_row_bot_default cmsmasters_row_boxed\">\n<div class=\"cmsmasters_row_outer_parent\">\n<div class=\"cmsmasters_row_outer\">\n<div class=\"cmsmasters_row_inner\">\n<div class=\"cmsmasters_row_margin\">\n<div class=\"cmsmasters_column one_first\">\n<div class=\"cmsmasters_text\">\n<h2 class=\"wp-block-heading\">Wymogi formalne i praktyka chrztu w parafii<\/h2>\n<p>Rodzice dziecka zg\u0142aszaj\u0105 si\u0119 do kancelarii parafialnej w ci\u0105gu dw\u00f3ch tygodni przed planowanym terminem, aby spisa\u0107 akt chrztu (nie ma potrzeby wcze\u015bniejszej rezerwacji). Potrzebne s\u0105 nast\u0119puj\u0105ce dokumenty:<\/p>\n<\/p>\n<ul class=\"wp-block-list\">\n<li>Akt urodzenia dziecka z\u00a0Urz\u0119du Stanu Cywilnego (odpis);<\/li>\n<li>Za\u015bwiadczenia z parafii zamieszkania rodzic\u00f3w chrzestnych, \u017ce mog\u0105 pe\u0142ni\u0107 funkcj\u0119 chrzestnych;<\/li>\n<li>Dane rodzic\u00f3w chrzestnych (imiona, nazwiska, adres faktycznego zamieszkania);<\/li>\n<li>Zgod\u0119 z parafii zamieszkania rodzic\u00f3w (o ile nie mieszkaj\u0105 na terenie naszej parafii);<\/li>\n<\/ul>\n<p>Chrzestnym mo\u017ce by\u0107 osoba spe\u0142niaj\u0105ca nast\u0119puj\u0105ce warunki: katolik, uko\u0144czone 16 lat, by\u0142a u bierzmowania, je\u015bli zam\u0119\u017cna lub \u017conaty, to \u017cyj\u0105cy w sakramentalnym zwi\u0105zku, prowadz\u0105ca \u017cycie zgodne z wiar\u0105, przest\u0119puj\u0105ca do sakrament\u00f3w (Msza \u015bw., systematyczna spowied\u017a).<\/p>\n<\/p>\n<p>Rodzice i chrzestni zg\u0142aszaj\u0105 si\u0119 15 minut przed chrztem do zakrystii, w celu z\u0142o\u017cenia podpis\u00f3w.<\/p>\n<\/p>\n<p>Do chrztu nale\u017cy przygotowa\u0107 \u015bwiec\u0119 chrzcieln\u0105 i bia\u0142\u0105 szatk\u0119.<\/p>\n<\/p>\n<p>Chrzestni oraz (w miar\u0119 mo\u017cliwo\u015bci) rodzice dziecka proszeni s\u0105 o przyj\u0119cie Komunii podczas mszy, na kt\u00f3rej jest chrzest. Nie jest wskazane zwlekanie ze spowiedzi\u0105 do tej mszy, gdy\u017c podczas niej rodzice i chrzestni powinni by\u0107 ca\u0142y czas przy dziecku.<\/p>\n<\/p>\n<p>Chrzest dziecka zasadniczo powinien si\u0119 odby\u0107 w ko\u015bciele parafialnym rodzic\u00f3w dziecka, w miejscu ich zamieszkania. UWAGA: W sprawach sakramentalnych nie jest istotne zameldowanie, a faktyczne zamieszkanie (powy\u017cej trzech miesi\u0119cy)<\/p>\n<\/p>\n<p>Chrzest udzielany jest w ka\u017cd\u0105 opr\u00f3cz pierwszej niedzieli miesi\u0105ca, w \u015awi\u0119to Bo\u017cego Narodzenia i Wielkanoc na Mszy \u015bw. o godz. 12:00.<\/p>\n<\/p>\n<p>Prosimy o schludny, dostosowany do charakteru miejsca, jakim jest ko\u015bci\u00f3\u0142, str\u00f3j rodzic\u00f3w, chrzestnych i go\u015bci.<\/p>\n<\/p>\n<h2 class=\"wp-block-heading\">Skutki chrztu \u015bw.<\/h2>\n<ul class=\"wp-block-list\">\n<li>zg\u0142adzenie grzechu pierworodnego,<\/li>\n<li>odpuszczenie wszystkich grzech\u00f3w osobistych,<\/li>\n<li>odpuszczenie ca\u0142ej kary za grzechy, zar\u00f3wno wiecznej jak i doczesnej,<\/li>\n<li>obdarzenie \u0142ask\u0105 u\u015bwi\u0119caj\u0105c\u0105, cnotami teologalnymi (wiar\u0105, nadziej\u0105 i mi\u0142o\u015bci\u0105) oraz darami Ducha \u015awi\u0119tego,<\/li>\n<li>charakter sakramentalny, czyli niezatarte znami\u0119 przynale\u017cno\u015bci do Boga i Ko\u015bcio\u0142a.<\/li>\n<\/ul>\n<h2 class=\"wp-block-heading\">Warunki udzielania chrztu \u015bw.<\/h2>\n<p>Podstawowym warunkiem udzielenia sakramentu chrztu \u015bwi\u0119tego jest nieprzyj\u0119cie jeszcze tego sakramentu przez danego cz\u0142owieka. W przypadku dzieci wymagana jest zgoda rodzic\u00f3w (przynajmniej jednego) i zapewnienie o katolickim wychowaniu dziecka. Je\u015bli nie ma nadziei na wychowanie dziecka w wierze katolickiej nie odmawia si\u0119 chrztu, ale nale\u017cy go od\u0142o\u017cy\u0107 a\u017c do momentu, gdy b\u0119d\u0105 mog\u0142y by\u0107 spe\u0142nione warunki stawiane przez Ko\u015bci\u00f3\u0142. Je\u015bli rodzice nie mog\u0105 zapewni\u0107 katolickiego wychowania dziecka, proponuje si\u0119 zapisanie dziecka do odbycia katechumenatu (czyli specjalnego przygotowania do przyj\u0119cia chrztu \u015bw.) w wieku szkolnym.<\/p>\n<\/p>\n<h2 class=\"wp-block-heading\">Obowi\u0105zki wyp\u0142ywaj\u0105ce z przyj\u0119cia sakramentu chrztu \u015bwi\u0119tego<\/h2>\n<p>Chrzest b\u0119d\u0105c wezwaniem do \u017cycia wiar\u0105 zobowi\u0105zuje do poznawania prawd wiary katolickiej.<br \/>Chrzest wzywa do \u017cycia nadziej\u0105, \u017ce cz\u0142owiek \u017cyj\u0105c dobrze osi\u0105gnie zbawienie.<br \/>Chrzest zobowi\u0105zuje do \u017cycia mi\u0142o\u015bci\u0105 wobec Boga i ludzi.<\/p>\n<\/p>\n<p>Chrzest wprowadza cz\u0142owieka we wsp\u00f3lnot\u0119 Ko\u015bcio\u0142a, st\u0105d p\u0142ynie zobowi\u0105zanie do udzia\u0142u w \u017cyciu Ko\u015bcio\u0142a (nie tylko uczestniczenie w obrz\u0119dach kultu: np. Mszy \u015bw., nabo\u017ce\u0144stwach, ale r\u00f3wnie\u017c troska o sprawy materialne).<\/p>\n<\/p>\n<p>Chrzest daje uprawnienie do przyjmowania innych sakrament\u00f3w \u015bwi\u0119tych i zobowi\u0105zuje do prowadzenia \u017cycia sakramentalnego, a wi\u0119c cz\u0119stej spowiedzi i Komunii \u015bwi\u0119tej.<\/p>\n<\/p>\n<\/div>\n<\/div>\n<\/div>\n<\/div>\n<\/div>\n<\/div>\n<\/div>\n","protected":false},"excerpt":{"rendered":"","protected":false},"author":1,"featured_media":0,"parent":4943,"menu_order":0,"comment_status":"closed","ping_status":"closed","template":"","meta":{"_price":"","_stock":"","_tribe_ticket_header":"","_tribe_default_ticket_provider":"","_tribe_ticket_capacity":"0","_ticket_start_date":"","_ticket_end_date":"","_tribe_ticket_show_description":"","_tribe_ticket_show_not_going":false,"_tribe_ticket_use_global_stock":"","_tribe_ticket_global_stock_level":"","_global_stock_mode":"","_global_stock_cap":"","_tribe_rsvp_for_event":"","_tribe_ticket_going_count":"","_tribe_ticket_not_going_count":"","_tribe_tickets_list":"[]","_tribe_ticket_has_attendee_info_fields":false,"footnotes":""},"class_list":["post-5027","page","type-page","status-publish","hentry"],"yoast_head":"<!-- This site is optimized with the Yoast SEO plugin v27.4 - https:\/\/yoast.com\/product\/yoast-seo-wordpress\/ -->\n<title>Chrzest - Parafia \u015awi\u0119tych Aposto\u0142\u00f3w Piotra i Paw\u0142a w D\u0119bem Wielkim<\/title>\n<meta name=\"robots\" content=\"index, follow, max-snippet:-1, max-image-preview:large, max-video-preview:-1\" \/>\n<link rel=\"canonical\" href=\"https:\/\/parafiadebewielkie.pl\/?page_id=5027\" \/>\n<meta property=\"og:locale\" content=\"pl_PL\" \/>\n<meta property=\"og:type\" content=\"article\" \/>\n<meta property=\"og:title\" content=\"Chrzest - Parafia \u015awi\u0119tych Aposto\u0142\u00f3w Piotra i Paw\u0142a w D\u0119bem Wielkim\" \/>\n<meta property=\"og:url\" content=\"https:\/\/parafiadebewielkie.pl\/?page_id=5027\" \/>\n<meta property=\"og:site_name\" content=\"Parafia \u015awi\u0119tych Aposto\u0142\u00f3w Piotra i Paw\u0142a w D\u0119bem Wielkim\" \/>\n<meta property=\"article:modified_time\" content=\"2020-11-26T08:09:05+00:00\" \/>\n<meta name=\"twitter:card\" content=\"summary_large_image\" \/>\n<meta name=\"twitter:label1\" content=\"Szacowany czas czytania\" \/>\n\t<meta name=\"twitter:data1\" content=\"3 minuty\" \/>\n<script type=\"application\/ld+json\" class=\"yoast-schema-graph\">{\"@context\":\"https:\\\/\\\/schema.org\",\"@graph\":[{\"@type\":\"WebPage\",\"@id\":\"https:\\\/\\\/parafiadebewielkie.pl\\\/?page_id=5027\",\"url\":\"https:\\\/\\\/parafiadebewielkie.pl\\\/?page_id=5027\",\"name\":\"Chrzest - Parafia \u015awi\u0119tych Aposto\u0142\u00f3w Piotra i Paw\u0142a w D\u0119bem Wielkim\",\"isPartOf\":{\"@id\":\"https:\\\/\\\/parafiadebewielkie.pl\\\/#website\"},\"datePublished\":\"2020-10-26T08:56:18+00:00\",\"dateModified\":\"2020-11-26T08:09:05+00:00\",\"breadcrumb\":{\"@id\":\"https:\\\/\\\/parafiadebewielkie.pl\\\/?page_id=5027#breadcrumb\"},\"inLanguage\":\"pl-PL\",\"potentialAction\":[{\"@type\":\"ReadAction\",\"target\":[\"https:\\\/\\\/parafiadebewielkie.pl\\\/?page_id=5027\"]}]},{\"@type\":\"BreadcrumbList\",\"@id\":\"https:\\\/\\\/parafiadebewielkie.pl\\\/?page_id=5027#breadcrumb\",\"itemListElement\":[{\"@type\":\"ListItem\",\"position\":1,\"name\":\"Home\",\"item\":\"https:\\\/\\\/parafiadebewielkie.pl\\\/\"},{\"@type\":\"ListItem\",\"position\":2,\"name\":\"Sakramenty\",\"item\":\"https:\\\/\\\/parafiadebewielkie.pl\\\/?page_id=4943\"},{\"@type\":\"ListItem\",\"position\":3,\"name\":\"Chrzest\"}]},{\"@type\":\"WebSite\",\"@id\":\"https:\\\/\\\/parafiadebewielkie.pl\\\/#website\",\"url\":\"https:\\\/\\\/parafiadebewielkie.pl\\\/\",\"name\":\"Parafia \u015awi\u0119tych Aposto\u0142\u00f3w Piotra i Paw\u0142a w D\u0119bem Wielkim\",\"description\":\"\",\"potentialAction\":[{\"@type\":\"SearchAction\",\"target\":{\"@type\":\"EntryPoint\",\"urlTemplate\":\"https:\\\/\\\/parafiadebewielkie.pl\\\/?s={search_term_string}\"},\"query-input\":{\"@type\":\"PropertyValueSpecification\",\"valueRequired\":true,\"valueName\":\"search_term_string\"}}],\"inLanguage\":\"pl-PL\"}]}<\/script>\n<!-- \/ Yoast SEO plugin. -->","yoast_head_json":{"title":"Chrzest - Parafia \u015awi\u0119tych Aposto\u0142\u00f3w Piotra i Paw\u0142a w D\u0119bem Wielkim","robots":{"index":"index","follow":"follow","max-snippet":"max-snippet:-1","max-image-preview":"max-image-preview:large","max-video-preview":"max-video-preview:-1"},"canonical":"https:\/\/parafiadebewielkie.pl\/?page_id=5027","og_locale":"pl_PL","og_type":"article","og_title":"Chrzest - Parafia \u015awi\u0119tych Aposto\u0142\u00f3w Piotra i Paw\u0142a w D\u0119bem Wielkim","og_url":"https:\/\/parafiadebewielkie.pl\/?page_id=5027","og_site_name":"Parafia \u015awi\u0119tych Aposto\u0142\u00f3w Piotra i Paw\u0142a w D\u0119bem Wielkim","article_modified_time":"2020-11-26T08:09:05+00:00","twitter_card":"summary_large_image","twitter_misc":{"Szacowany czas czytania":"3 minuty"},"schema":{"@context":"https:\/\/schema.org","@graph":[{"@type":"WebPage","@id":"https:\/\/parafiadebewielkie.pl\/?page_id=5027","url":"https:\/\/parafiadebewielkie.pl\/?page_id=5027","name":"Chrzest - Parafia \u015awi\u0119tych Aposto\u0142\u00f3w Piotra i Paw\u0142a w D\u0119bem Wielkim","isPartOf":{"@id":"https:\/\/parafiadebewielkie.pl\/#website"},"datePublished":"2020-10-26T08:56:18+00:00","dateModified":"2020-11-26T08:09:05+00:00","breadcrumb":{"@id":"https:\/\/parafiadebewielkie.pl\/?page_id=5027#breadcrumb"},"inLanguage":"pl-PL","potentialAction":[{"@type":"ReadAction","target":["https:\/\/parafiadebewielkie.pl\/?page_id=5027"]}]},{"@type":"BreadcrumbList","@id":"https:\/\/parafiadebewielkie.pl\/?page_id=5027#breadcrumb","itemListElement":[{"@type":"ListItem","position":1,"name":"Home","item":"https:\/\/parafiadebewielkie.pl\/"},{"@type":"ListItem","position":2,"name":"Sakramenty","item":"https:\/\/parafiadebewielkie.pl\/?page_id=4943"},{"@type":"ListItem","position":3,"name":"Chrzest"}]},{"@type":"WebSite","@id":"https:\/\/parafiadebewielkie.pl\/#website","url":"https:\/\/parafiadebewielkie.pl\/","name":"Parafia \u015awi\u0119tych Aposto\u0142\u00f3w Piotra i Paw\u0142a w D\u0119bem Wielkim","description":"","potentialAction":[{"@type":"SearchAction","target":{"@type":"EntryPoint","urlTemplate":"https:\/\/parafiadebewielkie.pl\/?s={search_term_string}"},"query-input":{"@type":"PropertyValueSpecification","valueRequired":true,"valueName":"search_term_string"}}],"inLanguage":"pl-PL"}]}},"ticketed":false,"_links":{"self":[{"href":"https:\/\/parafiadebewielkie.pl\/index.php?rest_route=\/wp\/v2\/pages\/5027","targetHints":{"allow":["GET"]}}],"collection":[{"href":"https:\/\/parafiadebewielkie.pl\/index.php?rest_route=\/wp\/v2\/pages"}],"about":[{"href":"https:\/\/parafiadebewielkie.pl\/index.php?rest_route=\/wp\/v2\/types\/page"}],"author":[{"embeddable":true,"href":"https:\/\/parafiadebewielkie.pl\/index.php?rest_route=\/wp\/v2\/users\/1"}],"replies":[{"embeddable":true,"href":"https:\/\/parafiadebewielkie.pl\/index.php?rest_route=%2Fwp%2Fv2%2Fcomments&post=5027"}],"version-history":[{"count":4,"href":"https:\/\/parafiadebewielkie.pl\/index.php?rest_route=\/wp\/v2\/pages\/5027\/revisions"}],"predecessor-version":[{"id":5446,"href":"https:\/\/parafiadebewielkie.pl\/index.php?rest_route=\/wp\/v2\/pages\/5027\/revisions\/5446"}],"up":[{"embeddable":true,"href":"https:\/\/parafiadebewielkie.pl\/index.php?rest_route=\/wp\/v2\/pages\/4943"}],"wp:attachment":[{"href":"https:\/\/parafiadebewielkie.pl\/index.php?rest_route=%2Fwp%2Fv2%2Fmedia&parent=5027"}],"curies":[{"name":"wp","href":"https:\/\/api.w.org\/{rel}","templated":true}]}}