{"id":4947,"date":"2006-06-09T11:41:20","date_gmt":"2006-06-09T09:41:20","guid":{"rendered":"https:\/\/create24.thecamels.pl\/parafiadebewielkie.pl\/new\/?page_id=4947"},"modified":"2020-10-21T10:47:47","modified_gmt":"2020-10-21T08:47:47","slug":"cmentarz","status":"publish","type":"page","link":"https:\/\/parafiadebewielkie.pl\/?page_id=4947","title":{"rendered":"Cmentarz"},"content":{"rendered":"<style type=\"text\/css\"> \n#cmsmasters_row_69e28ab329a0a8_37909150 .cmsmasters_row_outer_parent { \n\tpadding-top: 0px; \n} \n\n#cmsmasters_row_69e28ab329a0a8_37909150 .cmsmasters_row_outer_parent { \n\tpadding-bottom: 50px; \n} \n\n \n#cmsmasters_heading_69e28ab329cd23_92902280 { \n\ttext-align:center; \n\tmargin-top:0px; \n\tmargin-bottom:20px; \n} \n\n#cmsmasters_heading_69e28ab329cd23_92902280 .cmsmasters_heading { \n\ttext-align:center; \n} \n\n#cmsmasters_heading_69e28ab329cd23_92902280 .cmsmasters_heading, #cmsmasters_heading_69e28ab329cd23_92902280 .cmsmasters_heading a { \n\tfont-weight:normal; \n\tfont-style:normal; \n} \n\n#cmsmasters_heading_69e28ab329cd23_92902280 .cmsmasters_heading_divider { \n} \n\n\n#cmsmasters_button_69e28ab329d748_18165464 { \n\ttext-align:center; \n} \n\n#cmsmasters_button_69e28ab329d748_18165464 .cmsmasters_button:before { \n\tmargin-right:.5em; \n\tmargin-left:0; \n\tvertical-align:baseline; \n} \n\n#cmsmasters_button_69e28ab329d748_18165464 .cmsmasters_button { \n\tfont-weight:normal; \n\tfont-style:normal; \n\tborder-style:solid; \n} \n#cmsmasters_button_69e28ab329d748_18165464 .cmsmasters_button:hover { \n} \n<\/style><div id=\"cmsmasters_row_69e28ab329a0a8_37909150\" class=\"cmsmasters_row cmsmasters_color_scheme_default cmsmasters_row_top_default cmsmasters_row_bot_default cmsmasters_row_boxed\">\n<div class=\"cmsmasters_row_outer_parent\">\n<div class=\"cmsmasters_row_outer\">\n<div class=\"cmsmasters_row_inner\">\n<div class=\"cmsmasters_row_margin\">\n<div class=\"cmsmasters_column one_first\">\n<div class=\"custom_html\">\n<div class=\"space\"><\/div>\n<\/div>\n<\/div>\n<\/div>\n<\/div>\n<\/div>\n<\/div>\n<\/div>\n<div id=\"cmsmasters_row_69e28ab329b457_80207954\" class=\"cmsmasters_row cmsmasters_color_scheme_default cmsmasters_row_top_default cmsmasters_row_bot_default cmsmasters_row_boxed\">\n<div class=\"cmsmasters_row_outer_parent\">\n<div class=\"cmsmasters_row_outer\">\n<div class=\"cmsmasters_row_inner\">\n<div class=\"cmsmasters_row_margin\">\n<div class=\"cmsmasters_column one_half\">\n\n<div id=\"cmsmasters_heading_69e28ab329cd23_92902280\" class=\"cmsmasters_heading_wrap cmsmasters_heading_align_center\">\n\t<h1 class=\"cmsmasters_heading\">Cmentarz Parafialny w D\u0119bem Wielkim<\/h1>\n<\/div><div class=\"cmsmasters_text\">\n<p style=\"text-align: center;\">103 Batalionu Strzelc\u00f3w 1, 05-311 D\u0119be Wielkie<\/p>\n<\/div>\n\n<div id=\"cmsmasters_button_69e28ab329d748_18165464\" class=\"button_wrap\"><a href=\"http:\/\/37.28.154.108\/debewielkie\/\" class=\"cmsmasters_button\" target=\"_blank\"><span>Wyszukiwarka mogi\u0142<\/span><\/a><\/div>\n<div class=\"cmsmasters_text space\">\n<h3 style=\"text-align: center;\"><strong>Par\u0119 s\u0142\u00f3w<\/strong><\/h3>\n<p style=\"text-align: center;\">Na cmentarzu parafialnym znajduje si\u0119 wsp\u00f3lna mogi\u0142a \u017co\u0142nierzy polskich poleg\u0142ych na przedpolach D\u0119bego Wielkiego w dniu 13 wrze\u015bnia 1939 r.<\/p>\n<\/div>\n<div class=\"cmsmasters_text space\">\n<p><a href=\"https:\/\/parafiadebewielkie.pl\/wp-content\/uploads\/2020\/10\/Zdj.12-1024x700-1.png\"><img loading=\"lazy\" decoding=\"async\" class=\"aligncenter wp-image-4956 size-cmsmasters-project-masonry-thumb\" src=\"https:\/\/parafiadebewielkie.pl\/wp-content\/uploads\/2020\/10\/Zdj.12-1024x700-1-580x396.png\" alt=\"\" width=\"580\" height=\"396\" srcset=\"https:\/\/parafiadebewielkie.pl\/wp-content\/uploads\/2020\/10\/Zdj.12-1024x700-1-580x396.png 580w, https:\/\/parafiadebewielkie.pl\/wp-content\/uploads\/2020\/10\/Zdj.12-1024x700-1-300x205.png 300w, https:\/\/parafiadebewielkie.pl\/wp-content\/uploads\/2020\/10\/Zdj.12-1024x700-1-768x525.png 768w, https:\/\/parafiadebewielkie.pl\/wp-content\/uploads\/2020\/10\/Zdj.12-1024x700-1-860x588.png 860w, https:\/\/parafiadebewielkie.pl\/wp-content\/uploads\/2020\/10\/Zdj.12-1024x700-1.png 1024w\" sizes=\"auto, (max-width: 580px) 100vw, 580px\" \/><\/a><\/p>\n<\/div>\n<\/div>\n<div class=\"cmsmasters_column one_half\">\n<div class=\"custom_html\">\n<iframe loading=\"lazy\" src=\"https:\/\/www.google.com\/maps\/embed?pb=!1m18!1m12!1m3!1d59749.083272033095!2d21.411748320669822!3d52.21014829415162!2m3!1f0!2f0!3f0!3m2!1i1024!2i768!4f13.1!3m3!1m2!1s0x0%3A0x8a6489c9262453db!2sCmentarz!5e0!3m2!1spl!2spl!4v1603266301532!5m2!1spl!2spl\" width=\"453\" height=\"684\" frameborder=\"0\" style=\"border:0;\" allowfullscreen=\"\" aria-hidden=\"false\" tabindex=\"0\"><\/iframe>\n<\/div>\n<\/div>\n<\/div>\n<\/div>\n<\/div>\n<\/div>\n<\/div>\n\n","protected":false},"excerpt":{"rendered":"","protected":false},"author":1,"featured_media":0,"parent":0,"menu_order":0,"comment_status":"closed","ping_status":"closed","template":"","meta":{"_price":"","_stock":"","_tribe_ticket_header":"","_tribe_default_ticket_provider":"","_tribe_ticket_capacity":"0","_ticket_start_date":"","_ticket_end_date":"","_tribe_ticket_show_description":"","_tribe_ticket_show_not_going":false,"_tribe_ticket_use_global_stock":"","_tribe_ticket_global_stock_level":"","_global_stock_mode":"","_global_stock_cap":"","_tribe_rsvp_for_event":"","_tribe_ticket_going_count":"","_tribe_ticket_not_going_count":"","_tribe_tickets_list":"[]","_tribe_ticket_has_attendee_info_fields":false,"footnotes":""},"class_list":["post-4947","page","type-page","status-publish","hentry"],"yoast_head":"<!-- This site is optimized with the Yoast SEO plugin v27.4 - https:\/\/yoast.com\/product\/yoast-seo-wordpress\/ -->\n<title>Cmentarz - Parafia \u015awi\u0119tych Aposto\u0142\u00f3w Piotra i Paw\u0142a w D\u0119bem Wielkim<\/title>\n<meta name=\"robots\" content=\"index, follow, max-snippet:-1, max-image-preview:large, max-video-preview:-1\" \/>\n<link rel=\"canonical\" href=\"https:\/\/parafiadebewielkie.pl\/?page_id=4947\" \/>\n<meta property=\"og:locale\" content=\"pl_PL\" \/>\n<meta property=\"og:type\" content=\"article\" \/>\n<meta property=\"og:title\" content=\"Cmentarz - Parafia \u015awi\u0119tych Aposto\u0142\u00f3w Piotra i Paw\u0142a w D\u0119bem Wielkim\" \/>\n<meta property=\"og:url\" content=\"https:\/\/parafiadebewielkie.pl\/?page_id=4947\" \/>\n<meta property=\"og:site_name\" content=\"Parafia \u015awi\u0119tych Aposto\u0142\u00f3w Piotra i Paw\u0142a w D\u0119bem Wielkim\" \/>\n<meta property=\"article:modified_time\" content=\"2020-10-21T08:47:47+00:00\" \/>\n<meta property=\"og:image\" content=\"https:\/\/parafiadebewielkie.pl\/wp-content\/uploads\/2020\/10\/Zdj.12-1024x700-1-580x396.png\" \/>\n<meta name=\"twitter:card\" content=\"summary_large_image\" \/>\n<meta name=\"twitter:label1\" content=\"Szacowany czas czytania\" \/>\n\t<meta name=\"twitter:data1\" content=\"1 minuta\" \/>\n<script type=\"application\/ld+json\" class=\"yoast-schema-graph\">{\"@context\":\"https:\\\/\\\/schema.org\",\"@graph\":[{\"@type\":\"WebPage\",\"@id\":\"https:\\\/\\\/parafiadebewielkie.pl\\\/?page_id=4947\",\"url\":\"https:\\\/\\\/parafiadebewielkie.pl\\\/?page_id=4947\",\"name\":\"Cmentarz - Parafia \u015awi\u0119tych Aposto\u0142\u00f3w Piotra i Paw\u0142a w D\u0119bem Wielkim\",\"isPartOf\":{\"@id\":\"https:\\\/\\\/parafiadebewielkie.pl\\\/#website\"},\"primaryImageOfPage\":{\"@id\":\"https:\\\/\\\/parafiadebewielkie.pl\\\/?page_id=4947#primaryimage\"},\"image\":{\"@id\":\"https:\\\/\\\/parafiadebewielkie.pl\\\/?page_id=4947#primaryimage\"},\"thumbnailUrl\":\"https:\\\/\\\/parafiadebewielkie.pl\\\/wp-content\\\/uploads\\\/2020\\\/10\\\/Zdj.12-1024x700-1-580x396.png\",\"datePublished\":\"2006-06-09T09:41:20+00:00\",\"dateModified\":\"2020-10-21T08:47:47+00:00\",\"breadcrumb\":{\"@id\":\"https:\\\/\\\/parafiadebewielkie.pl\\\/?page_id=4947#breadcrumb\"},\"inLanguage\":\"pl-PL\",\"potentialAction\":[{\"@type\":\"ReadAction\",\"target\":[\"https:\\\/\\\/parafiadebewielkie.pl\\\/?page_id=4947\"]}]},{\"@type\":\"ImageObject\",\"inLanguage\":\"pl-PL\",\"@id\":\"https:\\\/\\\/parafiadebewielkie.pl\\\/?page_id=4947#primaryimage\",\"url\":\"https:\\\/\\\/parafiadebewielkie.pl\\\/wp-content\\\/uploads\\\/2020\\\/10\\\/Zdj.12-1024x700-1.png\",\"contentUrl\":\"https:\\\/\\\/parafiadebewielkie.pl\\\/wp-content\\\/uploads\\\/2020\\\/10\\\/Zdj.12-1024x700-1.png\",\"width\":1024,\"height\":700},{\"@type\":\"BreadcrumbList\",\"@id\":\"https:\\\/\\\/parafiadebewielkie.pl\\\/?page_id=4947#breadcrumb\",\"itemListElement\":[{\"@type\":\"ListItem\",\"position\":1,\"name\":\"Home\",\"item\":\"https:\\\/\\\/parafiadebewielkie.pl\\\/\"},{\"@type\":\"ListItem\",\"position\":2,\"name\":\"Cmentarz\"}]},{\"@type\":\"WebSite\",\"@id\":\"https:\\\/\\\/parafiadebewielkie.pl\\\/#website\",\"url\":\"https:\\\/\\\/parafiadebewielkie.pl\\\/\",\"name\":\"Parafia \u015awi\u0119tych Aposto\u0142\u00f3w Piotra i Paw\u0142a w D\u0119bem Wielkim\",\"description\":\"\",\"potentialAction\":[{\"@type\":\"SearchAction\",\"target\":{\"@type\":\"EntryPoint\",\"urlTemplate\":\"https:\\\/\\\/parafiadebewielkie.pl\\\/?s={search_term_string}\"},\"query-input\":{\"@type\":\"PropertyValueSpecification\",\"valueRequired\":true,\"valueName\":\"search_term_string\"}}],\"inLanguage\":\"pl-PL\"}]}<\/script>\n<!-- \/ Yoast SEO plugin. -->","yoast_head_json":{"title":"Cmentarz - Parafia \u015awi\u0119tych Aposto\u0142\u00f3w Piotra i Paw\u0142a w D\u0119bem Wielkim","robots":{"index":"index","follow":"follow","max-snippet":"max-snippet:-1","max-image-preview":"max-image-preview:large","max-video-preview":"max-video-preview:-1"},"canonical":"https:\/\/parafiadebewielkie.pl\/?page_id=4947","og_locale":"pl_PL","og_type":"article","og_title":"Cmentarz - Parafia \u015awi\u0119tych Aposto\u0142\u00f3w Piotra i Paw\u0142a w D\u0119bem Wielkim","og_url":"https:\/\/parafiadebewielkie.pl\/?page_id=4947","og_site_name":"Parafia \u015awi\u0119tych Aposto\u0142\u00f3w Piotra i Paw\u0142a w D\u0119bem Wielkim","article_modified_time":"2020-10-21T08:47:47+00:00","og_image":[{"url":"https:\/\/parafiadebewielkie.pl\/wp-content\/uploads\/2020\/10\/Zdj.12-1024x700-1-580x396.png","type":"","width":"","height":""}],"twitter_card":"summary_large_image","twitter_misc":{"Szacowany czas czytania":"1 minuta"},"schema":{"@context":"https:\/\/schema.org","@graph":[{"@type":"WebPage","@id":"https:\/\/parafiadebewielkie.pl\/?page_id=4947","url":"https:\/\/parafiadebewielkie.pl\/?page_id=4947","name":"Cmentarz - Parafia \u015awi\u0119tych Aposto\u0142\u00f3w Piotra i Paw\u0142a w D\u0119bem Wielkim","isPartOf":{"@id":"https:\/\/parafiadebewielkie.pl\/#website"},"primaryImageOfPage":{"@id":"https:\/\/parafiadebewielkie.pl\/?page_id=4947#primaryimage"},"image":{"@id":"https:\/\/parafiadebewielkie.pl\/?page_id=4947#primaryimage"},"thumbnailUrl":"https:\/\/parafiadebewielkie.pl\/wp-content\/uploads\/2020\/10\/Zdj.12-1024x700-1-580x396.png","datePublished":"2006-06-09T09:41:20+00:00","dateModified":"2020-10-21T08:47:47+00:00","breadcrumb":{"@id":"https:\/\/parafiadebewielkie.pl\/?page_id=4947#breadcrumb"},"inLanguage":"pl-PL","potentialAction":[{"@type":"ReadAction","target":["https:\/\/parafiadebewielkie.pl\/?page_id=4947"]}]},{"@type":"ImageObject","inLanguage":"pl-PL","@id":"https:\/\/parafiadebewielkie.pl\/?page_id=4947#primaryimage","url":"https:\/\/parafiadebewielkie.pl\/wp-content\/uploads\/2020\/10\/Zdj.12-1024x700-1.png","contentUrl":"https:\/\/parafiadebewielkie.pl\/wp-content\/uploads\/2020\/10\/Zdj.12-1024x700-1.png","width":1024,"height":700},{"@type":"BreadcrumbList","@id":"https:\/\/parafiadebewielkie.pl\/?page_id=4947#breadcrumb","itemListElement":[{"@type":"ListItem","position":1,"name":"Home","item":"https:\/\/parafiadebewielkie.pl\/"},{"@type":"ListItem","position":2,"name":"Cmentarz"}]},{"@type":"WebSite","@id":"https:\/\/parafiadebewielkie.pl\/#website","url":"https:\/\/parafiadebewielkie.pl\/","name":"Parafia \u015awi\u0119tych Aposto\u0142\u00f3w Piotra i Paw\u0142a w D\u0119bem Wielkim","description":"","potentialAction":[{"@type":"SearchAction","target":{"@type":"EntryPoint","urlTemplate":"https:\/\/parafiadebewielkie.pl\/?s={search_term_string}"},"query-input":{"@type":"PropertyValueSpecification","valueRequired":true,"valueName":"search_term_string"}}],"inLanguage":"pl-PL"}]}},"ticketed":false,"_links":{"self":[{"href":"https:\/\/parafiadebewielkie.pl\/index.php?rest_route=\/wp\/v2\/pages\/4947","targetHints":{"allow":["GET"]}}],"collection":[{"href":"https:\/\/parafiadebewielkie.pl\/index.php?rest_route=\/wp\/v2\/pages"}],"about":[{"href":"https:\/\/parafiadebewielkie.pl\/index.php?rest_route=\/wp\/v2\/types\/page"}],"author":[{"embeddable":true,"href":"https:\/\/parafiadebewielkie.pl\/index.php?rest_route=\/wp\/v2\/users\/1"}],"replies":[{"embeddable":true,"href":"https:\/\/parafiadebewielkie.pl\/index.php?rest_route=%2Fwp%2Fv2%2Fcomments&post=4947"}],"version-history":[{"count":18,"href":"https:\/\/parafiadebewielkie.pl\/index.php?rest_route=\/wp\/v2\/pages\/4947\/revisions"}],"predecessor-version":[{"id":4973,"href":"https:\/\/parafiadebewielkie.pl\/index.php?rest_route=\/wp\/v2\/pages\/4947\/revisions\/4973"}],"wp:attachment":[{"href":"https:\/\/parafiadebewielkie.pl\/index.php?rest_route=%2Fwp%2Fv2%2Fmedia&parent=4947"}],"curies":[{"name":"wp","href":"https:\/\/api.w.org\/{rel}","templated":true}]}}